{"id":22993205,"date":"2023-01-09T12:20:33","date_gmt":"2023-01-09T11:20:33","guid":{"rendered":"http:\/\/hubers-translation.aufwind.co.at\/valasztek\/szarazfoeldi-pulykak\/telikert\/"},"modified":"2026-03-10T13:53:01","modified_gmt":"2026-03-10T12:53:01","slug":"telikert","status":"publish","type":"page","link":"https:\/\/www.huberslandhendl.at\/hu\/valasztek\/szarazfoeldi-pulykak\/telikert\/","title":{"rendered":"T\u00e9likert"},"content":{"rendered":"\n<div class=\"et_pb_section_0 et_pb_section et_section_regular et_block_section\"><div class=\"et_pb_row_0 et_pb_row et-vb-row--no-module et_block_row\"><div class=\"et_pb_column_0 et_pb_column et_pb_column_4_4 et-last-child et_block_column et_pb_column_empty et_pb_css_mix_blend_mode_passthrough\"><\/div><\/div><div class=\"et_pb_row_1 et_pb_row et_pb_row_3-4_1-4 et_block_row et_block_row_3-4_1-4\"><div class=\"et_pb_column_1 et_pb_column et_pb_column_3_4 et_block_column et_pb_css_mix_blend_mode_passthrough\"><div class=\"dipi_dual_heading_0 dipi_dual_heading et_pb_bg_layout_light et_pb_module\"><div class=\"dipi-dual-heading \">\n                <h1 class=\"dipi-dh-main\">\n                    <span class=\"dipi-dh-first-heading\">\n                        <span class=\"dipi-dh-animation-container\">\n                            <span class=\"dipi-dh-bg-container\">\n                                <div>Szabad hely T\u00e9likert Pulyka<\/div>\n                            <\/span>\n                        <\/span>\n                    <\/span>\n                    <span class=\"dipi-dh-second-heading\">\n                        <span class=\"dipi-dh-animation-container\">\n                            <span class=\"dipi-dh-bg-container\">\n                                <div>Second<\/div>\n                            <\/span>\n                        <\/span>\n                    <\/span>\n                <\/h1>\n            <\/div><\/div><\/div><div class=\"et_pb_column_2 et_pb_column et_pb_column_1_4 et-last-child et_block_column et_pb_column_empty et_pb_css_mix_blend_mode_passthrough\"><\/div><\/div><div class=\"et_pb_row_2 et_pb_row et_block_row\"><div class=\"et_pb_column_3 et_pb_column et_pb_column_2_5 et_block_column et_pb_css_mix_blend_mode_passthrough\"><div class=\"et_pb_text_0 et_pb_text et_pb_bg_layout_light et_pb_module et_block_module\"><div class=\"et_pb_text_inner\"><p>A Hubers <strong>t\u00e9likertben tartott pulyk\u00e1k<\/strong> <strong>szabad tart\u00e1sa<\/strong> megfelel a n\u00e9met \u00e1llatj\u00f3l\u00e9ti el\u0151\u00edr\u00e1sok 3. tart\u00e1si t\u00edpus\u00e1nak (k\u00fclt\u00e9ri kl\u00edma).<\/p>\n<p>A speci\u00e1lisan kialak\u00edtott t\u00e9likertben az \u00fcvegh\u00e1zi pulyk\u00e1k t\u00f6bb friss leveg\u0151t \u00e9s napf\u00e9nyt \u00e9lveznek, mint a hagyom\u00e1nyos tart\u00e1sban tartott pulyk\u00e1k. A Hubers Landhendl \u00e1ltal kifejezetten a pulyk\u00e1k sz\u00e1m\u00e1ra kifejlesztett \u00e1llatj\u00f3l\u00e9ti programmal a v\u00e1llalat egy\u00e9rtelm\u0171 jelz\u00e9st k\u00fcld a nagyobb \u00e1llatj\u00f3l\u00e9t \u00e9rdek\u00e9ben, \u00e9s a szigor\u00fa sv\u00e1jci \u00e1llatteny\u00e9szt\u00e9si ir\u00e1nyelvek szerint j\u00e1r el.<\/p>\n<\/div><\/div><div class=\"et_pb_module et_pb_button_module_wrapper et_pb_button_0_wrapper\"><a class=\"et_pb_button_0 et_pb_button et_pb_bg_layout_light et_animated et_pb_module et_block_module\" href=\"https:\/\/hubers-tierwohl.at\" target=\"_blank\" data-icon=\"5\">Hubers \u00e1llatj\u00f3l\u00e9te<\/a><\/div><\/div><div class=\"et_pb_column_4 et_pb_column et_pb_column_3_5 et-last-child et_block_column et_pb_css_mix_blend_mode_passthrough\"><div class=\"dipi_image_mask_0 dipi_image_mask et_animated et_pb_bg_layout_light et_pb_module\"><div class=\"dipi-image-mask--mask\">\n                <svg width=\"100%\" height=\"100%\"  style=\"overflow:visible\" xmlns=\"http:\/\/www.w3.org\/2000\/svg\" xmlns:xlink=\"http:\/\/www.w3.org\/1999\/xlink\" viewBox=\"0 0 1000 1000\" aria-labelledby=\"alt-text-69f1ab0f3629c\" role=\"img\">\n                    <title id=\"alt-text-69f1ab0f3629c\">Hubers Landhendl<\/title>\n                    \n                    <style><\/style>\n                    \n                    \n                <g>\n                    \n                    <g>\n                        <defs>\n                            <mask id=\"SHAPE_1-69f1ab0f3628c\" fill=\"#fff\">\n                                <g style=\"transform-origin: center; transform: rotate(0deg) scale(1 , 1)\"> \n                                    <path d=\"M53.5 46.1h441.2v441.2H53.5zm458.7 458.7h441.2V946H512.2zm0-380.3h362.7v362.7H512.2zM131.3 505.4H494v362.7H131.3z\"\/>\n                                <\/g>\n                            <\/mask>\n                        <\/defs>\n                        \n        <g style=\"mask:url(#SHAPE_1-69f1ab0f3628c)\">\n            <image \n                style=\"overflow:visible\" \n                width=100%  \n                href=https:\/\/www.huberslandhendl.at\/wp-content\/uploads\/2023\/01\/intro-hubers-wintergarten-pute.jpg\n                transform=\"matrix(1 0 0 1 0 0)\"\n                preserveAspectRatio=\"none\"> \n            <\/image>\n        <\/g>\n                    <\/g>\n                <\/g>\n                    \n                <\/svg>\n            <\/div><\/div><\/div><\/div><\/div><div class=\"et_pb_section_1 et_pb_section et_section_regular et_block_section section_has_divider et_pb_top_divider\"><div class=\"et_pb_top_inside_divider et-no-transition\"><\/div><span class=\"et_pb_background_pattern\"><\/span><span class=\"et_pb_background_mask\"><\/span><div class=\"et_pb_row_3 et_pb_row et_block_row\"><div class=\"et_pb_column_5 et_pb_column et_pb_column_2_5 et_block_column et_pb_css_mix_blend_mode_passthrough\"><div class=\"et_pb_image_0 et_pb_image et_animated et_pb_module et_block_module\"><span class=\"et_pb_image_wrap\"><img loading=\"lazy\" decoding=\"async\" src=\"https:\/\/www.huberslandhendl.at\/wp-content\/uploads\/2023\/04\/HHH_5628.png\" width=\"600\" height=\"697\" srcset=\"https:\/\/www.huberslandhendl.at\/wp-content\/uploads\/2023\/04\/HHH_5628.png 600w, https:\/\/www.huberslandhendl.at\/wp-content\/uploads\/2023\/04\/HHH_5628-480x558.png 480w\" sizes=\"(min-width: 0px) and (max-width: 480px) 480px, (min-width: 481px) 600px, 100vw\" class=\"wp-image-22989100\" title=\"HHH_5628\" \/><\/span><\/div><\/div><div class=\"et_pb_column_6 et_pb_column et_pb_column_3_5 et-last-child et_block_column et_pb_css_mix_blend_mode_passthrough\"><div class=\"et_pb_text_1 et_pb_text et_pb_bg_layout_light et_pb_module et_block_module\"><div class=\"et_pb_text_inner\"><h2>Sok j\u00f3 ok az \u00fcvegh\u00e1zi pulyka mellett<\/h2>\n<\/div><\/div><div class=\"et_pb_blurb_0 et_pb_blurb et_pb_bg_layout_light et_pb_blurb_position_left et_animated et_pb_module et_block_module\"><div class=\"et_pb_blurb_content\"><div class=\"et_pb_main_blurb_image\"><span class=\"et_pb_image_wrap\"><span class=\"et-pb-icon et-waypoint et_pb_animation_top et_pb_animation_top_tablet et_pb_animation_top_phone\">\uf3a1<\/span><\/span><\/div><div class=\"et_pb_blurb_container\"><div class=\"et_pb_blurb_description\"><p>Foglalts\u00e1gi s\u0171r\u0171s\u00e9g: 30 %-kal t\u00f6bb hely a pulykakakasok sz\u00e1m\u00e1ra: 41 kg\/m2 \u00e9s a pulykaty\u00fakok sz\u00e1m\u00e1ra 37 kg\/m<sup>2<\/sup><sup><\/sup><\/p>\n<\/div><\/div><\/div><\/div><div class=\"et_pb_blurb_1 et_pb_blurb et_pb_bg_layout_light et_pb_blurb_position_left et_animated et_pb_module et_block_module\"><div class=\"et_pb_blurb_content\"><div class=\"et_pb_main_blurb_image\"><span class=\"et_pb_image_wrap\"><span class=\"et-pb-icon et-waypoint et_pb_animation_top et_pb_animation_top_tablet et_pb_animation_top_phone\">\uf3a1<\/span><\/span><\/div><div class=\"et_pb_blurb_container\"><div class=\"et_pb_blurb_description\"><p>Stabil t\u00e1jk\u00e9p a szomsz\u00e9dos t\u00e9likert vagy szabadt\u00e9ri kl\u00edmater\u00fclet mellett<\/p>\n<\/div><\/div><\/div><\/div><div class=\"et_pb_blurb_2 et_pb_blurb et_pb_bg_layout_light et_pb_blurb_position_left et_animated et_pb_module et_block_module\"><div class=\"et_pb_blurb_content\"><div class=\"et_pb_main_blurb_image\"><span class=\"et_pb_image_wrap\"><span class=\"et-pb-icon et-waypoint et_pb_animation_top et_pb_animation_top_tablet et_pb_animation_top_phone\">\uf3a1<\/span><\/span><\/div><div class=\"et_pb_blurb_container\"><div class=\"et_pb_blurb_description\"><p>Szerves aktivit\u00e1s\u00fa anyag<\/p>\n<\/div><\/div><\/div><\/div><div class=\"et_pb_blurb_3 et_pb_blurb et_pb_bg_layout_light et_pb_blurb_position_left et_animated et_pb_module et_block_module\"><div class=\"et_pb_blurb_content\"><div class=\"et_pb_main_blurb_image\"><span class=\"et_pb_image_wrap\"><span class=\"et-pb-icon et-waypoint et_pb_animation_top et_pb_animation_top_tablet et_pb_animation_top_phone\">\uf3a1<\/span><\/span><\/div><div class=\"et_pb_blurb_container\"><div class=\"et_pb_blurb_description\"><p>Takarm\u00e1nyok g\u00e9ntechnol\u00f3gia n\u00e9lk\u00fcl<\/p>\n<\/div><\/div><\/div><\/div><div class=\"et_pb_blurb_4 et_pb_blurb et_pb_bg_layout_light et_pb_blurb_position_left et_animated et_pb_module et_block_module\"><div class=\"et_pb_blurb_content\"><div class=\"et_pb_main_blurb_image\"><span class=\"et_pb_image_wrap\"><span class=\"et-pb-icon et-waypoint et_pb_animation_top et_pb_animation_top_tablet et_pb_animation_top_phone\">\uf3a1<\/span><\/span><\/div><div class=\"et_pb_blurb_container\"><div class=\"et_pb_blurb_description\"><p>\u00c9ves f\u00fcggetlen helysz\u00edni ellen\u0151rz\u00e9s \u00e9s egy tov\u00e1bbi, el\u0151re be nem jelentett pajtaellen\u0151rz\u00e9s.<\/p>\n<\/div><\/div><\/div><\/div><div class=\"et_pb_blurb_5 et_pb_blurb et_pb_bg_layout_light et_pb_blurb_position_left et_animated et_pb_module et_block_module\"><div class=\"et_pb_blurb_content\"><div class=\"et_pb_main_blurb_image\"><span class=\"et_pb_image_wrap\"><span class=\"et-pb-icon et-waypoint et_pb_animation_top et_pb_animation_top_tablet et_pb_animation_top_phone\">\uf3a1<\/span><\/span><\/div><div class=\"et_pb_blurb_container\"><div class=\"et_pb_blurb_description\"><p>R\u00e9szv\u00e9tel az \u00e1llat-eg\u00e9szs\u00e9g\u00fcgyi ellen\u0151rz\u00e9sben<\/p>\n<\/div><\/div><\/div><\/div><\/div><\/div><\/div><div class=\"et_pb_section_2 et_pb_section et_pb_fullwidth_section et_section_regular et_block_section et_pb_section_parallax section_has_divider et_pb_top_divider et_pb_bottom_divider\"><div class=\"et_pb_top_inside_divider et-no-transition\"><\/div><span class=\"et-pb-parallax-wrapper\"><span class=\"et-pb-parallax-background et-pb-parallax-background--css et-pb-parallax-background-module--divi-section-2\" style=\"background-image:url(https:\/\/www.huberslandhendl.at\/wp-content\/uploads\/2023\/02\/paralax-hubers-landhendl-pute-2.jpg)\"><\/span><\/span><div class=\"et_pb_bottom_inside_divider et-no-transition\"><\/div><\/div>\n","protected":false},"excerpt":{"rendered":"","protected":false},"author":1,"featured_media":0,"parent":22993197,"menu_order":0,"comment_status":"closed","ping_status":"closed","template":"","meta":{"_acf_changed":false,"wprm-recipe-roundup-name":"","wprm-recipe-roundup-description":"","footnotes":""},"dipi_cpt_category":[],"difl_page_category":[],"class_list":["post-22993205","page","type-page","status-publish","hentry"],"acf":[],"yoast_head":"<!-- This site is optimized with the Yoast SEO plugin v27.5 - https:\/\/yoast.com\/product\/yoast-seo-wordpress\/ -->\n<title>T\u00e9likert - Hubers Landhendl<\/title>\n<meta name=\"robots\" content=\"index, follow, max-snippet:-1, max-image-preview:large, max-video-preview:-1\" \/>\n<link rel=\"canonical\" href=\"https:\/\/www.huberslandhendl.at\/hu\/valasztek\/szarazfoeldi-pulykak\/telikert\/\" \/>\n<meta property=\"og:locale\" content=\"hu_HU\" \/>\n<meta property=\"og:type\" content=\"article\" \/>\n<meta property=\"og:title\" content=\"T\u00e9likert - Hubers Landhendl\" \/>\n<meta property=\"og:url\" content=\"https:\/\/www.huberslandhendl.at\/hu\/valasztek\/szarazfoeldi-pulykak\/telikert\/\" \/>\n<meta property=\"og:site_name\" content=\"Hubers Landhendl\" \/>\n<meta property=\"article:publisher\" content=\"https:\/\/www.facebook.com\/huberslandhendl\" \/>\n<meta property=\"article:modified_time\" content=\"2026-03-10T12:53:01+00:00\" \/>\n<meta name=\"twitter:card\" content=\"summary_large_image\" \/>\n<script type=\"application\/ld+json\" class=\"yoast-schema-graph\">{\"@context\":\"https:\\\/\\\/schema.org\",\"@graph\":[{\"@type\":\"WebPage\",\"@id\":\"https:\\\/\\\/www.huberslandhendl.at\\\/hu\\\/valasztek\\\/szarazfoeldi-pulykak\\\/telikert\\\/\",\"url\":\"https:\\\/\\\/www.huberslandhendl.at\\\/hu\\\/valasztek\\\/szarazfoeldi-pulykak\\\/telikert\\\/\",\"name\":\"T\u00e9likert - Hubers Landhendl\",\"isPartOf\":{\"@id\":\"https:\\\/\\\/www.huberslandhendl.at\\\/hu\\\/#website\"},\"datePublished\":\"2023-01-09T11:20:33+00:00\",\"dateModified\":\"2026-03-10T12:53:01+00:00\",\"breadcrumb\":{\"@id\":\"https:\\\/\\\/www.huberslandhendl.at\\\/hu\\\/valasztek\\\/szarazfoeldi-pulykak\\\/telikert\\\/#breadcrumb\"},\"inLanguage\":\"hu\",\"potentialAction\":[{\"@type\":\"ReadAction\",\"target\":[\"https:\\\/\\\/www.huberslandhendl.at\\\/hu\\\/valasztek\\\/szarazfoeldi-pulykak\\\/telikert\\\/\"]}]},{\"@type\":\"BreadcrumbList\",\"@id\":\"https:\\\/\\\/www.huberslandhendl.at\\\/hu\\\/valasztek\\\/szarazfoeldi-pulykak\\\/telikert\\\/#breadcrumb\",\"itemListElement\":[{\"@type\":\"ListItem\",\"position\":1,\"name\":\"Startseite\",\"item\":\"https:\\\/\\\/www.huberslandhendl.at\\\/hu\\\/\"},{\"@type\":\"ListItem\",\"position\":2,\"name\":\"V\u00e1laszt\u00e9k\",\"item\":\"https:\\\/\\\/www.huberslandhendl.at\\\/hu\\\/sortiment\\\/\"},{\"@type\":\"ListItem\",\"position\":3,\"name\":\"Sz\u00e1razf\u00f6ldi pulyk\u00e1k\",\"item\":\"https:\\\/\\\/www.huberslandhendl.at\\\/hu\\\/sortiment\\\/landpute\\\/\"},{\"@type\":\"ListItem\",\"position\":4,\"name\":\"T\u00e9likert\"}]},{\"@type\":\"WebSite\",\"@id\":\"https:\\\/\\\/www.huberslandhendl.at\\\/hu\\\/#website\",\"url\":\"https:\\\/\\\/www.huberslandhendl.at\\\/hu\\\/\",\"name\":\"Hubers Landhendl\",\"description\":\"\",\"publisher\":{\"@id\":\"https:\\\/\\\/www.huberslandhendl.at\\\/hu\\\/#organization\"},\"potentialAction\":[{\"@type\":\"SearchAction\",\"target\":{\"@type\":\"EntryPoint\",\"urlTemplate\":\"https:\\\/\\\/www.huberslandhendl.at\\\/hu\\\/?s={search_term_string}\"},\"query-input\":{\"@type\":\"PropertyValueSpecification\",\"valueRequired\":true,\"valueName\":\"search_term_string\"}}],\"inLanguage\":\"hu\"},{\"@type\":\"Organization\",\"@id\":\"https:\\\/\\\/www.huberslandhendl.at\\\/hu\\\/#organization\",\"name\":\"Hubers Landhendl\",\"url\":\"https:\\\/\\\/www.huberslandhendl.at\\\/hu\\\/\",\"logo\":{\"@type\":\"ImageObject\",\"inLanguage\":\"hu\",\"@id\":\"https:\\\/\\\/www.huberslandhendl.at\\\/hu\\\/#\\\/schema\\\/logo\\\/image\\\/\",\"url\":\"https:\\\/\\\/www.huberslandhendl.at\\\/wp-content\\\/uploads\\\/2023\\\/01\\\/logo-hubers-r.png\",\"contentUrl\":\"https:\\\/\\\/www.huberslandhendl.at\\\/wp-content\\\/uploads\\\/2023\\\/01\\\/logo-hubers-r.png\",\"width\":793,\"height\":339,\"caption\":\"Hubers Landhendl\"},\"image\":{\"@id\":\"https:\\\/\\\/www.huberslandhendl.at\\\/hu\\\/#\\\/schema\\\/logo\\\/image\\\/\"},\"sameAs\":[\"https:\\\/\\\/www.facebook.com\\\/huberslandhendl\"]}]}<\/script>\n<!-- \/ Yoast SEO plugin. -->","yoast_head_json":{"title":"T\u00e9likert - Hubers Landhendl","robots":{"index":"index","follow":"follow","max-snippet":"max-snippet:-1","max-image-preview":"max-image-preview:large","max-video-preview":"max-video-preview:-1"},"canonical":"https:\/\/www.huberslandhendl.at\/hu\/valasztek\/szarazfoeldi-pulykak\/telikert\/","og_locale":"hu_HU","og_type":"article","og_title":"T\u00e9likert - Hubers Landhendl","og_url":"https:\/\/www.huberslandhendl.at\/hu\/valasztek\/szarazfoeldi-pulykak\/telikert\/","og_site_name":"Hubers Landhendl","article_publisher":"https:\/\/www.facebook.com\/huberslandhendl","article_modified_time":"2026-03-10T12:53:01+00:00","twitter_card":"summary_large_image","schema":{"@context":"https:\/\/schema.org","@graph":[{"@type":"WebPage","@id":"https:\/\/www.huberslandhendl.at\/hu\/valasztek\/szarazfoeldi-pulykak\/telikert\/","url":"https:\/\/www.huberslandhendl.at\/hu\/valasztek\/szarazfoeldi-pulykak\/telikert\/","name":"T\u00e9likert - Hubers Landhendl","isPartOf":{"@id":"https:\/\/www.huberslandhendl.at\/hu\/#website"},"datePublished":"2023-01-09T11:20:33+00:00","dateModified":"2026-03-10T12:53:01+00:00","breadcrumb":{"@id":"https:\/\/www.huberslandhendl.at\/hu\/valasztek\/szarazfoeldi-pulykak\/telikert\/#breadcrumb"},"inLanguage":"hu","potentialAction":[{"@type":"ReadAction","target":["https:\/\/www.huberslandhendl.at\/hu\/valasztek\/szarazfoeldi-pulykak\/telikert\/"]}]},{"@type":"BreadcrumbList","@id":"https:\/\/www.huberslandhendl.at\/hu\/valasztek\/szarazfoeldi-pulykak\/telikert\/#breadcrumb","itemListElement":[{"@type":"ListItem","position":1,"name":"Startseite","item":"https:\/\/www.huberslandhendl.at\/hu\/"},{"@type":"ListItem","position":2,"name":"V\u00e1laszt\u00e9k","item":"https:\/\/www.huberslandhendl.at\/hu\/sortiment\/"},{"@type":"ListItem","position":3,"name":"Sz\u00e1razf\u00f6ldi pulyk\u00e1k","item":"https:\/\/www.huberslandhendl.at\/hu\/sortiment\/landpute\/"},{"@type":"ListItem","position":4,"name":"T\u00e9likert"}]},{"@type":"WebSite","@id":"https:\/\/www.huberslandhendl.at\/hu\/#website","url":"https:\/\/www.huberslandhendl.at\/hu\/","name":"Hubers Landhendl","description":"","publisher":{"@id":"https:\/\/www.huberslandhendl.at\/hu\/#organization"},"potentialAction":[{"@type":"SearchAction","target":{"@type":"EntryPoint","urlTemplate":"https:\/\/www.huberslandhendl.at\/hu\/?s={search_term_string}"},"query-input":{"@type":"PropertyValueSpecification","valueRequired":true,"valueName":"search_term_string"}}],"inLanguage":"hu"},{"@type":"Organization","@id":"https:\/\/www.huberslandhendl.at\/hu\/#organization","name":"Hubers Landhendl","url":"https:\/\/www.huberslandhendl.at\/hu\/","logo":{"@type":"ImageObject","inLanguage":"hu","@id":"https:\/\/www.huberslandhendl.at\/hu\/#\/schema\/logo\/image\/","url":"https:\/\/www.huberslandhendl.at\/wp-content\/uploads\/2023\/01\/logo-hubers-r.png","contentUrl":"https:\/\/www.huberslandhendl.at\/wp-content\/uploads\/2023\/01\/logo-hubers-r.png","width":793,"height":339,"caption":"Hubers Landhendl"},"image":{"@id":"https:\/\/www.huberslandhendl.at\/hu\/#\/schema\/logo\/image\/"},"sameAs":["https:\/\/www.facebook.com\/huberslandhendl"]}]}},"post_mailing_queue_ids":[],"_links":{"self":[{"href":"https:\/\/www.huberslandhendl.at\/hu\/wp-json\/wp\/v2\/pages\/22993205","targetHints":{"allow":["GET"]}}],"collection":[{"href":"https:\/\/www.huberslandhendl.at\/hu\/wp-json\/wp\/v2\/pages"}],"about":[{"href":"https:\/\/www.huberslandhendl.at\/hu\/wp-json\/wp\/v2\/types\/page"}],"author":[{"embeddable":true,"href":"https:\/\/www.huberslandhendl.at\/hu\/wp-json\/wp\/v2\/users\/1"}],"replies":[{"embeddable":true,"href":"https:\/\/www.huberslandhendl.at\/hu\/wp-json\/wp\/v2\/comments?post=22993205"}],"version-history":[{"count":8,"href":"https:\/\/www.huberslandhendl.at\/hu\/wp-json\/wp\/v2\/pages\/22993205\/revisions"}],"predecessor-version":[{"id":22996581,"href":"https:\/\/www.huberslandhendl.at\/hu\/wp-json\/wp\/v2\/pages\/22993205\/revisions\/22996581"}],"up":[{"embeddable":true,"href":"https:\/\/www.huberslandhendl.at\/hu\/wp-json\/wp\/v2\/pages\/22993197"}],"wp:attachment":[{"href":"https:\/\/www.huberslandhendl.at\/hu\/wp-json\/wp\/v2\/media?parent=22993205"}],"wp:term":[{"taxonomy":"dipi_cpt_category","embeddable":true,"href":"https:\/\/www.huberslandhendl.at\/hu\/wp-json\/wp\/v2\/dipi_cpt_category?post=22993205"},{"taxonomy":"difl_page_category","embeddable":true,"href":"https:\/\/www.huberslandhendl.at\/hu\/wp-json\/wp\/v2\/difl_page_category?post=22993205"}],"curies":[{"name":"wp","href":"https:\/\/api.w.org\/{rel}","templated":true}]}}