{"id":22993249,"date":"2023-01-30T08:43:20","date_gmt":"2023-01-30T07:43:20","guid":{"rendered":"http:\/\/hubers-translation.aufwind.co.at\/az-oeroem-vilaga\/"},"modified":"2026-03-10T13:53:30","modified_gmt":"2026-03-10T12:53:30","slug":"az-oeroem-vilaga","status":"publish","type":"page","link":"https:\/\/www.huberslandhendl.at\/hu\/az-oeroem-vilaga\/","title":{"rendered":"Az \u00f6r\u00f6m vil\u00e1ga"},"content":{"rendered":"\n<div class=\"et_pb_section_0 et_pb_section et_section_regular et_block_section noprint\"><div class=\"et_pb_row_0 et_pb_row et-vb-row--no-module et_block_row\"><div class=\"et_pb_column_0 et_pb_column et_pb_column_4_4 et-last-child et_block_column et_pb_column_empty et_pb_css_mix_blend_mode_passthrough\"><\/div><\/div><div class=\"et_pb_row_1 et_pb_row et_pb_row_3-4_1-4 et_block_row et_block_row_3-4_1-4\"><div class=\"et_pb_column_1 et_pb_column et_pb_column_3_4 et_block_column et_pb_css_mix_blend_mode_passthrough\"><div class=\"dipi_dual_heading_0 dipi_dual_heading et_pb_bg_layout_light et_pb_module\"><div class=\"dipi-dual-heading \">\n                <h1 class=\"dipi-dh-main\">\n                    <span class=\"dipi-dh-first-heading\">\n                        <span class=\"dipi-dh-animation-container\">\n                            <span class=\"dipi-dh-bg-container\">\n                                <div>Az \u00f6r\u00f6m vil\u00e1ga<\/div>\n                            <\/span>\n                        <\/span>\n                    <\/span>\n                    <span class=\"dipi-dh-second-heading\">\n                        <span class=\"dipi-dh-animation-container\">\n                            <span class=\"dipi-dh-bg-container\">\n                                <div>Second<\/div>\n                            <\/span>\n                        <\/span>\n                    <\/span>\n                <\/h1>\n            <\/div><\/div><\/div><div class=\"et_pb_column_2 et_pb_column et_pb_column_1_4 et-last-child et_block_column et_pb_column_empty et_pb_css_mix_blend_mode_passthrough\"><\/div><\/div><\/div><div class=\"et_pb_section_1 et_pb_section et_section_regular et_block_section noprint\"><div class=\"et_pb_row_2 et_pb_row et_block_row\"><div class=\"et_pb_column_3 et_pb_column et_pb_column_1_2 et_block_column et_pb_css_mix_blend_mode_passthrough\"><div class=\"et_pb_text_0 et_pb_text et_pb_bg_layout_light et_pb_module et_block_module\"><div class=\"et_pb_text_inner\"><h3>\u00c1lljon meg \u00e9s \u00e9lvezze<\/h3>\n<\/div><\/div><\/div><div class=\"et_pb_column_4 et_pb_column et_pb_column_1_2 et-last-child et_block_column et_pb_css_mix_blend_mode_passthrough\"><div class=\"et_pb_text_1 et_pb_text et_pb_bg_layout_light et_pb_module et_block_module\"><div class=\"et_pb_text_inner\"><p>A Hubers Genusswelt egy \u00fajonnan kialak\u00edtott, \u00e9lelmiszerboltot is mag\u00e1ban foglal\u00f3 \u00e9tterem, ahol nemcsak a dolgoz\u00f3k, hanem a helyiek \u00e9s az utaz\u00f3k is sz\u00edvesen meg\u00e1llnak eb\u00e9delni.<\/p>\n<p>A Genusswelt eg\u00e9sz nap meleg \u00e9teleket k\u00edn\u00e1l, \u00e9s hetente v\u00e1ltoz\u00f3 eb\u00e9dmen\u00fcvel, meleg csirke\u00e9telekkel \u00e9s h\u00e1zi sal\u00e1t\u00e1kkal v\u00e1rja a vend\u00e9geket.<\/p>\n<p>Az \u00edzletes csirke- \u00e9s pulykaterm\u00e9kek mellett a helyi \u00e9lelmiszerek \u00e9s a r\u00e9gi\u00f3 legfinomabb finoms\u00e1gainak sz\u00e9les v\u00e1laszt\u00e9ka v\u00e1rja, hogy megk\u00f3stolhassa, megv\u00e1s\u00e1rolhassa \u00e9s elvihesse.<\/p>\n<\/div><\/div><\/div><\/div><div class=\"et_pb_row_3 et_pb_row et_block_row\"><div class=\"et_pb_column_5 et_pb_column et_pb_column_4_4 et-last-child et_block_column et_pb_css_mix_blend_mode_passthrough\"><div class=\"et_pb_divider_0 et_pb_divider et_pb_space et_pb_divider_position_center et_pb_module\"><div class=\"et_pb_divider_internal\"><\/div><\/div><\/div><\/div><div class=\"et_pb_row_4 et_pb_row et_block_row\"><div class=\"et_pb_column_6 et_pb_column et_pb_column_1_2 et_block_column et_pb_css_mix_blend_mode_passthrough\"><div class=\"et_pb_blurb_0 et_pb_blurb et_pb_bg_layout_light et_pb_blurb_position_left et_pb_module et_block_module\"><div class=\"et_pb_blurb_content\"><div class=\"et_pb_main_blurb_image\"><span class=\"et_pb_image_wrap\"><span class=\"et-pb-icon et-waypoint et_pb_animation_top et_pb_animation_top_tablet et_pb_animation_top_phone\">\uf64a<\/span><\/span><\/div><div class=\"et_pb_blurb_container\"><h4 class=\"et_pb_module_header\">Nyitva tart\u00e1s<\/h4><\/div><\/div><\/div><div class=\"et_pb_code_0 et_pb_code et_pb_module\"><div class=\"et_pb_code_inner\"><table class=\"mabel-bhi-businesshours\"><tr ><td>h\u00e9tf\u00f5<\/td><td>8:00 &mdash; 18:00<\/td><\/tr><tr class=\"mbhi-is-current\"><td>kedd<\/td><td>8:00 &mdash; 18:00<\/td><\/tr><tr ><td>szerda<\/td><td>8:00 &mdash; 18:00<\/td><\/tr><tr ><td>cs\u00fct\u00f6rt\u00f6k<\/td><td>8:00 &mdash; 18:00<\/td><\/tr><tr ><td>p\u00e9ntek<\/td><td>8:00 &mdash; 18:00<\/td><\/tr><tr ><td>szombat<\/td><td>8:00 &mdash; 13:00<\/td><\/tr><tr ><td>vas\u00e1rnap<\/td><td>Z\u00e1rva<\/td><\/tr><\/table><\/div><\/div><\/div><div class=\"et_pb_column_7 et_pb_column et_pb_column_1_2 et-last-child et_block_column et_pb_css_mix_blend_mode_passthrough\"><div class=\"dipi_fancy_text_0 dipi_fancy_text et_pb_bg_layout_light et_pb_module\"><div class=\"dipi-fancy-text-container\" data-config=\"{&quot;animation_start&quot;:&quot;in_a_viewport&quot;,&quot;animation_start_viewport&quot;:&quot;75%&quot;,&quot;animation_only_once&quot;:&quot;off&quot;,&quot;item_count&quot;:1}\">\n                <h3 class=\"fancy-text\">\n                    <div class=\"fancy-text-prefix\">El\u0151rendel\u00e9shez sz\u00fcks\u00e9ges telefonsz\u00e1m: <\/div><div class=\"fancy-text-wrap\" data-in-animation='bounceIn' data-out-animation='bounceOut' data-speed='2500' data-duration='500'>\n\t\t\t\t<div class=\"dipi_fancy_text_child_0\">+43 (0) 7742 \/ 32 08 \u2013 166<\/div><\/div><div class=\"fancy-text-suffix\"><\/div>\n                <\/h3>\n            <\/div><\/div><div class=\"dipi_fancy_text_1 dipi_fancy_text et_pb_bg_layout_light et_pb_module\"><div class=\"dipi-fancy-text-container\" data-config=\"{&quot;animation_start&quot;:&quot;in_a_viewport&quot;,&quot;animation_start_viewport&quot;:&quot;75%&quot;,&quot;animation_only_once&quot;:&quot;off&quot;,&quot;item_count&quot;:1}\">\n                <h3 class=\"fancy-text\">\n                    <div class=\"fancy-text-prefix\">El\u0151rendel\u00e9sekhez e-mail c\u00edm:<\/div><div class=\"fancy-text-wrap\" data-in-animation='bounceIn' data-out-animation='bounceOut' data-speed='2500' data-duration='500'>\n\t\t\t\t<div class=\"dipi_fancy_text_child_1\">genusswelt@huberslandhendl.at<\/div><\/div><div class=\"fancy-text-suffix\"><\/div>\n                <\/h3>\n            <\/div><\/div><div class=\"dipi_fancy_text_2 dipi_fancy_text et_pb_bg_layout_light et_pb_module\"><div class=\"dipi-fancy-text-container\" data-config=\"{&quot;animation_start&quot;:&quot;in_a_viewport&quot;,&quot;animation_start_viewport&quot;:&quot;75%&quot;,&quot;animation_only_once&quot;:&quot;off&quot;,&quot;item_count&quot;:1}\">\n                <h3 class=\"fancy-text\">\n                    <div class=\"fancy-text-prefix\">Tov\u00e1bbi inform\u00e1ci\u00f3 a<\/div><div class=\"fancy-text-wrap\" data-in-animation='zoomIn' data-out-animation='fadeOut' data-speed='2500' data-duration='500'>\n\t\t\t\t<div class=\"dipi_fancy_text_child_2\">www.hubers-genusswelt.at<\/div><\/div><div class=\"fancy-text-suffix\"><\/div>\n                <\/h3>\n            <\/div><\/div><\/div><\/div><\/div><div class=\"et_pb_section_2 et_pb_section et_section_regular et_block_section\" id=\"wochenmenu\"><div class=\"et_pb_row_5 et_pb_row et_block_row noprint\"><div class=\"et_pb_column_8 et_pb_column et_pb_column_4_4 et-last-child et_block_column et_pb_css_mix_blend_mode_passthrough\"><div class=\"et_pb_blurb_1 et_pb_blurb et_pb_bg_layout_light et_pb_text_align_center et_pb_blurb_position_top et_pb_module et_block_module\"><div class=\"et_pb_blurb_content\"><div class=\"et_pb_blurb_container\"><h3 class=\"et_pb_module_header\">Eb\u00e9d men\u00fc<\/h3><div class=\"et_pb_blurb_description\"><h3>Mi a mai nap k\u00fcl\u00f6nlegess\u00e9ge?<\/h3>\n<p>Kreat\u00edv konyhai csapatunk rendszeresen v\u00e1ltozatos \u00e9telekkel \u00e1ll el\u0151, amelyek v\u00e1ltozatoss\u00e1got biztos\u00edtanak az eb\u00e9did\u0151ben. Nyitottak \u00e9s fog\u00e9konyak vagyunk a javaslatokra \u00e9s \u00f6tletekre, csak \u00edrjon nek\u00fcnk: <a href=\"mailto:genusswelt@huberslandhendl.at\" target=\"_blank\" rel=\"noopener\">genusswelt@huberslandhendl.at<\/a>.<\/p>\n<\/div><\/div><\/div><\/div><\/div><\/div><div class=\"et_pb_row_6 et_pb_row et_block_row\"><div class=\"et_pb_column_9 et_pb_column et_pb_column_4_4 et-last-child et_block_column et_pb_css_mix_blend_mode_passthrough\"><div class=\"et_pb_code_1 et_pb_code et_pb_module\"><div class=\"et_pb_code_inner\"><style>\n       .errordiv { padding:10px; margin:10px; border: 1px solid #555555;color: #000000;background-color: #f8f8f8; width:500px; }#advanced_iframe {visibility:visible;opacity:1;vertical-align:top;}.ai-info-bottom-iframe { position: fixed; z-index: 10000; bottom:0; left: 0; margin: 0px; text-align: center; width: 100%; background-color: #ff9999; padding-left: 5px;padding-bottom: 5px; border-top: 1px solid #aaa } a.ai-bold {font-weight: bold;}#ai-layer-div-advanced_iframe p {height:100%;margin:0;padding:0}<\/style><script type=\"text\/javascript\">var ai_iframe_width_advanced_iframe = 0;var ai_iframe_height_advanced_iframe = 0;var aiOnloadScrollTop=\"true\";var aiShowDebug=false;\n\t\tif (typeof aiReadyCallbacks === 'undefined') {\n\t\t\tvar aiReadyCallbacks = [];\n\t\t} else if (!(aiReadyCallbacks instanceof Array)) {\n\t\t\tvar aiReadyCallbacks = [];\n\t\t}    function aiShowIframeId(id_iframe) { jQuery(\"#\"+id_iframe).css(\"visibility\", \"visible\");    }    function aiResizeIframeHeight(height) { aiResizeIframeHeight(height,advanced_iframe); }    function aiResizeIframeHeightId(height,width,id) {aiResizeIframeHeightById(id,height);}<\/script><iframe id=\"advanced_iframe\"  name=\"advanced_iframe\"  src=\"https:\/\/hubers-genusswelt.at\/clean-menu\/\"  width=\"100%\"  height=\"1500\"  scrolling=\"no\"  frameborder=\"0\"  border=\"0\"  allowtransparency=\"true\"  loading=\"lazy\"  style=\";border-width: 0px;;border: none;;width:100%;;height:1500px;\" ><\/iframe><script type=\"text\/javascript\">var ifrm_advanced_iframe = document.getElementById(\"advanced_iframe\");var hiddenTabsDoneadvanced_iframe = false;\nfunction resizeCallbackadvanced_iframe() {}<\/script><script type=\"text\/javascript\"><\/script><\/div><\/div><\/div><\/div><div class=\"et_pb_row_7 et_pb_row et_block_row\"><div class=\"et_pb_column_10 et_pb_column et_pb_column_4_4 et-last-child et_block_column et_pb_css_mix_blend_mode_passthrough\"><div class=\"et_pb_code_2 et_pb_code et_pb_text_align_right et_pb_module noprint\"><div class=\"et_pb_code_inner\"><a href=\"#\" onclick=\"fnPrintPage();\"><img decoding=\"async\" class=\"mpdruck\" src=\"https:\/\/www.huberslandhendl.at\/wp-content\/uploads\/2023\/02\/ikon-mp-druck.jpg\"><\/a><\/div><\/div><\/div><\/div><\/div>\n","protected":false},"excerpt":{"rendered":"","protected":false},"author":1,"featured_media":0,"parent":0,"menu_order":0,"comment_status":"closed","ping_status":"closed","template":"","meta":{"_acf_changed":false,"wprm-recipe-roundup-name":"","wprm-recipe-roundup-description":"","footnotes":""},"dipi_cpt_category":[],"difl_page_category":[],"class_list":["post-22993249","page","type-page","status-publish","hentry"],"acf":[],"yoast_head":"<!-- This site is optimized with the Yoast SEO plugin v27.4 - https:\/\/yoast.com\/product\/yoast-seo-wordpress\/ -->\n<title>Az \u00f6r\u00f6m vil\u00e1ga - Hubers Landhendl<\/title>\n<meta name=\"robots\" content=\"index, follow, max-snippet:-1, max-image-preview:large, max-video-preview:-1\" \/>\n<link rel=\"canonical\" href=\"https:\/\/www.huberslandhendl.at\/hu\/az-oeroem-vilaga\/\" \/>\n<meta property=\"og:locale\" content=\"hu_HU\" \/>\n<meta property=\"og:type\" content=\"article\" \/>\n<meta property=\"og:title\" content=\"Az \u00f6r\u00f6m vil\u00e1ga - Hubers Landhendl\" \/>\n<meta property=\"og:url\" content=\"https:\/\/www.huberslandhendl.at\/hu\/az-oeroem-vilaga\/\" \/>\n<meta property=\"og:site_name\" content=\"Hubers Landhendl\" \/>\n<meta property=\"article:publisher\" content=\"https:\/\/www.facebook.com\/huberslandhendl\" \/>\n<meta property=\"article:modified_time\" content=\"2026-03-10T12:53:30+00:00\" \/>\n<meta name=\"twitter:card\" content=\"summary_large_image\" \/>\n<script type=\"application\/ld+json\" class=\"yoast-schema-graph\">{\"@context\":\"https:\\\/\\\/schema.org\",\"@graph\":[{\"@type\":\"WebPage\",\"@id\":\"https:\\\/\\\/www.huberslandhendl.at\\\/hu\\\/az-oeroem-vilaga\\\/\",\"url\":\"https:\\\/\\\/www.huberslandhendl.at\\\/hu\\\/az-oeroem-vilaga\\\/\",\"name\":\"Az \u00f6r\u00f6m vil\u00e1ga - Hubers Landhendl\",\"isPartOf\":{\"@id\":\"https:\\\/\\\/www.huberslandhendl.at\\\/hu\\\/#website\"},\"datePublished\":\"2023-01-30T07:43:20+00:00\",\"dateModified\":\"2026-03-10T12:53:30+00:00\",\"breadcrumb\":{\"@id\":\"https:\\\/\\\/www.huberslandhendl.at\\\/hu\\\/az-oeroem-vilaga\\\/#breadcrumb\"},\"inLanguage\":\"hu\",\"potentialAction\":[{\"@type\":\"ReadAction\",\"target\":[\"https:\\\/\\\/www.huberslandhendl.at\\\/hu\\\/az-oeroem-vilaga\\\/\"]}]},{\"@type\":\"BreadcrumbList\",\"@id\":\"https:\\\/\\\/www.huberslandhendl.at\\\/hu\\\/az-oeroem-vilaga\\\/#breadcrumb\",\"itemListElement\":[{\"@type\":\"ListItem\",\"position\":1,\"name\":\"Startseite\",\"item\":\"https:\\\/\\\/www.huberslandhendl.at\\\/hu\\\/\"},{\"@type\":\"ListItem\",\"position\":2,\"name\":\"Az \u00f6r\u00f6m vil\u00e1ga\"}]},{\"@type\":\"WebSite\",\"@id\":\"https:\\\/\\\/www.huberslandhendl.at\\\/hu\\\/#website\",\"url\":\"https:\\\/\\\/www.huberslandhendl.at\\\/hu\\\/\",\"name\":\"Hubers Landhendl\",\"description\":\"\",\"publisher\":{\"@id\":\"https:\\\/\\\/www.huberslandhendl.at\\\/hu\\\/#organization\"},\"potentialAction\":[{\"@type\":\"SearchAction\",\"target\":{\"@type\":\"EntryPoint\",\"urlTemplate\":\"https:\\\/\\\/www.huberslandhendl.at\\\/hu\\\/?s={search_term_string}\"},\"query-input\":{\"@type\":\"PropertyValueSpecification\",\"valueRequired\":true,\"valueName\":\"search_term_string\"}}],\"inLanguage\":\"hu\"},{\"@type\":\"Organization\",\"@id\":\"https:\\\/\\\/www.huberslandhendl.at\\\/hu\\\/#organization\",\"name\":\"Hubers Landhendl\",\"url\":\"https:\\\/\\\/www.huberslandhendl.at\\\/hu\\\/\",\"logo\":{\"@type\":\"ImageObject\",\"inLanguage\":\"hu\",\"@id\":\"https:\\\/\\\/www.huberslandhendl.at\\\/hu\\\/#\\\/schema\\\/logo\\\/image\\\/\",\"url\":\"https:\\\/\\\/www.huberslandhendl.at\\\/wp-content\\\/uploads\\\/2023\\\/01\\\/logo-hubers-r.png\",\"contentUrl\":\"https:\\\/\\\/www.huberslandhendl.at\\\/wp-content\\\/uploads\\\/2023\\\/01\\\/logo-hubers-r.png\",\"width\":793,\"height\":339,\"caption\":\"Hubers Landhendl\"},\"image\":{\"@id\":\"https:\\\/\\\/www.huberslandhendl.at\\\/hu\\\/#\\\/schema\\\/logo\\\/image\\\/\"},\"sameAs\":[\"https:\\\/\\\/www.facebook.com\\\/huberslandhendl\"]}]}<\/script>\n<!-- \/ Yoast SEO plugin. -->","yoast_head_json":{"title":"Az \u00f6r\u00f6m vil\u00e1ga - Hubers Landhendl","robots":{"index":"index","follow":"follow","max-snippet":"max-snippet:-1","max-image-preview":"max-image-preview:large","max-video-preview":"max-video-preview:-1"},"canonical":"https:\/\/www.huberslandhendl.at\/hu\/az-oeroem-vilaga\/","og_locale":"hu_HU","og_type":"article","og_title":"Az \u00f6r\u00f6m vil\u00e1ga - Hubers Landhendl","og_url":"https:\/\/www.huberslandhendl.at\/hu\/az-oeroem-vilaga\/","og_site_name":"Hubers Landhendl","article_publisher":"https:\/\/www.facebook.com\/huberslandhendl","article_modified_time":"2026-03-10T12:53:30+00:00","twitter_card":"summary_large_image","schema":{"@context":"https:\/\/schema.org","@graph":[{"@type":"WebPage","@id":"https:\/\/www.huberslandhendl.at\/hu\/az-oeroem-vilaga\/","url":"https:\/\/www.huberslandhendl.at\/hu\/az-oeroem-vilaga\/","name":"Az \u00f6r\u00f6m vil\u00e1ga - Hubers Landhendl","isPartOf":{"@id":"https:\/\/www.huberslandhendl.at\/hu\/#website"},"datePublished":"2023-01-30T07:43:20+00:00","dateModified":"2026-03-10T12:53:30+00:00","breadcrumb":{"@id":"https:\/\/www.huberslandhendl.at\/hu\/az-oeroem-vilaga\/#breadcrumb"},"inLanguage":"hu","potentialAction":[{"@type":"ReadAction","target":["https:\/\/www.huberslandhendl.at\/hu\/az-oeroem-vilaga\/"]}]},{"@type":"BreadcrumbList","@id":"https:\/\/www.huberslandhendl.at\/hu\/az-oeroem-vilaga\/#breadcrumb","itemListElement":[{"@type":"ListItem","position":1,"name":"Startseite","item":"https:\/\/www.huberslandhendl.at\/hu\/"},{"@type":"ListItem","position":2,"name":"Az \u00f6r\u00f6m vil\u00e1ga"}]},{"@type":"WebSite","@id":"https:\/\/www.huberslandhendl.at\/hu\/#website","url":"https:\/\/www.huberslandhendl.at\/hu\/","name":"Hubers Landhendl","description":"","publisher":{"@id":"https:\/\/www.huberslandhendl.at\/hu\/#organization"},"potentialAction":[{"@type":"SearchAction","target":{"@type":"EntryPoint","urlTemplate":"https:\/\/www.huberslandhendl.at\/hu\/?s={search_term_string}"},"query-input":{"@type":"PropertyValueSpecification","valueRequired":true,"valueName":"search_term_string"}}],"inLanguage":"hu"},{"@type":"Organization","@id":"https:\/\/www.huberslandhendl.at\/hu\/#organization","name":"Hubers Landhendl","url":"https:\/\/www.huberslandhendl.at\/hu\/","logo":{"@type":"ImageObject","inLanguage":"hu","@id":"https:\/\/www.huberslandhendl.at\/hu\/#\/schema\/logo\/image\/","url":"https:\/\/www.huberslandhendl.at\/wp-content\/uploads\/2023\/01\/logo-hubers-r.png","contentUrl":"https:\/\/www.huberslandhendl.at\/wp-content\/uploads\/2023\/01\/logo-hubers-r.png","width":793,"height":339,"caption":"Hubers Landhendl"},"image":{"@id":"https:\/\/www.huberslandhendl.at\/hu\/#\/schema\/logo\/image\/"},"sameAs":["https:\/\/www.facebook.com\/huberslandhendl"]}]}},"post_mailing_queue_ids":[],"_links":{"self":[{"href":"https:\/\/www.huberslandhendl.at\/hu\/wp-json\/wp\/v2\/pages\/22993249","targetHints":{"allow":["GET"]}}],"collection":[{"href":"https:\/\/www.huberslandhendl.at\/hu\/wp-json\/wp\/v2\/pages"}],"about":[{"href":"https:\/\/www.huberslandhendl.at\/hu\/wp-json\/wp\/v2\/types\/page"}],"author":[{"embeddable":true,"href":"https:\/\/www.huberslandhendl.at\/hu\/wp-json\/wp\/v2\/users\/1"}],"replies":[{"embeddable":true,"href":"https:\/\/www.huberslandhendl.at\/hu\/wp-json\/wp\/v2\/comments?post=22993249"}],"version-history":[{"count":10,"href":"https:\/\/www.huberslandhendl.at\/hu\/wp-json\/wp\/v2\/pages\/22993249\/revisions"}],"predecessor-version":[{"id":22996605,"href":"https:\/\/www.huberslandhendl.at\/hu\/wp-json\/wp\/v2\/pages\/22993249\/revisions\/22996605"}],"wp:attachment":[{"href":"https:\/\/www.huberslandhendl.at\/hu\/wp-json\/wp\/v2\/media?parent=22993249"}],"wp:term":[{"taxonomy":"dipi_cpt_category","embeddable":true,"href":"https:\/\/www.huberslandhendl.at\/hu\/wp-json\/wp\/v2\/dipi_cpt_category?post=22993249"},{"taxonomy":"difl_page_category","embeddable":true,"href":"https:\/\/www.huberslandhendl.at\/hu\/wp-json\/wp\/v2\/difl_page_category?post=22993249"}],"curies":[{"name":"wp","href":"https:\/\/api.w.org\/{rel}","templated":true}]}}