{"id":22993259,"date":"2023-01-09T12:18:22","date_gmt":"2023-01-09T11:18:22","guid":{"rendered":"http:\/\/hubers-translation.aufwind.co.at\/fenntarthatosag\/"},"modified":"2026-03-10T13:52:13","modified_gmt":"2026-03-10T12:52:13","slug":"fenntarthatosag","status":"publish","type":"page","link":"https:\/\/www.huberslandhendl.at\/hu\/fenntarthatosag\/","title":{"rendered":"Fenntarthat\u00f3s\u00e1g"},"content":{"rendered":"\n<div class=\"et_pb_section_0 et_pb_section et_section_regular et_block_section\"><div class=\"et_pb_row_0 et_pb_row et-vb-row--no-module et_block_row\"><div class=\"et_pb_column_0 et_pb_column et_pb_column_4_4 et-last-child et_block_column et_pb_column_empty et_pb_css_mix_blend_mode_passthrough\"><\/div><\/div><div class=\"et_pb_row_1 et_pb_row et_pb_row_3-4_1-4 et_block_row et_block_row_3-4_1-4\"><div class=\"et_pb_column_1 et_pb_column et_pb_column_3_4 et_block_column et_pb_css_mix_blend_mode_passthrough\"><div class=\"dipi_dual_heading_0 dipi_dual_heading et_pb_bg_layout_light et_pb_module\"><div class=\"dipi-dual-heading \">\n                <h1 class=\"dipi-dh-main\">\n                    <span class=\"dipi-dh-first-heading\">\n                        <span class=\"dipi-dh-animation-container\">\n                            <span class=\"dipi-dh-bg-container\">\n                                <div>Fenntarthat\u00f3s\u00e1g<\/div>\n                            <\/span>\n                        <\/span>\n                    <\/span>\n                    <span class=\"dipi-dh-second-heading\">\n                        <span class=\"dipi-dh-animation-container\">\n                            <span class=\"dipi-dh-bg-container\">\n                                <div>Second<\/div>\n                            <\/span>\n                        <\/span>\n                    <\/span>\n                <\/h1>\n            <\/div><\/div><\/div><div class=\"et_pb_column_2 et_pb_column et_pb_column_1_4 et-last-child et_block_column et_pb_column_empty et_pb_css_mix_blend_mode_passthrough\"><\/div><\/div><\/div><div class=\"et_pb_section_1 et_pb_section et_section_regular et_block_section\"><div class=\"et_pb_row_2 et_pb_row et_block_row custom_row\"><div class=\"et_pb_column_3 et_pb_column et_pb_column_2_5 et_block_column et_pb_css_mix_blend_mode_passthrough second-on-mobile\"><div class=\"et_pb_text_0 et_pb_text et_pb_bg_layout_light et_pb_module et_block_module\"><div class=\"et_pb_text_inner\"><h2>K\u00f6rnyezet \u00e9s er\u0151forr\u00e1sok<\/h2>\n<\/div><\/div><div class=\"et_pb_text_1 et_pb_text et_pb_bg_layout_light et_pb_module et_block_module\"><div class=\"et_pb_text_inner\"><p>A Hubers Landhendl \u00e9s a S\u00fcddeutsche Truthahn AG tudat\u00e1ban van \u00f6kol\u00f3giai l\u00e1bnyom\u00e1nak \u00e9s a v\u00edz, a talaj, a leveg\u0151 \u00e9s az \u00e1llatok term\u00e9szeti er\u0151forr\u00e1saira gyakorolt hat\u00e1sainak. Ez\u00e9rt term\u00e9keink megfelelnek a minim\u00e1lis szoci\u00e1lis vagy \u00f6kol\u00f3giai k\u00f6vetelm\u00e9nyeknek, \u00e9s hozz\u00e1adott \u00e9rt\u00e9ket ny\u00fajtanak az \u00f6kol\u00f3gia, a szoci\u00e1lis k\u00e9rd\u00e9sek \u00e9s az \u00e1llatj\u00f3l\u00e9t szempontj\u00e1b\u00f3l is. <\/p>\n<p>A brojlercsirk\u00e9k eset\u00e9ben a Hubers Landhendl kiz\u00e1r\u00f3lag olyan eur\u00f3pai sz\u00f3j\u00e1t. Brazil sz\u00f3j\u00e1t csak az eur\u00f3pai ell\u00e1t\u00e1si l\u00e1ncban fell\u00e9p\u0151 sz\u0171k keresztmetszetek eset\u00e9n haszn\u00e1lnak fel. Ennek azonban a ProTerra szabv\u00e1ny szerint tan\u00fas\u00edtottnak \u00e9s GMO-mentesnek kell lennie.<\/p>\n<p>A Hubers Landhendl azt a c\u00e9lt is kit\u0171zte maga el\u00e9, hogy p\u00e1lmaolajmentess\u00e9 v\u00e1ljon. A repceolaj felhaszn\u00e1l\u00e1s\u00e1val 2022-re m\u00e1r a fel\u00e9re cs\u00f6kkentett\u00e9k a p\u00e1lmaolaj-fogyaszt\u00e1st. <span style=\"text-decoration: line-through;\"><\/span><\/p>\n<\/div><\/div><\/div><div class=\"et_pb_column_4 et_pb_column et_pb_column_3_5 et-last-child et_block_column et_pb_css_mix_blend_mode_passthrough first-on-mobile\"><div class=\"dipi_image_mask_0 dipi_image_mask et_animated et_pb_bg_layout_light et_pb_module\"><div class=\"dipi-image-mask--mask\">\n                <svg width=\"100%\" height=\"100%\"  style=\"overflow:visible\" xmlns=\"http:\/\/www.w3.org\/2000\/svg\" xmlns:xlink=\"http:\/\/www.w3.org\/1999\/xlink\" viewBox=\"0 0 1000 1000\" aria-labelledby=\"alt-text-69e0f4f552f9e\" role=\"img\">\n                    <title id=\"alt-text-69e0f4f552f9e\">K\u00f6rnyezet \u00e9s er\u0151forr\u00e1sok<\/title>\n                    \n                    <style><\/style>\n                    \n                    \n                <g>\n                    \n                    <g>\n                        <defs>\n                            <mask id=\"SHAPE_1-69e0f4f552f90\" fill=\"#fff\">\n                                <g style=\"transform-origin: center; transform: rotate(0deg) scale(1 , 1)\"> \n                                    <path d=\"M53.5 46.1h441.2v441.2H53.5zm458.7 458.7h441.2V946H512.2zm0-380.3h362.7v362.7H512.2zM131.3 505.4H494v362.7H131.3z\"\/>\n                                <\/g>\n                            <\/mask>\n                        <\/defs>\n                        \n        <g style=\"mask:url(#SHAPE_1-69e0f4f552f90)\">\n            <image \n                style=\"overflow:visible\" \n                width=100%  \n                href=https:\/\/www.huberslandhendl.at\/wp-content\/uploads\/2023\/02\/intro-hubers-landhendl-nachhaltigkeit.jpg\n                transform=\"matrix(1 0 0 1 0 0)\"\n                preserveAspectRatio=\"none\"> \n            <\/image>\n        <\/g>\n                    <\/g>\n                <\/g>\n                    \n                <\/svg>\n            <\/div><\/div><\/div><\/div><\/div><div class=\"et_pb_section_2 et_pb_section et_section_regular et_block_section section_has_divider et_pb_top_divider et_pb_bottom_divider\"><div class=\"et_pb_top_inside_divider et-no-transition\"><\/div><div class=\"et_pb_row_3 et_pb_row et_block_row\"><div class=\"et_pb_column_5 et_pb_column et_pb_column_3_5 et_block_column et_pb_css_mix_blend_mode_passthrough\"><div class=\"dipi_image_mask_1 dipi_image_mask et_animated et_pb_bg_layout_light et_pb_module\"><div class=\"dipi-image-mask--mask\">\n                <svg width=\"100%\" height=\"100%\"  style=\"overflow:visible\" xmlns=\"http:\/\/www.w3.org\/2000\/svg\" xmlns:xlink=\"http:\/\/www.w3.org\/1999\/xlink\" viewBox=\"0 0 1000 1000\" aria-labelledby=\"alt-text-69e0f4f55508c\" role=\"img\">\n                    <title id=\"alt-text-69e0f4f55508c\">Kl\u00edmasemlegess\u00e9g<\/title>\n                    \n                    <style><\/style>\n                    \n                    \n                <g>\n                    \n                    <g>\n                        <defs>\n                            <mask id=\"SHAPE_2-69e0f4f555085\" fill=\"#fff\">\n                                <g style=\"transform-origin: center; transform: rotate(0deg) scale(1 , 1)\"> \n                                    <path d=\"M53.5 46.1h441.2v441.2H53.5zm458.7 458.7h441.2V946H512.2zm0-380.3h362.7v362.7H512.2zM131.3 505.4H494v362.7H131.3z\"\/>\n                                <\/g>\n                            <\/mask>\n                        <\/defs>\n                        \n        <g style=\"mask:url(#SHAPE_2-69e0f4f555085)\">\n            <image \n                style=\"overflow:visible\" \n                width=100%  \n                href=https:\/\/www.huberslandhendl.at\/wp-content\/uploads\/2023\/06\/huberslandhendl-pv_anlagen.jpg\n                transform=\"matrix(1 0 0 1 0 0)\"\n                preserveAspectRatio=\"none\"> \n            <\/image>\n        <\/g>\n                    <\/g>\n                <\/g>\n                    \n                <\/svg>\n            <\/div><\/div><\/div><div class=\"et_pb_column_6 et_pb_column et_pb_column_2_5 et-last-child et_block_column et_pb_css_mix_blend_mode_passthrough\"><div class=\"et_pb_text_2 et_pb_text et_pb_bg_layout_light et_pb_module et_block_module\"><div class=\"et_pb_text_inner\"><h2>Kl\u00edmasemlegess\u00e9g<\/h2>\n<\/div><\/div><div class=\"et_pb_text_3 et_pb_text et_pb_bg_layout_light et_pb_module et_block_module\"><div class=\"et_pb_text_inner\"><p>A kl\u00edmav\u00e9delem nem csak \u00fcres szlogen sz\u00e1munkra; 100%-ban meg\u00fajul\u00f3 energi\u00e1t haszn\u00e1lunk. \u00cdgy v\u00e9dj\u00fck a k\u00f6rnyezetet, \u00e9s hozz\u00e1j\u00e1rulunk ahhoz, hogy mindannyiunk sz\u00e1m\u00e1ra \u00e9lhet\u0151 legyen a j\u00f6v\u0151.<\/p>\n<p>Mind a Hubers Landhendl, mind a S\u00fcddeutsche Truthahn AG tov\u00e1bb b\u0151v\u00edti megl\u00e9v\u0151 fotovoltaikus rendszereit, hogy drasztikusan cs\u00f6kkentse az \u00e9ghajlatk\u00e1ros\u00edt\u00f3 nyersanyagokb\u00f3l sz\u00e1rmaz\u00f3 \u00e1ramfogyaszt\u00e1st, \u00e9s tov\u00e1bb n\u00f6velje a fenntarthat\u00f3s\u00e1got.<\/p>\n<p>A biol\u00f3giai szennyv\u00edztiszt\u00edt\u00f3 telep \u00e9p\u00edt\u00e9s\u00e9vel a Hubers Landhendl a fenntarthat\u00f3s\u00e1g \u00e9s az \u00f6kol\u00f3gia ter\u00e9n is p\u00e9ld\u00e1t mutat.<\/p>\n<p>A S\u00fcddeutsche Truthahn AG az ISO 50002 szabv\u00e1nynak megfelel\u0151en tan\u00fas\u00edtott energiagazd\u00e1lkod\u00e1si rendszert vezetett be. A teheraut\u00f3-flotta szinte kiz\u00e1r\u00f3lag EURO 6-os szabv\u00e1ny szerint m\u0171k\u00f6dik.<\/p>\n<\/div><\/div><\/div><\/div><div class=\"et_pb_bottom_inside_divider et-no-transition\"><\/div><\/div><div class=\"et_pb_section_3 et_pb_section et_section_regular et_block_section\"><div class=\"et_pb_row_4 et_pb_row et_block_row custom_row\"><div class=\"et_pb_column_7 et_pb_column et_pb_column_2_5 et_block_column et_pb_css_mix_blend_mode_passthrough second-on-mobile\"><div class=\"et_pb_text_4 et_pb_text et_pb_bg_layout_light et_pb_module et_block_module\"><div class=\"et_pb_text_inner\"><h2>K\u00f6rnyezettudatos csomagol\u00e1s<\/h2>\n<\/div><\/div><div class=\"et_pb_text_5 et_pb_text et_pb_bg_layout_light et_pb_module et_block_module\"><div class=\"et_pb_text_inner\"><p>A csomagol\u00e1s ter\u00fclet\u00e9n k\u00e9t t\u00e9m\u00e1n dolgozunk k\u00f6vetkezetesen: Automatiz\u00e1l\u00e1s \u00e9s optimaliz\u00e1l\u00e1s. A m\u0171anyag csomagol\u00e1s cs\u00f6kkent\u00e9se \u00e9s az \u00fajrahasznos\u00edthat\u00f3 m\u0171anyagok haszn\u00e1lata olyan c\u00e9lok, amelyeket fenntarthat\u00f3s\u00e1gi strat\u00e9gi\u00e1nkban r\u00f6gz\u00edtett\u00fcnk.<\/p>\n<p>A sz\u00fcks\u00e9ges innov\u00e1ci\u00f3s l\u00e9p\u00e9sek k\u00f6z\u00e9 tartozik a csomagol\u00e1s tov\u00e1bbfejleszt\u00e9se, p\u00e9ld\u00e1ul a s\u00falycs\u00f6kkent\u00e9s, az egyanyag\u00fa anyagokra val\u00f3 \u00e1tt\u00e9r\u00e9s, az FSC tan\u00fas\u00edtv\u00e1nnyal rendelkez\u0151 karton haszn\u00e1lata, a PET-poharak \u00e9s a k\u00f6rnyezetbar\u00e1t pap\u00edron alapul\u00f3 csomagol\u00e1s n\u00e9pszer\u0171s\u00edt\u00e9se.<\/p>\n<p>E c\u00e9lok el\u00e9r\u00e9se \u00e9rdek\u00e9ben a Hubers Landhendl az egyik vezet\u0151 szolg\u00e1ltat\u00f3val dolgozik egy\u00fctt.<\/p>\n<\/div><\/div><\/div><div class=\"et_pb_column_8 et_pb_column et_pb_column_3_5 et-last-child et_block_column et_pb_css_mix_blend_mode_passthrough first-on-mobile\"><div class=\"dipi_image_mask_2 dipi_image_mask et_animated et_pb_bg_layout_light et_pb_module\"><div class=\"dipi-image-mask--mask\">\n                <svg width=\"100%\" height=\"100%\"  style=\"overflow:visible\" xmlns=\"http:\/\/www.w3.org\/2000\/svg\" xmlns:xlink=\"http:\/\/www.w3.org\/1999\/xlink\" viewBox=\"0 0 1000 1000\" aria-labelledby=\"alt-text-69e0f4f55b36e\" role=\"img\">\n                    <title id=\"alt-text-69e0f4f55b36e\">Csomagol\u00e1s<\/title>\n                    \n                    <style><\/style>\n                    \n                    \n                <g>\n                    \n                    <g>\n                        <defs>\n                            <mask id=\"SHAPE_3-69e0f4f55b367\" fill=\"#fff\">\n                                <g style=\"transform-origin: center; transform: rotate(0deg) scale(1 , 1)\"> \n                                    <path d=\"M53.5 46.1h441.2v441.2H53.5zm458.7 458.7h441.2V946H512.2zm0-380.3h362.7v362.7H512.2zM131.3 505.4H494v362.7H131.3z\"\/>\n                                <\/g>\n                            <\/mask>\n                        <\/defs>\n                        \n        <g style=\"mask:url(#SHAPE_3-69e0f4f55b367)\">\n            <image \n                style=\"overflow:visible\" \n                width=100%  \n                href=https:\/\/www.huberslandhendl.at\/wp-content\/uploads\/2023\/05\/Verpackung-Montage-2.jpg\n                transform=\"matrix(1 0 0 1 0 0)\"\n                preserveAspectRatio=\"none\"> \n            <\/image>\n        <\/g>\n                    <\/g>\n                <\/g>\n                    \n                <\/svg>\n            <\/div><\/div><\/div><\/div><\/div><div class=\"et_pb_section_4 et_pb_section et_section_regular et_block_section section_has_divider et_pb_top_divider\"><div class=\"et_pb_top_inside_divider et-no-transition\"><\/div><div class=\"et_pb_row_5 et_pb_row et_block_row\"><div class=\"et_pb_column_9 et_pb_column et_pb_column_3_5 et_block_column et_pb_css_mix_blend_mode_passthrough\"><div class=\"dipi_image_mask_3 dipi_image_mask et_animated et_pb_bg_layout_light et_pb_module\"><div class=\"dipi-image-mask--mask\">\n                <svg width=\"100%\" height=\"100%\"  style=\"overflow:visible\" xmlns=\"http:\/\/www.w3.org\/2000\/svg\" xmlns:xlink=\"http:\/\/www.w3.org\/1999\/xlink\" viewBox=\"0 0 1000 1000\" aria-labelledby=\"alt-text-69e0f4f55ce65\" role=\"img\">\n                    <title id=\"alt-text-69e0f4f55ce65\">\u00c1llatj\u00f3l\u00e9t<\/title>\n                    \n                    <style><\/style>\n                    \n                    \n                <g>\n                    \n                    <g>\n                        <defs>\n                            <mask id=\"SHAPE_4-69e0f4f55ce5d\" fill=\"#fff\">\n                                <g style=\"transform-origin: center; transform: rotate(0deg) scale(1 , 1)\"> \n                                    <path d=\"M53.5 46.1h441.2v441.2H53.5zm458.7 458.7h441.2V946H512.2zm0-380.3h362.7v362.7H512.2zM131.3 505.4H494v362.7H131.3z\"\/>\n                                <\/g>\n                            <\/mask>\n                        <\/defs>\n                        \n        <g style=\"mask:url(#SHAPE_4-69e0f4f55ce5d)\">\n            <image \n                style=\"overflow:visible\" \n                width=100%  \n                href=https:\/\/www.huberslandhendl.at\/wp-content\/uploads\/2023\/02\/intro-hubers-landhendl.jpg\n                transform=\"matrix(1 0 0 1 0 0)\"\n                preserveAspectRatio=\"none\"> \n            <\/image>\n        <\/g>\n                    <\/g>\n                <\/g>\n                    \n                <\/svg>\n            <\/div><\/div><\/div><div class=\"et_pb_column_10 et_pb_column et_pb_column_2_5 et-last-child et_block_column et_pb_css_mix_blend_mode_passthrough\"><div class=\"et_pb_text_6 et_pb_text et_pb_bg_layout_light et_pb_module et_block_module\"><div class=\"et_pb_text_inner\"><h2>\u00c1llatj\u00f3l\u00e9t<\/h2>\n<\/div><\/div><div class=\"et_pb_text_7 et_pb_text et_pb_bg_layout_light et_pb_module et_block_module\"><div class=\"et_pb_text_inner\"><p>A c\u00e9g alap\u00edt\u00f3i, Maria \u00e9s Johann Hubers 1997-ben kezdt\u00e9k el a biocsirkeh\u00fas feldolgoz\u00e1s\u00e1t. A Hubers Landhendl h\u0171 maradt ehhez a fenntarthat\u00f3 \u00e1llatj\u00f3l\u00e9ti elk\u00e9pzel\u00e9shez, \u00e9s tov\u00e1bbra is beruh\u00e1z a baromfi jobb tart\u00e1si k\u00f6r\u00fclm\u00e9nyeibe.<\/p>\n<p>Sok \u00e9ven \u00e1t csak olyan csirkefarmok voltak partnerek, amelyek megfeleltek a biotermeszt\u00e9s vagy az \u00fcvegh\u00e1zi csirkefarm k\u00f6vetelm\u00e9nyeinek.<\/p>\n<p>Ezenk\u00edv\u00fcl egyre t\u00f6bb <strong>lass\u00fa n\u00f6veked\u00e9s\u0171 csirkefajt\u00e1t<\/strong> haszn\u00e1lnak, ami az \u00e1llatok eg\u00e9szs\u00e9ge szempontj\u00e1b\u00f3l alapvet\u0151 fontoss\u00e1g\u00fa. Minden \u00e1llat megfelel legal\u00e1bb a QS GmbH (min\u0151s\u00e9g \u00e9s biztons\u00e1g) k\u00f6vetelm\u00e9nyeinek, ami azt jelenti, hogy az \u00e1ltalunk feldolgozott baromfi a t\u00f6rv\u00e9nyi el\u0151\u00edr\u00e1sokn\u00e1l szigor\u00fabban szab\u00e1lyozott.<\/p>\n<\/div><\/div><\/div><\/div><\/div><div class=\"et_pb_section_5 et_pb_section et_pb_fullwidth_section et_section_regular et_block_section et_pb_section_parallax section_has_divider et_pb_top_divider et_pb_bottom_divider\"><div class=\"et_pb_top_inside_divider et-no-transition\"><\/div><span class=\"et-pb-parallax-wrapper\"><span class=\"et-pb-parallax-background et-pb-parallax-background--css et-pb-parallax-background-module--divi-section-5\" style=\"background-image:url(https:\/\/www.huberslandhendl.at\/wp-content\/uploads\/2023\/02\/paralax-hubers-landhendl-nachhaltigkeit.jpg)\"><\/span><\/span><div class=\"et_pb_bottom_inside_divider et-no-transition\"><\/div><\/div>\n","protected":false},"excerpt":{"rendered":"","protected":false},"author":1,"featured_media":0,"parent":0,"menu_order":0,"comment_status":"closed","ping_status":"closed","template":"","meta":{"_acf_changed":false,"wprm-recipe-roundup-name":"","wprm-recipe-roundup-description":"","footnotes":""},"dipi_cpt_category":[],"difl_page_category":[],"class_list":["post-22993259","page","type-page","status-publish","hentry"],"acf":[],"yoast_head":"<!-- This site is optimized with the Yoast SEO plugin v27.4 - https:\/\/yoast.com\/product\/yoast-seo-wordpress\/ -->\n<title>Fenntarthat\u00f3s\u00e1g - Hubers Landhendl<\/title>\n<meta name=\"robots\" content=\"index, follow, max-snippet:-1, max-image-preview:large, max-video-preview:-1\" \/>\n<link rel=\"canonical\" href=\"https:\/\/www.huberslandhendl.at\/hu\/fenntarthatosag\/\" \/>\n<meta property=\"og:locale\" content=\"hu_HU\" \/>\n<meta property=\"og:type\" content=\"article\" \/>\n<meta property=\"og:title\" content=\"Fenntarthat\u00f3s\u00e1g - Hubers Landhendl\" \/>\n<meta property=\"og:url\" content=\"https:\/\/www.huberslandhendl.at\/hu\/fenntarthatosag\/\" \/>\n<meta property=\"og:site_name\" content=\"Hubers Landhendl\" \/>\n<meta property=\"article:publisher\" content=\"https:\/\/www.facebook.com\/huberslandhendl\" \/>\n<meta property=\"article:modified_time\" content=\"2026-03-10T12:52:13+00:00\" \/>\n<meta name=\"twitter:card\" content=\"summary_large_image\" \/>\n<script type=\"application\/ld+json\" class=\"yoast-schema-graph\">{\"@context\":\"https:\\\/\\\/schema.org\",\"@graph\":[{\"@type\":\"WebPage\",\"@id\":\"https:\\\/\\\/www.huberslandhendl.at\\\/hu\\\/fenntarthatosag\\\/\",\"url\":\"https:\\\/\\\/www.huberslandhendl.at\\\/hu\\\/fenntarthatosag\\\/\",\"name\":\"Fenntarthat\u00f3s\u00e1g - Hubers Landhendl\",\"isPartOf\":{\"@id\":\"https:\\\/\\\/www.huberslandhendl.at\\\/hu\\\/#website\"},\"datePublished\":\"2023-01-09T11:18:22+00:00\",\"dateModified\":\"2026-03-10T12:52:13+00:00\",\"breadcrumb\":{\"@id\":\"https:\\\/\\\/www.huberslandhendl.at\\\/hu\\\/fenntarthatosag\\\/#breadcrumb\"},\"inLanguage\":\"hu\",\"potentialAction\":[{\"@type\":\"ReadAction\",\"target\":[\"https:\\\/\\\/www.huberslandhendl.at\\\/hu\\\/fenntarthatosag\\\/\"]}]},{\"@type\":\"BreadcrumbList\",\"@id\":\"https:\\\/\\\/www.huberslandhendl.at\\\/hu\\\/fenntarthatosag\\\/#breadcrumb\",\"itemListElement\":[{\"@type\":\"ListItem\",\"position\":1,\"name\":\"Startseite\",\"item\":\"https:\\\/\\\/www.huberslandhendl.at\\\/hu\\\/\"},{\"@type\":\"ListItem\",\"position\":2,\"name\":\"Fenntarthat\u00f3s\u00e1g\"}]},{\"@type\":\"WebSite\",\"@id\":\"https:\\\/\\\/www.huberslandhendl.at\\\/hu\\\/#website\",\"url\":\"https:\\\/\\\/www.huberslandhendl.at\\\/hu\\\/\",\"name\":\"Hubers Landhendl\",\"description\":\"\",\"publisher\":{\"@id\":\"https:\\\/\\\/www.huberslandhendl.at\\\/hu\\\/#organization\"},\"potentialAction\":[{\"@type\":\"SearchAction\",\"target\":{\"@type\":\"EntryPoint\",\"urlTemplate\":\"https:\\\/\\\/www.huberslandhendl.at\\\/hu\\\/?s={search_term_string}\"},\"query-input\":{\"@type\":\"PropertyValueSpecification\",\"valueRequired\":true,\"valueName\":\"search_term_string\"}}],\"inLanguage\":\"hu\"},{\"@type\":\"Organization\",\"@id\":\"https:\\\/\\\/www.huberslandhendl.at\\\/hu\\\/#organization\",\"name\":\"Hubers Landhendl\",\"url\":\"https:\\\/\\\/www.huberslandhendl.at\\\/hu\\\/\",\"logo\":{\"@type\":\"ImageObject\",\"inLanguage\":\"hu\",\"@id\":\"https:\\\/\\\/www.huberslandhendl.at\\\/hu\\\/#\\\/schema\\\/logo\\\/image\\\/\",\"url\":\"https:\\\/\\\/www.huberslandhendl.at\\\/wp-content\\\/uploads\\\/2023\\\/01\\\/logo-hubers-r.png\",\"contentUrl\":\"https:\\\/\\\/www.huberslandhendl.at\\\/wp-content\\\/uploads\\\/2023\\\/01\\\/logo-hubers-r.png\",\"width\":793,\"height\":339,\"caption\":\"Hubers Landhendl\"},\"image\":{\"@id\":\"https:\\\/\\\/www.huberslandhendl.at\\\/hu\\\/#\\\/schema\\\/logo\\\/image\\\/\"},\"sameAs\":[\"https:\\\/\\\/www.facebook.com\\\/huberslandhendl\"]}]}<\/script>\n<!-- \/ Yoast SEO plugin. -->","yoast_head_json":{"title":"Fenntarthat\u00f3s\u00e1g - Hubers Landhendl","robots":{"index":"index","follow":"follow","max-snippet":"max-snippet:-1","max-image-preview":"max-image-preview:large","max-video-preview":"max-video-preview:-1"},"canonical":"https:\/\/www.huberslandhendl.at\/hu\/fenntarthatosag\/","og_locale":"hu_HU","og_type":"article","og_title":"Fenntarthat\u00f3s\u00e1g - Hubers Landhendl","og_url":"https:\/\/www.huberslandhendl.at\/hu\/fenntarthatosag\/","og_site_name":"Hubers Landhendl","article_publisher":"https:\/\/www.facebook.com\/huberslandhendl","article_modified_time":"2026-03-10T12:52:13+00:00","twitter_card":"summary_large_image","schema":{"@context":"https:\/\/schema.org","@graph":[{"@type":"WebPage","@id":"https:\/\/www.huberslandhendl.at\/hu\/fenntarthatosag\/","url":"https:\/\/www.huberslandhendl.at\/hu\/fenntarthatosag\/","name":"Fenntarthat\u00f3s\u00e1g - Hubers Landhendl","isPartOf":{"@id":"https:\/\/www.huberslandhendl.at\/hu\/#website"},"datePublished":"2023-01-09T11:18:22+00:00","dateModified":"2026-03-10T12:52:13+00:00","breadcrumb":{"@id":"https:\/\/www.huberslandhendl.at\/hu\/fenntarthatosag\/#breadcrumb"},"inLanguage":"hu","potentialAction":[{"@type":"ReadAction","target":["https:\/\/www.huberslandhendl.at\/hu\/fenntarthatosag\/"]}]},{"@type":"BreadcrumbList","@id":"https:\/\/www.huberslandhendl.at\/hu\/fenntarthatosag\/#breadcrumb","itemListElement":[{"@type":"ListItem","position":1,"name":"Startseite","item":"https:\/\/www.huberslandhendl.at\/hu\/"},{"@type":"ListItem","position":2,"name":"Fenntarthat\u00f3s\u00e1g"}]},{"@type":"WebSite","@id":"https:\/\/www.huberslandhendl.at\/hu\/#website","url":"https:\/\/www.huberslandhendl.at\/hu\/","name":"Hubers Landhendl","description":"","publisher":{"@id":"https:\/\/www.huberslandhendl.at\/hu\/#organization"},"potentialAction":[{"@type":"SearchAction","target":{"@type":"EntryPoint","urlTemplate":"https:\/\/www.huberslandhendl.at\/hu\/?s={search_term_string}"},"query-input":{"@type":"PropertyValueSpecification","valueRequired":true,"valueName":"search_term_string"}}],"inLanguage":"hu"},{"@type":"Organization","@id":"https:\/\/www.huberslandhendl.at\/hu\/#organization","name":"Hubers Landhendl","url":"https:\/\/www.huberslandhendl.at\/hu\/","logo":{"@type":"ImageObject","inLanguage":"hu","@id":"https:\/\/www.huberslandhendl.at\/hu\/#\/schema\/logo\/image\/","url":"https:\/\/www.huberslandhendl.at\/wp-content\/uploads\/2023\/01\/logo-hubers-r.png","contentUrl":"https:\/\/www.huberslandhendl.at\/wp-content\/uploads\/2023\/01\/logo-hubers-r.png","width":793,"height":339,"caption":"Hubers Landhendl"},"image":{"@id":"https:\/\/www.huberslandhendl.at\/hu\/#\/schema\/logo\/image\/"},"sameAs":["https:\/\/www.facebook.com\/huberslandhendl"]}]}},"post_mailing_queue_ids":[],"_links":{"self":[{"href":"https:\/\/www.huberslandhendl.at\/hu\/wp-json\/wp\/v2\/pages\/22993259","targetHints":{"allow":["GET"]}}],"collection":[{"href":"https:\/\/www.huberslandhendl.at\/hu\/wp-json\/wp\/v2\/pages"}],"about":[{"href":"https:\/\/www.huberslandhendl.at\/hu\/wp-json\/wp\/v2\/types\/page"}],"author":[{"embeddable":true,"href":"https:\/\/www.huberslandhendl.at\/hu\/wp-json\/wp\/v2\/users\/1"}],"replies":[{"embeddable":true,"href":"https:\/\/www.huberslandhendl.at\/hu\/wp-json\/wp\/v2\/comments?post=22993259"}],"version-history":[{"count":10,"href":"https:\/\/www.huberslandhendl.at\/hu\/wp-json\/wp\/v2\/pages\/22993259\/revisions"}],"predecessor-version":[{"id":22996541,"href":"https:\/\/www.huberslandhendl.at\/hu\/wp-json\/wp\/v2\/pages\/22993259\/revisions\/22996541"}],"wp:attachment":[{"href":"https:\/\/www.huberslandhendl.at\/hu\/wp-json\/wp\/v2\/media?parent=22993259"}],"wp:term":[{"taxonomy":"dipi_cpt_category","embeddable":true,"href":"https:\/\/www.huberslandhendl.at\/hu\/wp-json\/wp\/v2\/dipi_cpt_category?post=22993259"},{"taxonomy":"difl_page_category","embeddable":true,"href":"https:\/\/www.huberslandhendl.at\/hu\/wp-json\/wp\/v2\/difl_page_category?post=22993259"}],"curies":[{"name":"wp","href":"https:\/\/api.w.org\/{rel}","templated":true}]}}