{"id":22993282,"date":"2023-01-09T12:21:40","date_gmt":"2023-01-09T11:21:40","guid":{"rendered":"http:\/\/hubers-translation.aufwind.co.at\/karrier\/szakmunkastanulok\/"},"modified":"2026-03-10T13:53:20","modified_gmt":"2026-03-10T12:53:20","slug":"szakmunkastanulok","status":"publish","type":"page","link":"https:\/\/www.huberslandhendl.at\/hu\/karrier\/szakmunkastanulok\/","title":{"rendered":"Szakmunk\u00e1stanul\u00f3k"},"content":{"rendered":"\n<div class=\"et_pb_section_0 et_pb_section et_section_regular et_block_section\"><div class=\"et_pb_row_0 et_pb_row et-vb-row--no-module et_block_row\"><div class=\"et_pb_column_0 et_pb_column et_pb_column_4_4 et-last-child et_block_column et_pb_column_empty et_pb_css_mix_blend_mode_passthrough\"><\/div><\/div><div class=\"et_pb_row_1 et_pb_row et_pb_row_3-4_1-4 et_block_row et_block_row_3-4_1-4\"><div class=\"et_pb_column_1 et_pb_column et_pb_column_3_4 et_block_column et_pb_css_mix_blend_mode_passthrough\"><div class=\"dipi_dual_heading_0 dipi_dual_heading et_pb_bg_layout_light et_pb_module\"><div class=\"dipi-dual-heading \">\n                <h1 class=\"dipi-dh-main\">\n                    <span class=\"dipi-dh-first-heading\">\n                        <span class=\"dipi-dh-animation-container\">\n                            <span class=\"dipi-dh-bg-container\">\n                                <div>Szakmunk\u00e1stanul\u00f3k<\/div>\n                            <\/span>\n                        <\/span>\n                    <\/span>\n                    <span class=\"dipi-dh-second-heading\">\n                        <span class=\"dipi-dh-animation-container\">\n                            <span class=\"dipi-dh-bg-container\">\n                                <div>Second<\/div>\n                            <\/span>\n                        <\/span>\n                    <\/span>\n                <\/h1>\n            <\/div><\/div><\/div><div class=\"et_pb_column_2 et_pb_column et_pb_column_1_4 et-last-child et_block_column et_pb_column_empty et_pb_css_mix_blend_mode_passthrough\"><\/div><\/div><div class=\"et_pb_row_2 et_pb_row et_block_row custom_row\"><div class=\"et_pb_column_3 et_pb_column et_pb_column_2_5 et_block_column et_pb_css_mix_blend_mode_passthrough second-on-mobile\"><div class=\"et_pb_text_0 et_pb_text et_pb_bg_layout_light et_pb_module et_block_module\"><div class=\"et_pb_text_inner\"><h2>Szakk\u00e9pz\u00e9s\u00fcnk<\/h2>\n<\/div><\/div><div class=\"et_pb_text_1 et_pb_text et_pb_bg_layout_light et_pb_module et_block_module\"><div class=\"et_pb_text_inner\"><p><span>A Hubers csal\u00e1dhoz tartozik egy akt\u00edv \u00e9s motiv\u00e1lt gyakornoki csapat is. A mechatronikai m\u00e9rn\u00f6k\u00f6kt\u0151l kezdve a villamosm\u00e9rn\u00f6k\u00f6k\u00f6n \u00e1t az \u00e9lelmiszeripari technikusokig nagy hangs\u00falyt fektet\u00fcnk a bels\u0151 k\u00e9pz\u00e9sre.<\/span><\/p>\n<\/div><\/div><div class=\"et_pb_image_0 et_pb_image et_animated et_pb_module et_block_module\"><span class=\"et_pb_image_wrap\"><img loading=\"lazy\" decoding=\"async\" src=\"https:\/\/www.huberslandhendl.at\/wp-content\/uploads\/2023\/01\/logo-next-generation-hubers-landhendl.png\" width=\"1000\" height=\"852\" srcset=\"https:\/\/www.huberslandhendl.at\/wp-content\/uploads\/2023\/01\/logo-next-generation-hubers-landhendl.png 1000w, https:\/\/www.huberslandhendl.at\/wp-content\/uploads\/2023\/01\/logo-next-generation-hubers-landhendl-980x835.png 980w, https:\/\/www.huberslandhendl.at\/wp-content\/uploads\/2023\/01\/logo-next-generation-hubers-landhendl-480x409.png 480w\" sizes=\"(min-width: 0px) and (max-width: 480px) 480px, (min-width: 481px) and (max-width: 980px) 980px, (min-width: 981px) 1000px, 100vw\" class=\"wp-image-16246986\" title=\"Huber szakmunk\u00e1sk\u00e9pz\u00e9s - Next Generation\" \/><\/span><\/div><\/div><div class=\"et_pb_column_4 et_pb_column et_pb_column_3_5 et-last-child et_block_column et_pb_css_mix_blend_mode_passthrough first-on-mobile\"><div class=\"dipi_image_mask_0 dipi_image_mask et_animated et_pb_bg_layout_light et_pb_module\"><div class=\"dipi-image-mask--mask\">\n                <svg width=\"100%\" height=\"100%\"  style=\"overflow:visible\" xmlns=\"http:\/\/www.w3.org\/2000\/svg\" xmlns:xlink=\"http:\/\/www.w3.org\/1999\/xlink\" viewBox=\"0 0 1000 1000\" aria-labelledby=\"alt-text-69e7a15bbb583\" role=\"img\">\n                    <title id=\"alt-text-69e7a15bbb583\">Szakmunk\u00e1stanul\u00f3k<\/title>\n                    \n                    <style><\/style>\n                    \n                    \n                <g>\n                    \n                    <g>\n                        <defs>\n                            <mask id=\"SHAPE_1-69e7a15bbb571\" fill=\"#fff\">\n                                <g style=\"transform-origin: center; transform: rotate(0deg) scale(1 , 1)\"> \n                                    <path d=\"M53.5 46.1h441.2v441.2H53.5zm458.7 458.7h441.2V946H512.2zm0-380.3h362.7v362.7H512.2zM131.3 505.4H494v362.7H131.3z\"\/>\n                                <\/g>\n                            <\/mask>\n                        <\/defs>\n                        \n        <g style=\"mask:url(#SHAPE_1-69e7a15bbb571)\">\n            <image \n                style=\"overflow:visible\" \n                width=100%  \n                href=https:\/\/www.huberslandhendl.at\/wp-content\/uploads\/2023\/02\/intro-lehrlinge-hubers-landhendl.jpg\n                transform=\"matrix(1 0 0 1 0 0)\"\n                preserveAspectRatio=\"none\"> \n            <\/image>\n        <\/g>\n                    <\/g>\n                <\/g>\n                    \n                <\/svg>\n            <\/div><\/div><\/div><\/div><div class=\"et_pb_row_3 et_pb_row et_block_row\"><div class=\"et_pb_column_5 et_pb_column et_pb_column_4_4 et-last-child et_block_column et_pb_css_mix_blend_mode_passthrough\"><div class=\"et_pb_text_2 et_pb_text et_pb_bg_layout_light et_pb_module et_block_module\"><div class=\"et_pb_text_inner\"><p><a href=\"https:\/\/huberslehre.at\/\">A Hubers szakk\u00e9pz\u00e9si<\/a> weboldal\u00e1n mindent megtal\u00e1l, amit a tanul\u00f3szerz\u0151d\u00e9ses gyakorlati k\u00e9pz\u00e9seinkr\u0151l tudni szeretne. V\u00e1llalatunkn\u00e1l dolgoz\u00f3 gyakornokok mes\u00e9lnek a mindennapi munk\u00e1jukr\u00f3l \u00e9s tev\u00e9kenys\u00e9g\u00fckr\u0151l. A vide\u00f3kban jobb k\u00e9pet kaphatsz err\u0151l.<\/p>\n<\/div><\/div><div class=\"et_pb_module et_pb_button_module_wrapper et_pb_button_0_wrapper\"><a class=\"et_pb_button_0 et_pb_button et_pb_bg_layout_light et_animated et_pb_module et_block_module\" href=\"https:\/\/huberslehre.at\" target=\"_blank\" data-icon=\"5\">Tudjon meg t\u00f6bbet<\/a><\/div><div class=\"et_pb_text_3 et_pb_text et_pb_bg_layout_light et_pb_module et_block_module\"><div class=\"et_pb_text_inner\"><p>A Hubers Landhendl a Bell Food Group r\u00e9sze. Aktu\u00e1lis gyakornoki \u00e1ll\u00e1saj\u00e1nlatainkat a Bell Food Group karrierport\u00e1lj\u00e1n tal\u00e1lja.<\/p>\n<p><a href=\"https:\/\/career.bellfoodgroup.com\/en\/vacancies?job_filter_group%5B%5D=2378&amp;location%5B%5D=5223+Pfaffst%C3%A4tt&amp;job_category_type=apprenticeship&amp;dateSort=desc\" target=\"_blank\">Tanul\u00f3szerz\u0151d\u00e9ses gyakorlati helyek (bellfoodgroup.com)<\/a><\/p>\n<\/div><\/div><\/div><\/div><\/div><div class=\"et_pb_section_1 et_pb_section et_section_regular et_block_section section_has_divider et_pb_top_divider et_pb_bottom_divider\"><div class=\"et_pb_top_inside_divider et-no-transition\"><\/div><div class=\"et_pb_row_4 et_pb_row et_block_row\"><div class=\"et_pb_column_6 et_pb_column et_pb_column_4_4 et-last-child et_block_column et_pb_css_mix_blend_mode_passthrough\"><div class=\"et_pb_text_4 et_pb_text et_pb_bg_layout_light et_pb_module et_block_module\"><div class=\"et_pb_text_inner\"><h3>Legyen b\u00e1tors\u00e1god! Mutasd meg, mit tudsz, \u00e9s jelentkezz most!<\/h3>\n<\/div><\/div><div class=\"et_pb_contact_form_0 et_pb_contact_form_container clearfix et_pb_module et_flex_module\" data-form_unique_num=\"0\" data-form_unique_id=\"1df2727c-eabc-47f1-956a-352673414f23\" id=\"et_pb_contact_form_1df2727c-eabc-47f1-956a-352673414f23\"><div class=\"et-pb-contact-message\"><\/div><div class=\"et_pb_contact\"><form class=\"et_pb_contact_form et_flex_module\" method=\"post\" action=\"https:\/\/www.huberslandhendl.at\/hu\/wp-json\/wp\/v2\/pages\/22993282\"><div class=\"et_pb_contact_field_0 et_pb_contact_field et_pb_module et_flex_module et_flex_column_12_24 et_flex_column_12_24_tablet et_flex_column_12_24_phone\" data-id=\"vorname\" data-type=\"input\"><label class=\"et_pb_contact_form_label\" for=\"et_pb_contact_0_vorname_0\">Ut\u00f3n\u00e9v<\/label><input type=\"text\" name=\"et_pb_contact_0_vorname_0\" id=\"et_pb_contact_0_vorname_0\" class=\"input\" data-required_mark=\"required\" data-field_type=\"input\" data-original_id=\"vorname\" placeholder=\"Ut\u00f3n\u00e9v\" title=\"\" value=\"\" \/><\/div><div class=\"et_pb_contact_field_1 et_pb_contact_field et_pb_module et_flex_module et_flex_column_12_24 et_flex_column_12_24_tablet et_flex_column_12_24_phone\" data-id=\"nachname\" data-type=\"input\"><label class=\"et_pb_contact_form_label\" for=\"et_pb_contact_0_nachname_1\">Vezet\u00e9kn\u00e9v<\/label><input type=\"text\" name=\"et_pb_contact_0_nachname_1\" id=\"et_pb_contact_0_nachname_1\" class=\"input\" data-required_mark=\"required\" data-field_type=\"input\" data-original_id=\"nachname\" placeholder=\"Vezet\u00e9kn\u00e9v\" title=\"\" value=\"\" \/><\/div><div class=\"et_pb_contact_field_2 et_pb_contact_field et_pb_module et_flex_module et_flex_column_12_24 et_flex_column_12_24_tablet et_flex_column_12_24_phone\" data-id=\"telefon\" data-type=\"input\"><label class=\"et_pb_contact_form_label\" for=\"et_pb_contact_0_telefon_2\">Telefonsz\u00e1m<\/label><input type=\"text\" name=\"et_pb_contact_0_telefon_2\" id=\"et_pb_contact_0_telefon_2\" class=\"input\" data-required_mark=\"required\" data-field_type=\"input\" data-original_id=\"telefon\" placeholder=\"Telefonsz\u00e1m\" title=\"\" value=\"\" \/><\/div><div class=\"et_pb_contact_field_3 et_pb_contact_field et_pb_module et_flex_module et_flex_column_12_24 et_flex_column_12_24_tablet et_flex_column_12_24_phone\" data-id=\"beruf\" data-type=\"select\"><label class=\"et_pb_contact_form_label\" for=\"et_pb_contact_0_beruf_3\">Szakma v\u00e1laszt\u00e1s<\/label><select name=\"et_pb_contact_0_beruf_3\" id=\"et_pb_contact_0_beruf_3\" class=\"et_pb_contact_select input\" data-required_mark=\"required\" data-field_type=\"select\" data-original_id=\"beruf\"><option value=\"\">Szakma v\u00e1laszt\u00e1s<\/option><option value=\"Mechatronikus\" data-id=\"\">Mechatronikus<\/option><option value=\"Elektrotechnikus\" data-id=\"\">Elektrotechnikus<\/option><option value=\"\u00c9lelmiszertechnikus\" data-id=\"\">\u00c9lelmiszertechnikus<\/option><option value=\"F\u00e9mmegmunk\u00e1l\u00f3\" data-id=\"\">F\u00e9mmegmunk\u00e1l\u00f3<\/option><\/select><\/div><div class=\"et_pb_contact_field_4 et_pb_contact_field et_pb_module et_flex_module et_flex_column_12_24 et_flex_column_12_24_tablet et_flex_column_12_24_phone\" data-id=\"strasse\" data-type=\"input\"><label class=\"et_pb_contact_form_label\" for=\"et_pb_contact_0_strasse_4\">Utca \u00e9s h\u00e1zsz\u00e1m<\/label><input type=\"text\" name=\"et_pb_contact_0_strasse_4\" id=\"et_pb_contact_0_strasse_4\" class=\"input\" data-required_mark=\"required\" data-field_type=\"input\" data-original_id=\"strasse\" placeholder=\"Utca \u00e9s h\u00e1zsz\u00e1m\" title=\"\" value=\"\" \/><\/div><div class=\"et_pb_contact_field_5 et_pb_contact_field et_pb_module et_flex_module et_flex_column_12_24 et_flex_column_12_24_tablet et_flex_column_12_24_phone\" data-id=\"plz\" data-type=\"input\"><label class=\"et_pb_contact_form_label\" for=\"et_pb_contact_0_plz_5\">Postai ir\u00e1ny\u00edt\u00f3sz\u00e1m<\/label><input type=\"text\" name=\"et_pb_contact_0_plz_5\" id=\"et_pb_contact_0_plz_5\" class=\"input\" data-required_mark=\"required\" data-field_type=\"input\" data-original_id=\"plz\" placeholder=\"Postai ir\u00e1ny\u00edt\u00f3sz\u00e1m\" pattern=\"[0-9\\s\\-]*\" title=\"Csak sz\u00e1mok enged\u00e9lyezettek.\" value=\"\" \/><\/div><div class=\"et_pb_contact_field_6 et_pb_contact_field et_pb_module et_flex_module et_flex_column_12_24 et_flex_column_12_24_tablet et_flex_column_12_24_phone\" data-id=\"ort\" data-type=\"input\"><label class=\"et_pb_contact_form_label\" for=\"et_pb_contact_0_ort_6\">Helys\u00e9g<\/label><input type=\"text\" name=\"et_pb_contact_0_ort_6\" id=\"et_pb_contact_0_ort_6\" class=\"input\" data-required_mark=\"required\" data-field_type=\"input\" data-original_id=\"ort\" placeholder=\"Helys\u00e9g\" title=\"\" value=\"\" \/><\/div><div class=\"et_pb_contact_field_7 et_pb_contact_field et_pb_module et_flex_module et_flex_column_12_24 et_flex_column_12_24_tablet et_flex_column_12_24_phone\" data-id=\"email\" data-type=\"email\"><label class=\"et_pb_contact_form_label\" for=\"et_pb_contact_0_email_7\">E-Mail-c\u00edm<\/label><input type=\"text\" name=\"et_pb_contact_0_email_7\" id=\"et_pb_contact_0_email_7\" class=\"input\" data-required_mark=\"required\" data-field_type=\"email\" data-original_id=\"email\" placeholder=\"E-Mail-c\u00edm\" title=\"\" value=\"\" \/><\/div><div class=\"et_pb_contact_field_8 et_pb_contact_field et_pb_module et_flex_module et_flex_column_24_24 et_flex_column_24_24_tablet et_flex_column_24_24_phone\" data-id=\"bestatigung\" data-type=\"checkbox\"><label class=\"et_pb_contact_form_label\">Nyilatkozat<\/label><input type=\"hidden\" name=\"et_pb_contact_0_bestatigung_8\" class=\"et_pb_checkbox_handle\" data-required_mark=\"required\" data-field_type=\"checkbox\" data-original_id=\"bestatigung\" \/><span class=\"et_pb_contact_field_options_wrapper\"><span class=\"et_pb_contact_field_options_title\">Nyilatkozat<\/span><span class=\"et_pb_contact_field_options_list\"><span class=\"et_pb_contact_field_checkbox\"><input type=\"checkbox\" id=\"et_pb_contact_0_bestatigung_8_0\" class=\"input\" value=\"Meger\u0151s\u00edt\u00e9s Meger\u0151s\u00edtem, hogy elolvastam \u00e9s elfogadom az adatv\u00e9delmi t\u00e1j\u00e9koztat\u00f3t. Hozz\u00e1j\u00e1rulok ahhoz, hogy a k\u00e9rt adatokat a Hubers Landhendl GmbH-n\u00e1l t\u00f6rt\u00e9n\u0151 jelentkez\u00e9sem c\u00e9lj\u00e1b\u00f3l feldolgozz\u00e1k \u00e9s felhaszn\u00e1lj\u00e1k. Ezt a hozz\u00e1j\u00e1rul\u00e1st b\u00e1rmikor \u00edr\u00e1sban visszavonhatom.\" data-required_mark=\"required\" data-field_type=\"checkbox\" data-original_id=\"bestatigung\" \/><label for=\"et_pb_contact_0_bestatigung_8_0\"><i><\/i>Meger\u0151s\u00edt\u00e9s Meger\u0151s\u00edtem, hogy elolvastam \u00e9s elfogadom az adatv\u00e9delmi t\u00e1j\u00e9koztat\u00f3t. Hozz\u00e1j\u00e1rulok ahhoz, hogy a k\u00e9rt adatokat a Hubers Landhendl GmbH-n\u00e1l t\u00f6rt\u00e9n\u0151 jelentkez\u00e9sem c\u00e9lj\u00e1b\u00f3l feldolgozz\u00e1k \u00e9s felhaszn\u00e1lj\u00e1k. Ezt a hozz\u00e1j\u00e1rul\u00e1st b\u00e1rmikor \u00edr\u00e1sban visszavonhatom.<\/label><\/span><\/span><\/span><\/div><input type=\"hidden\" name=\"et_pb_contactform_submit_1df2727c-eabc-47f1-956a-352673414f23\" value=\"et_contact_proccess\" \/><div class=\"et_contact_bottom_container\"><div class=\"et_pb_contact_right et_pb_contact_field\"><p class=\"clearfix\"><span class=\"et_pb_contact_captcha_question\">5 + 9<\/span> = <input type=\"text\" size=\"2\" class=\"input et_pb_contact_captcha\" data-first_digit=\"5\" data-second_digit=\"9\" data-required_mark=\"required\" name=\"et_pb_contact_captcha_1df2727c-eabc-47f1-956a-352673414f23\" autocomplete=\"off\" \/><\/p><\/div><div class=\"et_pb_button_wrapper\"><button type=\"submit\" name=\"et_builder_submit_button\" class=\"et_pb_button et_pb_contact_submit\">Elk\u00fcld\u00e9s<\/button><\/div><\/div><input type=\"hidden\" id=\"_wpnonce-et-pb-contact-form-submitted-1df2727c-eabc-47f1-956a-352673414f23\" name=\"_wpnonce-et-pb-contact-form-submitted-1df2727c-eabc-47f1-956a-352673414f23\" value=\"600fe0e8af\" \/><input type=\"hidden\" name=\"_wp_http_referer\" value=\"\/hu\/wp-json\/wp\/v2\/pages\/22993282\" \/><\/form><\/div><\/div><\/div><\/div><div class=\"et_pb_bottom_inside_divider et-no-transition\"><\/div><\/div>\n","protected":false},"excerpt":{"rendered":"","protected":false},"author":1,"featured_media":0,"parent":22993265,"menu_order":0,"comment_status":"closed","ping_status":"closed","template":"","meta":{"_acf_changed":false,"wprm-recipe-roundup-name":"","wprm-recipe-roundup-description":"","footnotes":""},"dipi_cpt_category":[],"difl_page_category":[],"class_list":["post-22993282","page","type-page","status-publish","hentry"],"acf":[],"yoast_head":"<!-- This site is optimized with the Yoast SEO plugin v27.4 - https:\/\/yoast.com\/product\/yoast-seo-wordpress\/ -->\n<title>Szakmunk\u00e1stanul\u00f3k - Hubers Landhendl<\/title>\n<meta name=\"robots\" content=\"index, follow, max-snippet:-1, max-image-preview:large, max-video-preview:-1\" \/>\n<link rel=\"canonical\" href=\"https:\/\/www.huberslandhendl.at\/hu\/karrier\/szakmunkastanulok\/\" \/>\n<meta property=\"og:locale\" content=\"hu_HU\" \/>\n<meta property=\"og:type\" content=\"article\" \/>\n<meta property=\"og:title\" content=\"Szakmunk\u00e1stanul\u00f3k - Hubers Landhendl\" \/>\n<meta property=\"og:url\" content=\"https:\/\/www.huberslandhendl.at\/hu\/karrier\/szakmunkastanulok\/\" \/>\n<meta property=\"og:site_name\" content=\"Hubers Landhendl\" \/>\n<meta property=\"article:publisher\" content=\"https:\/\/www.facebook.com\/huberslandhendl\" \/>\n<meta property=\"article:modified_time\" content=\"2026-03-10T12:53:20+00:00\" \/>\n<meta name=\"twitter:card\" content=\"summary_large_image\" \/>\n<script type=\"application\/ld+json\" class=\"yoast-schema-graph\">{\"@context\":\"https:\\\/\\\/schema.org\",\"@graph\":[{\"@type\":\"WebPage\",\"@id\":\"https:\\\/\\\/www.huberslandhendl.at\\\/hu\\\/karrier\\\/szakmunkastanulok\\\/\",\"url\":\"https:\\\/\\\/www.huberslandhendl.at\\\/hu\\\/karrier\\\/szakmunkastanulok\\\/\",\"name\":\"Szakmunk\u00e1stanul\u00f3k - Hubers Landhendl\",\"isPartOf\":{\"@id\":\"https:\\\/\\\/www.huberslandhendl.at\\\/hu\\\/#website\"},\"datePublished\":\"2023-01-09T11:21:40+00:00\",\"dateModified\":\"2026-03-10T12:53:20+00:00\",\"breadcrumb\":{\"@id\":\"https:\\\/\\\/www.huberslandhendl.at\\\/hu\\\/karrier\\\/szakmunkastanulok\\\/#breadcrumb\"},\"inLanguage\":\"hu\",\"potentialAction\":[{\"@type\":\"ReadAction\",\"target\":[\"https:\\\/\\\/www.huberslandhendl.at\\\/hu\\\/karrier\\\/szakmunkastanulok\\\/\"]}]},{\"@type\":\"BreadcrumbList\",\"@id\":\"https:\\\/\\\/www.huberslandhendl.at\\\/hu\\\/karrier\\\/szakmunkastanulok\\\/#breadcrumb\",\"itemListElement\":[{\"@type\":\"ListItem\",\"position\":1,\"name\":\"Startseite\",\"item\":\"https:\\\/\\\/www.huberslandhendl.at\\\/hu\\\/\"},{\"@type\":\"ListItem\",\"position\":2,\"name\":\"Karrier\",\"item\":\"https:\\\/\\\/www.huberslandhendl.at\\\/hu\\\/karriere\\\/\"},{\"@type\":\"ListItem\",\"position\":3,\"name\":\"Szakmunk\u00e1stanul\u00f3k\"}]},{\"@type\":\"WebSite\",\"@id\":\"https:\\\/\\\/www.huberslandhendl.at\\\/hu\\\/#website\",\"url\":\"https:\\\/\\\/www.huberslandhendl.at\\\/hu\\\/\",\"name\":\"Hubers Landhendl\",\"description\":\"\",\"publisher\":{\"@id\":\"https:\\\/\\\/www.huberslandhendl.at\\\/hu\\\/#organization\"},\"potentialAction\":[{\"@type\":\"SearchAction\",\"target\":{\"@type\":\"EntryPoint\",\"urlTemplate\":\"https:\\\/\\\/www.huberslandhendl.at\\\/hu\\\/?s={search_term_string}\"},\"query-input\":{\"@type\":\"PropertyValueSpecification\",\"valueRequired\":true,\"valueName\":\"search_term_string\"}}],\"inLanguage\":\"hu\"},{\"@type\":\"Organization\",\"@id\":\"https:\\\/\\\/www.huberslandhendl.at\\\/hu\\\/#organization\",\"name\":\"Hubers Landhendl\",\"url\":\"https:\\\/\\\/www.huberslandhendl.at\\\/hu\\\/\",\"logo\":{\"@type\":\"ImageObject\",\"inLanguage\":\"hu\",\"@id\":\"https:\\\/\\\/www.huberslandhendl.at\\\/hu\\\/#\\\/schema\\\/logo\\\/image\\\/\",\"url\":\"https:\\\/\\\/www.huberslandhendl.at\\\/wp-content\\\/uploads\\\/2023\\\/01\\\/logo-hubers-r.png\",\"contentUrl\":\"https:\\\/\\\/www.huberslandhendl.at\\\/wp-content\\\/uploads\\\/2023\\\/01\\\/logo-hubers-r.png\",\"width\":793,\"height\":339,\"caption\":\"Hubers Landhendl\"},\"image\":{\"@id\":\"https:\\\/\\\/www.huberslandhendl.at\\\/hu\\\/#\\\/schema\\\/logo\\\/image\\\/\"},\"sameAs\":[\"https:\\\/\\\/www.facebook.com\\\/huberslandhendl\"]}]}<\/script>\n<!-- \/ Yoast SEO plugin. -->","yoast_head_json":{"title":"Szakmunk\u00e1stanul\u00f3k - Hubers Landhendl","robots":{"index":"index","follow":"follow","max-snippet":"max-snippet:-1","max-image-preview":"max-image-preview:large","max-video-preview":"max-video-preview:-1"},"canonical":"https:\/\/www.huberslandhendl.at\/hu\/karrier\/szakmunkastanulok\/","og_locale":"hu_HU","og_type":"article","og_title":"Szakmunk\u00e1stanul\u00f3k - Hubers Landhendl","og_url":"https:\/\/www.huberslandhendl.at\/hu\/karrier\/szakmunkastanulok\/","og_site_name":"Hubers Landhendl","article_publisher":"https:\/\/www.facebook.com\/huberslandhendl","article_modified_time":"2026-03-10T12:53:20+00:00","twitter_card":"summary_large_image","schema":{"@context":"https:\/\/schema.org","@graph":[{"@type":"WebPage","@id":"https:\/\/www.huberslandhendl.at\/hu\/karrier\/szakmunkastanulok\/","url":"https:\/\/www.huberslandhendl.at\/hu\/karrier\/szakmunkastanulok\/","name":"Szakmunk\u00e1stanul\u00f3k - Hubers Landhendl","isPartOf":{"@id":"https:\/\/www.huberslandhendl.at\/hu\/#website"},"datePublished":"2023-01-09T11:21:40+00:00","dateModified":"2026-03-10T12:53:20+00:00","breadcrumb":{"@id":"https:\/\/www.huberslandhendl.at\/hu\/karrier\/szakmunkastanulok\/#breadcrumb"},"inLanguage":"hu","potentialAction":[{"@type":"ReadAction","target":["https:\/\/www.huberslandhendl.at\/hu\/karrier\/szakmunkastanulok\/"]}]},{"@type":"BreadcrumbList","@id":"https:\/\/www.huberslandhendl.at\/hu\/karrier\/szakmunkastanulok\/#breadcrumb","itemListElement":[{"@type":"ListItem","position":1,"name":"Startseite","item":"https:\/\/www.huberslandhendl.at\/hu\/"},{"@type":"ListItem","position":2,"name":"Karrier","item":"https:\/\/www.huberslandhendl.at\/hu\/karriere\/"},{"@type":"ListItem","position":3,"name":"Szakmunk\u00e1stanul\u00f3k"}]},{"@type":"WebSite","@id":"https:\/\/www.huberslandhendl.at\/hu\/#website","url":"https:\/\/www.huberslandhendl.at\/hu\/","name":"Hubers Landhendl","description":"","publisher":{"@id":"https:\/\/www.huberslandhendl.at\/hu\/#organization"},"potentialAction":[{"@type":"SearchAction","target":{"@type":"EntryPoint","urlTemplate":"https:\/\/www.huberslandhendl.at\/hu\/?s={search_term_string}"},"query-input":{"@type":"PropertyValueSpecification","valueRequired":true,"valueName":"search_term_string"}}],"inLanguage":"hu"},{"@type":"Organization","@id":"https:\/\/www.huberslandhendl.at\/hu\/#organization","name":"Hubers Landhendl","url":"https:\/\/www.huberslandhendl.at\/hu\/","logo":{"@type":"ImageObject","inLanguage":"hu","@id":"https:\/\/www.huberslandhendl.at\/hu\/#\/schema\/logo\/image\/","url":"https:\/\/www.huberslandhendl.at\/wp-content\/uploads\/2023\/01\/logo-hubers-r.png","contentUrl":"https:\/\/www.huberslandhendl.at\/wp-content\/uploads\/2023\/01\/logo-hubers-r.png","width":793,"height":339,"caption":"Hubers Landhendl"},"image":{"@id":"https:\/\/www.huberslandhendl.at\/hu\/#\/schema\/logo\/image\/"},"sameAs":["https:\/\/www.facebook.com\/huberslandhendl"]}]}},"post_mailing_queue_ids":[],"_links":{"self":[{"href":"https:\/\/www.huberslandhendl.at\/hu\/wp-json\/wp\/v2\/pages\/22993282","targetHints":{"allow":["GET"]}}],"collection":[{"href":"https:\/\/www.huberslandhendl.at\/hu\/wp-json\/wp\/v2\/pages"}],"about":[{"href":"https:\/\/www.huberslandhendl.at\/hu\/wp-json\/wp\/v2\/types\/page"}],"author":[{"embeddable":true,"href":"https:\/\/www.huberslandhendl.at\/hu\/wp-json\/wp\/v2\/users\/1"}],"replies":[{"embeddable":true,"href":"https:\/\/www.huberslandhendl.at\/hu\/wp-json\/wp\/v2\/comments?post=22993282"}],"version-history":[{"count":10,"href":"https:\/\/www.huberslandhendl.at\/hu\/wp-json\/wp\/v2\/pages\/22993282\/revisions"}],"predecessor-version":[{"id":22996597,"href":"https:\/\/www.huberslandhendl.at\/hu\/wp-json\/wp\/v2\/pages\/22993282\/revisions\/22996597"}],"up":[{"embeddable":true,"href":"https:\/\/www.huberslandhendl.at\/hu\/wp-json\/wp\/v2\/pages\/22993265"}],"wp:attachment":[{"href":"https:\/\/www.huberslandhendl.at\/hu\/wp-json\/wp\/v2\/media?parent=22993282"}],"wp:term":[{"taxonomy":"dipi_cpt_category","embeddable":true,"href":"https:\/\/www.huberslandhendl.at\/hu\/wp-json\/wp\/v2\/dipi_cpt_category?post=22993282"},{"taxonomy":"difl_page_category","embeddable":true,"href":"https:\/\/www.huberslandhendl.at\/hu\/wp-json\/wp\/v2\/difl_page_category?post=22993282"}],"curies":[{"name":"wp","href":"https:\/\/api.w.org\/{rel}","templated":true}]}}