{"id":22993294,"date":"2023-01-09T12:21:24","date_gmt":"2023-01-09T11:21:24","guid":{"rendered":"http:\/\/hubers-translation.aufwind.co.at\/karrier\/allasajanlatok\/"},"modified":"2026-03-10T13:53:15","modified_gmt":"2026-03-10T12:53:15","slug":"allasajanlatok","status":"publish","type":"page","link":"https:\/\/www.huberslandhendl.at\/hu\/karrier\/allasajanlatok\/","title":{"rendered":"Bet\u00f6lthet\u0151 \u00e1ll\u00e1sok"},"content":{"rendered":"\n<div class=\"et_pb_section_0 et_pb_section et_section_regular et_block_section\"><div class=\"et_pb_row_0 et_pb_row et_block_row\"><div class=\"et_pb_column_0 et_pb_column et_pb_column_1_3 et_block_column et_pb_column_empty et_pb_css_mix_blend_mode_passthrough\"><\/div><div class=\"et_pb_column_1 et_pb_column et_pb_column_1_3 et_block_column et_pb_column_empty et_pb_css_mix_blend_mode_passthrough\"><\/div><div class=\"et_pb_column_2 et_pb_column et_pb_column_1_3 et-last-child et_block_column et_pb_css_mix_blend_mode_passthrough\"><div class=\"et_pb_text_0 et_pb_text et_pb_bg_layout_light et_pb_module et_block_module\"><div class=\"et_pb_text_inner\"><p>Ha t\u00f6bbet szeretne megtudni a felk\u00edn\u00e1lt \u00e1ll\u00e1sokr\u00f3l, k\u00e9rj\u00fck, l\u00e9pjen kapcsolatba vel\u00fcnk:<\/p>\n<h4><\/h4>\n<h4>Daniela Vitzthum<\/h4>\n<p><em>HR menedzser<\/em><\/p>\n<p><a class=\"mlink\" href=\"mailto:jobs@huberslandhendl.at\" target=\"_blank\" rel=\"noopener\">jobs@huberslandhendl.at<\/a><br \/>\n  <a class=\"mlink\" href=\"tel:+4377423208197\" target=\"_blank\" rel=\"noopener\">+43 7742 3208 121<\/a><\/p>\n<\/div><\/div><\/div><\/div><div class=\"et_pb_row_1 et_pb_row et_pb_row_3-4_1-4 et_pb_gutters2 et_block_row et_block_row_3-4_1-4\"><div class=\"et_pb_column_3 et_pb_column et_pb_column_3_4 et_block_column et_pb_css_mix_blend_mode_passthrough\"><div class=\"dipi_dual_heading_0 dipi_dual_heading et_pb_bg_layout_light et_pb_module\"><div class=\"dipi-dual-heading \">\n                <h1 class=\"dipi-dh-main\">\n                    <span class=\"dipi-dh-first-heading\">\n                        <span class=\"dipi-dh-animation-container\">\n                            <span class=\"dipi-dh-bg-container\">\n                                <div>Bet\u00f6lthet\u0151 \u00e1ll\u00e1sok<\/div>\n                            <\/span>\n                        <\/span>\n                    <\/span>\n                    <span class=\"dipi-dh-second-heading\">\n                        <span class=\"dipi-dh-animation-container\">\n                            <span class=\"dipi-dh-bg-container\">\n                                <div>Second<\/div>\n                            <\/span>\n                        <\/span>\n                    <\/span>\n                <\/h1>\n            <\/div><\/div><\/div><div class=\"et_pb_column_4 et_pb_column et_pb_column_1_4 et-last-child et_block_column et_pb_column_empty et_pb_css_mix_blend_mode_passthrough\"><\/div><\/div><div class=\"et_pb_row_2 et_pb_row et_block_row\"><div class=\"et_pb_column_5 et_pb_column et_pb_column_4_4 et-last-child et_block_column et_pb_css_mix_blend_mode_passthrough\"><div class=\"et_pb_text_1 et_pb_text et_pb_bg_layout_light et_pb_module et_block_module\"><div class=\"et_pb_text_inner\"><p>A Hubers Landhendl a Bell Food Group v\u00e1llalatcsoporthoz tartozik. A megp\u00e1ly\u00e1zhat\u00f3 \u00e1ll\u00e1saink \u00e1ttekint\u00e9s\u00e9hez ez\u00e9rt \u00e1tir\u00e1ny\u00edtunk a Bell Food Group karrierport\u00e1lj\u00e1ra. Itt megtal\u00e1lod a v\u00e1llalatunkn\u00e1l jelenleg megp\u00e1ly\u00e1zhat\u00f3 \u00f6sszes \u00e1ll\u00e1st..<\/p>\n<p>Te is legy\u00e9l a hubers family r\u00e9sze! \u00d6r\u00fcl\u00fcnk, hogy tal\u00e1lkozhatunk.<\/p>\n<\/div><\/div><\/div><\/div><div class=\"et_pb_row_3 et_pb_row et_block_row custom_row\"><div class=\"et_pb_column_6 et_pb_column et_pb_column_4_4 et-last-child et_block_column et_pb_css_mix_blend_mode_passthrough second-on-mobile\"><div class=\"et_pb_blurb_0 et_pb_blurb et_pb_bg_layout_light et_pb_blurb_position_left et_clickable et_pb_module et_block_module\"><div class=\"et_pb_blurb_content\"><div class=\"et_pb_main_blurb_image\"><span class=\"et_pb_image_wrap\"><span class=\"et-pb-icon et-waypoint et_pb_animation_top et_pb_animation_top_tablet et_pb_animation_top_phone\">i<\/span><\/span><\/div><div class=\"et_pb_blurb_container\"><div class=\"et_pb_blurb_description\"><p>Itt tal\u00e1lod a karrierport\u00e1lon <strong><br \/>\n  <a href=\"https:\/\/career.bellfoodgroup.com\/en\/vacancies?job_filter_group%5B%5D=2378&amp;location%5B%5D=5223+Pfaffst%C3%A4tt&amp;dateSort=desc\" target=\"_blank\" rel=\"noopener\" title=\"A Hubers Landhendl \u00e1ll\u00e1saj\u00e1nlatai\">meghirdetett \u00e1ll\u00e1saj\u00e1nlatokat:<\/a><br \/>\n<\/strong><\/p>\n<\/div><\/div><\/div><\/div><\/div><\/div><div class=\"et_pb_row_4 et_pb_row et_block_row custom_row\"><div class=\"et_pb_column_7 et_pb_column et_pb_column_4_4 et-last-child et_block_column et_pb_css_mix_blend_mode_passthrough second-on-mobile\"><div class=\"et_pb_code_0 et_pb_code et_pb_module\"><div class=\"et_pb_code_inner\"><style>\n       .errordiv { padding:10px; margin:10px; border: 1px solid #555555;color: #000000;background-color: #f8f8f8; width:500px; }#advanced_iframe {visibility:visible;opacity:1;vertical-align:top;}.ai-info-bottom-iframe { position: fixed; z-index: 10000; bottom:0; left: 0; margin: 0px; text-align: center; width: 100%; background-color: #ff9999; padding-left: 5px;padding-bottom: 5px; border-top: 1px solid #aaa } a.ai-bold {font-weight: bold;}#ai-layer-div-advanced_iframe p {height:100%;margin:0;padding:0}<\/style><script type=\"text\/javascript\">var ai_iframe_width_advanced_iframe = 0;var ai_iframe_height_advanced_iframe = 0;var aiOnloadScrollTop=\"true\";var aiShowDebug=false;\n\t\tif (typeof aiReadyCallbacks === 'undefined') {\n\t\t\tvar aiReadyCallbacks = [];\n\t\t} else if (!(aiReadyCallbacks instanceof Array)) {\n\t\t\tvar aiReadyCallbacks = [];\n\t\t}    function aiShowIframeId(id_iframe) { jQuery(\"#\"+id_iframe).css(\"visibility\", \"visible\");    }    function aiResizeIframeHeight(height) { aiResizeIframeHeight(height,advanced_iframe); }    function aiResizeIframeHeightId(height,width,id) {aiResizeIframeHeightById(id,height);}<\/script><iframe id=\"advanced_iframe\"  name=\"advanced_iframe\"  src=\"https:\/\/www.bellfoodgroup.com\/de\/karriere\/offene-stellen\/?jobtitle====Hubers+Landhendl+GmbH\"  width=\"100%\"  height=\"2000px\"  frameborder=\"0\"  border=\"0\"  allowtransparency=\"true\"  loading=\"lazy\"  style=\";border-width: 0px;;border: none;;width:100%;;height:2000px;\" ><\/iframe><script type=\"text\/javascript\">var ifrm_advanced_iframe = document.getElementById(\"advanced_iframe\");var hiddenTabsDoneadvanced_iframe = false;\nfunction resizeCallbackadvanced_iframe() {}<\/script><script type=\"text\/javascript\"><\/script><\/div><\/div><\/div><\/div><\/div><div class=\"et_pb_section_1 et_pb_section et_section_regular et_block_section\"><\/div>\n","protected":false},"excerpt":{"rendered":"","protected":false},"author":1,"featured_media":0,"parent":22993265,"menu_order":0,"comment_status":"closed","ping_status":"closed","template":"","meta":{"_acf_changed":false,"wprm-recipe-roundup-name":"","wprm-recipe-roundup-description":"","footnotes":""},"dipi_cpt_category":[],"difl_page_category":[],"class_list":["post-22993294","page","type-page","status-publish","hentry"],"acf":[],"yoast_head":"<!-- This site is optimized with the Yoast SEO plugin v27.4 - https:\/\/yoast.com\/product\/yoast-seo-wordpress\/ -->\n<title>Bet\u00f6lthet\u0151 \u00e1ll\u00e1sok - Hubers Landhendl<\/title>\n<meta name=\"robots\" content=\"index, follow, max-snippet:-1, max-image-preview:large, max-video-preview:-1\" \/>\n<link rel=\"canonical\" href=\"https:\/\/www.huberslandhendl.at\/hu\/karrier\/allasajanlatok\/\" \/>\n<meta property=\"og:locale\" content=\"hu_HU\" \/>\n<meta property=\"og:type\" content=\"article\" \/>\n<meta property=\"og:title\" content=\"Bet\u00f6lthet\u0151 \u00e1ll\u00e1sok - Hubers Landhendl\" \/>\n<meta property=\"og:url\" content=\"https:\/\/www.huberslandhendl.at\/hu\/karrier\/allasajanlatok\/\" \/>\n<meta property=\"og:site_name\" content=\"Hubers Landhendl\" \/>\n<meta property=\"article:publisher\" content=\"https:\/\/www.facebook.com\/huberslandhendl\" \/>\n<meta property=\"article:modified_time\" content=\"2026-03-10T12:53:15+00:00\" \/>\n<meta name=\"twitter:card\" content=\"summary_large_image\" \/>\n<meta name=\"twitter:label1\" content=\"Becs\u00fclt olvas\u00e1si id\u0151\" \/>\n\t<meta name=\"twitter:data1\" content=\"3 perc\" \/>\n<script type=\"application\/ld+json\" class=\"yoast-schema-graph\">{\"@context\":\"https:\\\/\\\/schema.org\",\"@graph\":[{\"@type\":\"WebPage\",\"@id\":\"https:\\\/\\\/www.huberslandhendl.at\\\/hu\\\/karrier\\\/allasajanlatok\\\/\",\"url\":\"https:\\\/\\\/www.huberslandhendl.at\\\/hu\\\/karrier\\\/allasajanlatok\\\/\",\"name\":\"Bet\u00f6lthet\u0151 \u00e1ll\u00e1sok - Hubers Landhendl\",\"isPartOf\":{\"@id\":\"https:\\\/\\\/www.huberslandhendl.at\\\/hu\\\/#website\"},\"datePublished\":\"2023-01-09T11:21:24+00:00\",\"dateModified\":\"2026-03-10T12:53:15+00:00\",\"breadcrumb\":{\"@id\":\"https:\\\/\\\/www.huberslandhendl.at\\\/hu\\\/karrier\\\/allasajanlatok\\\/#breadcrumb\"},\"inLanguage\":\"hu\",\"potentialAction\":[{\"@type\":\"ReadAction\",\"target\":[\"https:\\\/\\\/www.huberslandhendl.at\\\/hu\\\/karrier\\\/allasajanlatok\\\/\"]}]},{\"@type\":\"BreadcrumbList\",\"@id\":\"https:\\\/\\\/www.huberslandhendl.at\\\/hu\\\/karrier\\\/allasajanlatok\\\/#breadcrumb\",\"itemListElement\":[{\"@type\":\"ListItem\",\"position\":1,\"name\":\"Startseite\",\"item\":\"https:\\\/\\\/www.huberslandhendl.at\\\/hu\\\/\"},{\"@type\":\"ListItem\",\"position\":2,\"name\":\"Karrier\",\"item\":\"https:\\\/\\\/www.huberslandhendl.at\\\/hu\\\/karriere\\\/\"},{\"@type\":\"ListItem\",\"position\":3,\"name\":\"Bet\u00f6lthet\u0151 \u00e1ll\u00e1sok\"}]},{\"@type\":\"WebSite\",\"@id\":\"https:\\\/\\\/www.huberslandhendl.at\\\/hu\\\/#website\",\"url\":\"https:\\\/\\\/www.huberslandhendl.at\\\/hu\\\/\",\"name\":\"Hubers Landhendl\",\"description\":\"\",\"publisher\":{\"@id\":\"https:\\\/\\\/www.huberslandhendl.at\\\/hu\\\/#organization\"},\"potentialAction\":[{\"@type\":\"SearchAction\",\"target\":{\"@type\":\"EntryPoint\",\"urlTemplate\":\"https:\\\/\\\/www.huberslandhendl.at\\\/hu\\\/?s={search_term_string}\"},\"query-input\":{\"@type\":\"PropertyValueSpecification\",\"valueRequired\":true,\"valueName\":\"search_term_string\"}}],\"inLanguage\":\"hu\"},{\"@type\":\"Organization\",\"@id\":\"https:\\\/\\\/www.huberslandhendl.at\\\/hu\\\/#organization\",\"name\":\"Hubers Landhendl\",\"url\":\"https:\\\/\\\/www.huberslandhendl.at\\\/hu\\\/\",\"logo\":{\"@type\":\"ImageObject\",\"inLanguage\":\"hu\",\"@id\":\"https:\\\/\\\/www.huberslandhendl.at\\\/hu\\\/#\\\/schema\\\/logo\\\/image\\\/\",\"url\":\"https:\\\/\\\/www.huberslandhendl.at\\\/wp-content\\\/uploads\\\/2023\\\/01\\\/logo-hubers-r.png\",\"contentUrl\":\"https:\\\/\\\/www.huberslandhendl.at\\\/wp-content\\\/uploads\\\/2023\\\/01\\\/logo-hubers-r.png\",\"width\":793,\"height\":339,\"caption\":\"Hubers Landhendl\"},\"image\":{\"@id\":\"https:\\\/\\\/www.huberslandhendl.at\\\/hu\\\/#\\\/schema\\\/logo\\\/image\\\/\"},\"sameAs\":[\"https:\\\/\\\/www.facebook.com\\\/huberslandhendl\"]}]}<\/script>\n<!-- \/ Yoast SEO plugin. -->","yoast_head_json":{"title":"Bet\u00f6lthet\u0151 \u00e1ll\u00e1sok - Hubers Landhendl","robots":{"index":"index","follow":"follow","max-snippet":"max-snippet:-1","max-image-preview":"max-image-preview:large","max-video-preview":"max-video-preview:-1"},"canonical":"https:\/\/www.huberslandhendl.at\/hu\/karrier\/allasajanlatok\/","og_locale":"hu_HU","og_type":"article","og_title":"Bet\u00f6lthet\u0151 \u00e1ll\u00e1sok - Hubers Landhendl","og_url":"https:\/\/www.huberslandhendl.at\/hu\/karrier\/allasajanlatok\/","og_site_name":"Hubers Landhendl","article_publisher":"https:\/\/www.facebook.com\/huberslandhendl","article_modified_time":"2026-03-10T12:53:15+00:00","twitter_card":"summary_large_image","twitter_misc":{"Becs\u00fclt olvas\u00e1si id\u0151":"3 perc"},"schema":{"@context":"https:\/\/schema.org","@graph":[{"@type":"WebPage","@id":"https:\/\/www.huberslandhendl.at\/hu\/karrier\/allasajanlatok\/","url":"https:\/\/www.huberslandhendl.at\/hu\/karrier\/allasajanlatok\/","name":"Bet\u00f6lthet\u0151 \u00e1ll\u00e1sok - Hubers Landhendl","isPartOf":{"@id":"https:\/\/www.huberslandhendl.at\/hu\/#website"},"datePublished":"2023-01-09T11:21:24+00:00","dateModified":"2026-03-10T12:53:15+00:00","breadcrumb":{"@id":"https:\/\/www.huberslandhendl.at\/hu\/karrier\/allasajanlatok\/#breadcrumb"},"inLanguage":"hu","potentialAction":[{"@type":"ReadAction","target":["https:\/\/www.huberslandhendl.at\/hu\/karrier\/allasajanlatok\/"]}]},{"@type":"BreadcrumbList","@id":"https:\/\/www.huberslandhendl.at\/hu\/karrier\/allasajanlatok\/#breadcrumb","itemListElement":[{"@type":"ListItem","position":1,"name":"Startseite","item":"https:\/\/www.huberslandhendl.at\/hu\/"},{"@type":"ListItem","position":2,"name":"Karrier","item":"https:\/\/www.huberslandhendl.at\/hu\/karriere\/"},{"@type":"ListItem","position":3,"name":"Bet\u00f6lthet\u0151 \u00e1ll\u00e1sok"}]},{"@type":"WebSite","@id":"https:\/\/www.huberslandhendl.at\/hu\/#website","url":"https:\/\/www.huberslandhendl.at\/hu\/","name":"Hubers Landhendl","description":"","publisher":{"@id":"https:\/\/www.huberslandhendl.at\/hu\/#organization"},"potentialAction":[{"@type":"SearchAction","target":{"@type":"EntryPoint","urlTemplate":"https:\/\/www.huberslandhendl.at\/hu\/?s={search_term_string}"},"query-input":{"@type":"PropertyValueSpecification","valueRequired":true,"valueName":"search_term_string"}}],"inLanguage":"hu"},{"@type":"Organization","@id":"https:\/\/www.huberslandhendl.at\/hu\/#organization","name":"Hubers Landhendl","url":"https:\/\/www.huberslandhendl.at\/hu\/","logo":{"@type":"ImageObject","inLanguage":"hu","@id":"https:\/\/www.huberslandhendl.at\/hu\/#\/schema\/logo\/image\/","url":"https:\/\/www.huberslandhendl.at\/wp-content\/uploads\/2023\/01\/logo-hubers-r.png","contentUrl":"https:\/\/www.huberslandhendl.at\/wp-content\/uploads\/2023\/01\/logo-hubers-r.png","width":793,"height":339,"caption":"Hubers Landhendl"},"image":{"@id":"https:\/\/www.huberslandhendl.at\/hu\/#\/schema\/logo\/image\/"},"sameAs":["https:\/\/www.facebook.com\/huberslandhendl"]}]}},"post_mailing_queue_ids":[],"_links":{"self":[{"href":"https:\/\/www.huberslandhendl.at\/hu\/wp-json\/wp\/v2\/pages\/22993294","targetHints":{"allow":["GET"]}}],"collection":[{"href":"https:\/\/www.huberslandhendl.at\/hu\/wp-json\/wp\/v2\/pages"}],"about":[{"href":"https:\/\/www.huberslandhendl.at\/hu\/wp-json\/wp\/v2\/types\/page"}],"author":[{"embeddable":true,"href":"https:\/\/www.huberslandhendl.at\/hu\/wp-json\/wp\/v2\/users\/1"}],"replies":[{"embeddable":true,"href":"https:\/\/www.huberslandhendl.at\/hu\/wp-json\/wp\/v2\/comments?post=22993294"}],"version-history":[{"count":10,"href":"https:\/\/www.huberslandhendl.at\/hu\/wp-json\/wp\/v2\/pages\/22993294\/revisions"}],"predecessor-version":[{"id":22996593,"href":"https:\/\/www.huberslandhendl.at\/hu\/wp-json\/wp\/v2\/pages\/22993294\/revisions\/22996593"}],"up":[{"embeddable":true,"href":"https:\/\/www.huberslandhendl.at\/hu\/wp-json\/wp\/v2\/pages\/22993265"}],"wp:attachment":[{"href":"https:\/\/www.huberslandhendl.at\/hu\/wp-json\/wp\/v2\/media?parent=22993294"}],"wp:term":[{"taxonomy":"dipi_cpt_category","embeddable":true,"href":"https:\/\/www.huberslandhendl.at\/hu\/wp-json\/wp\/v2\/dipi_cpt_category?post=22993294"},{"taxonomy":"difl_page_category","embeddable":true,"href":"https:\/\/www.huberslandhendl.at\/hu\/wp-json\/wp\/v2\/difl_page_category?post=22993294"}],"curies":[{"name":"wp","href":"https:\/\/api.w.org\/{rel}","templated":true}]}}