{"id":22992423,"date":"2023-01-09T12:20:06","date_gmt":"2023-01-09T11:20:06","guid":{"rendered":"http:\/\/hubers-translation.aufwind.co.at\/gama-de-produse\/landhendl\/pasari-hranite-bio\/"},"modified":"2026-03-10T13:52:49","modified_gmt":"2026-03-10T12:52:49","slug":"pasari-hranite-bio","status":"publish","type":"page","link":"https:\/\/www.huberslandhendl.at\/ro\/gama-de-produse\/landhendl\/pasari-hranite-bio\/","title":{"rendered":"P\u0103s\u0103ri hr\u0103nite Bio"},"content":{"rendered":"\n<div class=\"et_pb_section_0 et_pb_section et_section_regular et_block_section\"><div class=\"et_pb_row_0 et_pb_row et-vb-row--no-module et_block_row et-pb-has-background-video et_pb_preload\"><span class=\"et-pb-background-video\"><video autoplay loop playsinline muted><source type=\"video\/mp4\" src=\"https:\/\/www.huberslandhendl.at\/wp-content\/uploads\/2024\/10\/Hubers-Biohendl-Dorf-an-der-Pram-final.mp4\" \/><\/video><\/span><div class=\"et_pb_column_0 et_pb_column et_pb_column_4_4 et-last-child et_block_column et_pb_column_empty et_pb_css_mix_blend_mode_passthrough\"><\/div><\/div><div class=\"et_pb_row_1 et_pb_row et_pb_row_3-4_1-4 et_block_row et_block_row_3-4_1-4\"><div class=\"et_pb_column_1 et_pb_column et_pb_column_3_4 et_block_column et_pb_css_mix_blend_mode_passthrough\"><div class=\"dipi_dual_heading_0 dipi_dual_heading et_pb_bg_layout_light et_pb_module\"><div class=\"dipi-dual-heading \">\n                <h1 class=\"dipi-dh-main\">\n                    <span class=\"dipi-dh-first-heading\">\n                        <span class=\"dipi-dh-animation-container\">\n                            <span class=\"dipi-dh-bg-container\">\n                                <div>P\u0103s\u0103ri hr\u0103nite Bio<\/div>\n                            <\/span>\n                        <\/span>\n                    <\/span>\n                    <span class=\"dipi-dh-second-heading\">\n                        <span class=\"dipi-dh-animation-container\">\n                            <span class=\"dipi-dh-bg-container\">\n                                <div>Second<\/div>\n                            <\/span>\n                        <\/span>\n                    <\/span>\n                <\/h1>\n            <\/div><\/div><\/div><div class=\"et_pb_column_2 et_pb_column et_pb_column_1_4 et-last-child et_block_column et_pb_column_empty et_pb_css_mix_blend_mode_passthrough\"><\/div><\/div><div class=\"et_pb_row_2 et_pb_row et_block_row\"><div class=\"et_pb_column_3 et_pb_column et_pb_column_2_5 et_block_column et_pb_css_mix_blend_mode_passthrough\"><div class=\"et_pb_text_0 et_pb_text et_pb_bg_layout_light et_pb_module et_block_module\"><div class=\"et_pb_text_inner\"><p>Sectorul Bio nu reprezint\u0103 o noutate pentru Hubers Landhendl. Din contr\u0103: Cuplul fondator al fermei, Maria \u0219i Johann Huber, a \u00eenceput s\u0103 proceseze pui Bio \u00een Pfaffst\u00e4tt \u00een urm\u0103 cu peste 30 de ani. Hubers Landhendl sunt, prin urmare, adev\u0103ra\u021bi pionieri \u00een domeniu.<\/p>\n<p>Fermierii Bio acord\u0103 o importan\u021b\u0103 deosebit\u0103 bun\u0103st\u0103rii animalelor lor. Din hambar, p\u0103s\u0103rile Bio au acces la o curte acoperit\u0103 \u0219i mai departe \u00een aer liber.<\/p>\n<p>Cu a\u0219ternut, lumin\u0103 natural\u0103 \u00een hambar \u0219i acces la spa\u021biu \u00een aer liber, p\u0103s\u0103rile crescute Bio pot vie\u021bui \u00een mare parte \u00een regim natural. Prin urmare, produsele noastre Bio de pas\u0103re sunt etichetate cu sigiliul \u201eProtec\u021bie a animalelor verificat\u0103\u201d.<\/p>\n<\/div><\/div><\/div><div class=\"et_pb_column_4 et_pb_column et_pb_column_3_5 et-last-child et_block_column et_pb_css_mix_blend_mode_passthrough\"><div class=\"dipi_image_mask_0 dipi_image_mask et_animated et_pb_bg_layout_light et_pb_module\"><div class=\"dipi-image-mask--mask\">\n                <svg width=\"100%\" height=\"100%\"  style=\"overflow:visible\" xmlns=\"http:\/\/www.w3.org\/2000\/svg\" xmlns:xlink=\"http:\/\/www.w3.org\/1999\/xlink\" viewBox=\"0 0 1000 1000\" aria-labelledby=\"alt-text-69e75b1f379d2\" role=\"img\">\n                    <title id=\"alt-text-69e75b1f379d2\">P\u0103s\u0103ri hr\u0103nite Bio<\/title>\n                    \n                    <style><\/style>\n                    \n                    \n                <g>\n                    \n                    <g>\n                        <defs>\n                            <mask id=\"SHAPE_1-69e75b1f379c0\" fill=\"#fff\">\n                                <g style=\"transform-origin: center; transform: rotate(0deg) scale(1 , 1)\"> \n                                    <path d=\"M53.5 46.1h441.2v441.2H53.5zm458.7 458.7h441.2V946H512.2zm0-380.3h362.7v362.7H512.2zM131.3 505.4H494v362.7H131.3z\"\/>\n                                <\/g>\n                            <\/mask>\n                        <\/defs>\n                        \n        <g style=\"mask:url(#SHAPE_1-69e75b1f379c0)\">\n            <image \n                style=\"overflow:visible\" \n                width=100%  \n                href=https:\/\/www.huberslandhendl.at\/wp-content\/uploads\/2023\/02\/intro-hubers-landhendl-bio-hendl.jpg\n                transform=\"matrix(1 0 0 1 0 0)\"\n                preserveAspectRatio=\"none\"> \n            <\/image>\n        <\/g>\n                    <\/g>\n                <\/g>\n                    \n                <\/svg>\n            <\/div><\/div><\/div><\/div><div class=\"et_pb_row_3 et_pb_row et_pb_row_5col et_block_row et_block_row_5col\"><div class=\"et_pb_column_5 et_pb_column et_pb_column_1_5 et_block_column et_pb_css_mix_blend_mode_passthrough\"><div class=\"et_pb_image_0 et_pb_image et_animated et_pb_module et_block_module\"><span class=\"et_pb_image_wrap\"><img loading=\"lazy\" decoding=\"async\" src=\"https:\/\/www.huberslandhendl.at\/wp-content\/uploads\/2023\/03\/logo-hubers-qs.jpg\" width=\"300\" height=\"300\" srcset=\"https:\/\/www.huberslandhendl.at\/wp-content\/uploads\/2023\/03\/logo-hubers-qs.jpg 300w, https:\/\/www.huberslandhendl.at\/wp-content\/uploads\/2023\/03\/logo-hubers-qs-150x150.jpg 150w\" sizes=\"(max-width: 300px) 100vw, 300px\" class=\"wp-image-22988997\" title=\"QS\" \/><\/span><\/div><\/div><div class=\"et_pb_column_6 et_pb_column et_pb_column_1_5 et_block_column et_pb_css_mix_blend_mode_passthrough\"><div class=\"et_pb_image_1 et_pb_image et_animated et_pb_module et_block_module\"><span class=\"et_pb_image_wrap\"><img loading=\"lazy\" decoding=\"async\" src=\"https:\/\/www.huberslandhendl.at\/wp-content\/uploads\/2023\/03\/logo-hubers-ohne-gen-technik.jpg\" width=\"300\" height=\"300\" srcset=\"https:\/\/www.huberslandhendl.at\/wp-content\/uploads\/2023\/03\/logo-hubers-ohne-gen-technik.jpg 300w, https:\/\/www.huberslandhendl.at\/wp-content\/uploads\/2023\/03\/logo-hubers-ohne-gen-technik-150x150.jpg 150w\" sizes=\"(max-width: 300px) 100vw, 300px\" class=\"wp-image-22988996\" title=\"nemodificate genetic\" \/><\/span><\/div><\/div><div class=\"et_pb_column_7 et_pb_column et_pb_column_1_5 et_block_column et_pb_css_mix_blend_mode_passthrough\"><div class=\"et_pb_image_2 et_pb_image et_animated et_pb_module et_block_module\"><span class=\"et_pb_image_wrap\"><img loading=\"lazy\" decoding=\"async\" src=\"https:\/\/www.huberslandhendl.at\/wp-content\/uploads\/2023\/03\/logo-hubers-bio-austria.png\" width=\"300\" height=\"300\" srcset=\"https:\/\/www.huberslandhendl.at\/wp-content\/uploads\/2023\/03\/logo-hubers-bio-austria.png 300w, https:\/\/www.huberslandhendl.at\/wp-content\/uploads\/2023\/03\/logo-hubers-bio-austria-150x150.png 150w\" sizes=\"(max-width: 300px) 100vw, 300px\" class=\"wp-image-22989006\" title=\"Bio Austria\" \/><\/span><\/div><\/div><div class=\"et_pb_column_8 et_pb_column et_pb_column_1_5 et_block_column et_pb_css_mix_blend_mode_passthrough\"><div class=\"et_pb_image_3 et_pb_image et_animated et_pb_module et_block_module\"><span class=\"et_pb_image_wrap\"><img loading=\"lazy\" decoding=\"async\" src=\"https:\/\/www.huberslandhendl.at\/wp-content\/uploads\/2023\/03\/logo-hubers-at-bio-301-eu-landwirtschaft.png\" width=\"300\" height=\"300\" srcset=\"https:\/\/www.huberslandhendl.at\/wp-content\/uploads\/2023\/03\/logo-hubers-at-bio-301-eu-landwirtschaft.png 300w, https:\/\/www.huberslandhendl.at\/wp-content\/uploads\/2023\/03\/logo-hubers-at-bio-301-eu-landwirtschaft-150x150.png 150w\" sizes=\"(max-width: 300px) 100vw, 300px\" class=\"wp-image-22989003\" title=\"AT-BIO-301\" \/><\/span><\/div><\/div><div class=\"et_pb_column_9 et_pb_column et_pb_column_1_5 et-last-child et_block_column et_pb_css_mix_blend_mode_passthrough\"><div class=\"et_pb_image_4 et_pb_image et_animated et_pb_module et_block_module\"><span class=\"et_pb_image_wrap\"><img loading=\"lazy\" decoding=\"async\" src=\"https:\/\/www.huberslandhendl.at\/wp-content\/uploads\/2023\/04\/logo-hubers-naturland.jpg\" width=\"300\" height=\"300\" srcset=\"https:\/\/www.huberslandhendl.at\/wp-content\/uploads\/2023\/04\/logo-hubers-naturland.jpg 300w, https:\/\/www.huberslandhendl.at\/wp-content\/uploads\/2023\/04\/logo-hubers-naturland-150x150.jpg 150w\" sizes=\"(max-width: 300px) 100vw, 300px\" class=\"wp-image-22989125\" title=\"Naturland\" \/><\/span><\/div><\/div><\/div><\/div><div class=\"et_pb_section_1 et_pb_section et_section_regular et_block_section section_has_divider et_pb_top_divider\"><div class=\"et_pb_top_inside_divider et-no-transition\"><\/div><span class=\"et_pb_background_pattern\"><\/span><span class=\"et_pb_background_mask\"><\/span><div class=\"et_pb_row_4 et_pb_row et_block_row\"><div class=\"et_pb_column_10 et_pb_column et_pb_column_2_5 et_block_column et_pb_css_mix_blend_mode_passthrough\"><div class=\"et_pb_image_5 et_pb_image et_animated et_pb_module et_block_module\"><span class=\"et_pb_image_wrap\"><img loading=\"lazy\" decoding=\"async\" src=\"https:\/\/www.huberslandhendl.at\/wp-content\/uploads\/2023\/01\/intro-hubers-bio-hendl-f.jpg\" width=\"900\" height=\"729\" srcset=\"https:\/\/www.huberslandhendl.at\/wp-content\/uploads\/2023\/01\/intro-hubers-bio-hendl-f.jpg 900w, https:\/\/www.huberslandhendl.at\/wp-content\/uploads\/2023\/01\/intro-hubers-bio-hendl-f-480x389.jpg 480w\" sizes=\"(min-width: 0px) and (max-width: 480px) 480px, (min-width: 481px) 900px, 100vw\" class=\"wp-image-16246876\" title=\"P\u0103s\u0103ri hr\u0103nite Bio\" \/><\/span><\/div><\/div><div class=\"et_pb_column_11 et_pb_column et_pb_column_3_5 et-last-child et_block_column et_pb_css_mix_blend_mode_passthrough\"><div class=\"et_pb_text_1 et_pb_text et_pb_bg_layout_light et_pb_module et_block_module\"><div class=\"et_pb_text_inner\"><h2>Multe motive serioase pentru puii hr\u0103ni\u021bi Bio<\/h2>\n<\/div><\/div><div class=\"et_pb_blurb_0 et_pb_blurb et_pb_bg_layout_light et_pb_blurb_position_left et_animated et_pb_module et_block_module\"><div class=\"et_pb_blurb_content\"><div class=\"et_pb_main_blurb_image\"><span class=\"et_pb_image_wrap\"><span class=\"et-pb-icon et-waypoint et_pb_animation_top et_pb_animation_top_tablet et_pb_animation_top_phone\">\uf3a1<\/span><\/span><\/div><div class=\"et_pb_blurb_container\"><h3 class=\"et_pb_module_header\">Provenien\u021b\u0103 regional\u0103<\/h3><\/div><\/div><\/div><div class=\"et_pb_blurb_1 et_pb_blurb et_pb_bg_layout_light et_pb_blurb_position_left et_animated et_pb_module et_block_module\"><div class=\"et_pb_blurb_content\"><div class=\"et_pb_main_blurb_image\"><span class=\"et_pb_image_wrap\"><span class=\"et-pb-icon et-waypoint et_pb_animation_top et_pb_animation_top_tablet et_pb_animation_top_phone\">\uf3a1<\/span><\/span><\/div><div class=\"et_pb_blurb_container\"><h3 class=\"et_pb_module_header\">Ras\u0103 original\u0103, cu cre\u0219tere lent\u0103, cu penaj maro<\/h3><\/div><\/div><\/div><div class=\"et_pb_blurb_2 et_pb_blurb et_pb_bg_layout_light et_pb_blurb_position_left et_animated et_pb_module et_block_module\"><div class=\"et_pb_blurb_content\"><div class=\"et_pb_main_blurb_image\"><span class=\"et_pb_image_wrap\"><span class=\"et-pb-icon et-waypoint et_pb_animation_top et_pb_animation_top_tablet et_pb_animation_top_phone\">\uf3a1<\/span><\/span><\/div><div class=\"et_pb_blurb_container\"><h3 class=\"et_pb_module_header\">Mult\u0103 libertate de mi\u0219care \u00een hambar<\/h3><\/div><\/div><\/div><div class=\"et_pb_blurb_3 et_pb_blurb et_pb_bg_layout_light et_pb_blurb_position_left et_animated et_pb_module et_block_module\"><div class=\"et_pb_blurb_content\"><div class=\"et_pb_main_blurb_image\"><span class=\"et_pb_image_wrap\"><span class=\"et-pb-icon et-waypoint et_pb_animation_top et_pb_animation_top_tablet et_pb_animation_top_phone\">\uf3a1<\/span><\/span><\/div><div class=\"et_pb_blurb_container\"><h3 class=\"et_pb_module_header\">Acces liber pe teren \u00eenierbat cu curte acoperit\u0103<\/h3><\/div><\/div><\/div><div class=\"et_pb_blurb_4 et_pb_blurb et_pb_bg_layout_light et_pb_blurb_position_left et_animated et_pb_module et_block_module\"><div class=\"et_pb_blurb_content\"><div class=\"et_pb_main_blurb_image\"><span class=\"et_pb_image_wrap\"><span class=\"et-pb-icon et-waypoint et_pb_animation_top et_pb_animation_top_tablet et_pb_animation_top_phone\">\uf3a1<\/span><\/span><\/div><div class=\"et_pb_blurb_container\"><h3 class=\"et_pb_module_header\">Hr\u0103nirea cu furaje biologice<\/h3><\/div><\/div><\/div><div class=\"et_pb_blurb_5 et_pb_blurb et_pb_bg_layout_light et_pb_blurb_position_left et_animated et_pb_module et_block_module\"><div class=\"et_pb_blurb_content\"><div class=\"et_pb_main_blurb_image\"><span class=\"et_pb_image_wrap\"><span class=\"et-pb-icon et-waypoint et_pb_animation_top et_pb_animation_top_tablet et_pb_animation_top_phone\">\uf3a1<\/span><\/span><\/div><div class=\"et_pb_blurb_container\"><h3 class=\"et_pb_module_header\">\u00cengrijirea s\u0103n\u0103t\u0103\u021bii cu sucuri naturale \u0219i ceaiuri din plante medicinale<\/h3><\/div><\/div><\/div><div class=\"et_pb_blurb_6 et_pb_blurb et_pb_bg_layout_light et_pb_blurb_position_left et_animated et_pb_module et_block_module\"><div class=\"et_pb_blurb_content\"><div class=\"et_pb_main_blurb_image\"><span class=\"et_pb_image_wrap\"><span class=\"et-pb-icon et-waypoint et_pb_animation_top et_pb_animation_top_tablet et_pb_animation_top_phone\">\uf3a1<\/span><\/span><\/div><div class=\"et_pb_blurb_container\"><h3 class=\"et_pb_module_header\">Inspec\u021bii periodice, neanun\u021bate, efectuate de centre de testare independente<\/h3><\/div><\/div><\/div><div class=\"et_pb_blurb_7 et_pb_blurb et_pb_bg_layout_light et_pb_blurb_position_left et_animated et_pb_module et_block_module\"><div class=\"et_pb_blurb_content\"><div class=\"et_pb_main_blurb_image\"><span class=\"et_pb_image_wrap\"><span class=\"et-pb-icon et-waypoint et_pb_animation_top et_pb_animation_top_tablet et_pb_animation_top_phone\">\uf3a1<\/span><\/span><\/div><div class=\"et_pb_blurb_container\"><h3 class=\"et_pb_module_header\">Locuri naturale de ad\u0103postire \u00een aer liber (copaci ...)<\/h3><\/div><\/div><\/div><\/div><\/div><\/div><div class=\"et_pb_section_2 et_pb_section et_pb_fullwidth_section et_section_regular et_block_section et_pb_section_parallax section_has_divider et_pb_top_divider et_pb_bottom_divider\"><div class=\"et_pb_top_inside_divider et-no-transition\"><\/div><span class=\"et-pb-parallax-wrapper\"><span class=\"et-pb-parallax-background et-pb-parallax-background--css et-pb-parallax-background-module--divi-section-2\" style=\"background-image:url(https:\/\/www.huberslandhendl.at\/wp-content\/uploads\/2023\/02\/paralax-hubers-landhendl-2.jpg)\"><\/span><\/span><div class=\"et_pb_bottom_inside_divider et-no-transition\"><\/div><\/div>\n","protected":false},"excerpt":{"rendered":"","protected":false},"author":1,"featured_media":0,"parent":22992409,"menu_order":0,"comment_status":"closed","ping_status":"closed","template":"","meta":{"_acf_changed":false,"wprm-recipe-roundup-name":"","wprm-recipe-roundup-description":"","footnotes":""},"dipi_cpt_category":[],"difl_page_category":[],"class_list":["post-22992423","page","type-page","status-publish","hentry"],"acf":[],"yoast_head":"<!-- This site is optimized with the Yoast SEO plugin v27.4 - https:\/\/yoast.com\/product\/yoast-seo-wordpress\/ -->\n<title>P\u0103s\u0103ri hr\u0103nite Bio - Hubers Landhendl<\/title>\n<meta name=\"robots\" content=\"index, follow, max-snippet:-1, max-image-preview:large, max-video-preview:-1\" \/>\n<link rel=\"canonical\" href=\"https:\/\/www.huberslandhendl.at\/ro\/gama-de-produse\/landhendl\/pasari-hranite-bio\/\" \/>\n<meta property=\"og:locale\" content=\"ro_RO\" \/>\n<meta property=\"og:type\" content=\"article\" \/>\n<meta property=\"og:title\" content=\"P\u0103s\u0103ri hr\u0103nite Bio - Hubers Landhendl\" \/>\n<meta property=\"og:url\" content=\"https:\/\/www.huberslandhendl.at\/ro\/gama-de-produse\/landhendl\/pasari-hranite-bio\/\" \/>\n<meta property=\"og:site_name\" content=\"Hubers Landhendl\" \/>\n<meta property=\"article:publisher\" content=\"https:\/\/www.facebook.com\/huberslandhendl\" \/>\n<meta property=\"article:modified_time\" content=\"2026-03-10T12:52:49+00:00\" \/>\n<meta name=\"twitter:card\" content=\"summary_large_image\" \/>\n<script type=\"application\/ld+json\" class=\"yoast-schema-graph\">{\"@context\":\"https:\\\/\\\/schema.org\",\"@graph\":[{\"@type\":\"WebPage\",\"@id\":\"https:\\\/\\\/www.huberslandhendl.at\\\/ro\\\/gama-de-produse\\\/landhendl\\\/pasari-hranite-bio\\\/\",\"url\":\"https:\\\/\\\/www.huberslandhendl.at\\\/ro\\\/gama-de-produse\\\/landhendl\\\/pasari-hranite-bio\\\/\",\"name\":\"P\u0103s\u0103ri hr\u0103nite Bio - Hubers Landhendl\",\"isPartOf\":{\"@id\":\"https:\\\/\\\/www.huberslandhendl.at\\\/ro\\\/#website\"},\"datePublished\":\"2023-01-09T11:20:06+00:00\",\"dateModified\":\"2026-03-10T12:52:49+00:00\",\"breadcrumb\":{\"@id\":\"https:\\\/\\\/www.huberslandhendl.at\\\/ro\\\/gama-de-produse\\\/landhendl\\\/pasari-hranite-bio\\\/#breadcrumb\"},\"inLanguage\":\"ro-RO\",\"potentialAction\":[{\"@type\":\"ReadAction\",\"target\":[\"https:\\\/\\\/www.huberslandhendl.at\\\/ro\\\/gama-de-produse\\\/landhendl\\\/pasari-hranite-bio\\\/\"]}]},{\"@type\":\"BreadcrumbList\",\"@id\":\"https:\\\/\\\/www.huberslandhendl.at\\\/ro\\\/gama-de-produse\\\/landhendl\\\/pasari-hranite-bio\\\/#breadcrumb\",\"itemListElement\":[{\"@type\":\"ListItem\",\"position\":1,\"name\":\"Startseite\",\"item\":\"https:\\\/\\\/www.huberslandhendl.at\\\/ro\\\/\"},{\"@type\":\"ListItem\",\"position\":2,\"name\":\"Gama de produse\",\"item\":\"https:\\\/\\\/www.huberslandhendl.at\\\/ro\\\/sortiment\\\/\"},{\"@type\":\"ListItem\",\"position\":3,\"name\":\"Landhendl\",\"item\":\"https:\\\/\\\/www.huberslandhendl.at\\\/ro\\\/sortiment\\\/landhendl\\\/\"},{\"@type\":\"ListItem\",\"position\":4,\"name\":\"P\u0103s\u0103ri hr\u0103nite Bio\"}]},{\"@type\":\"WebSite\",\"@id\":\"https:\\\/\\\/www.huberslandhendl.at\\\/ro\\\/#website\",\"url\":\"https:\\\/\\\/www.huberslandhendl.at\\\/ro\\\/\",\"name\":\"Hubers Landhendl\",\"description\":\"\",\"publisher\":{\"@id\":\"https:\\\/\\\/www.huberslandhendl.at\\\/ro\\\/#organization\"},\"potentialAction\":[{\"@type\":\"SearchAction\",\"target\":{\"@type\":\"EntryPoint\",\"urlTemplate\":\"https:\\\/\\\/www.huberslandhendl.at\\\/ro\\\/?s={search_term_string}\"},\"query-input\":{\"@type\":\"PropertyValueSpecification\",\"valueRequired\":true,\"valueName\":\"search_term_string\"}}],\"inLanguage\":\"ro-RO\"},{\"@type\":\"Organization\",\"@id\":\"https:\\\/\\\/www.huberslandhendl.at\\\/ro\\\/#organization\",\"name\":\"Hubers Landhendl\",\"url\":\"https:\\\/\\\/www.huberslandhendl.at\\\/ro\\\/\",\"logo\":{\"@type\":\"ImageObject\",\"inLanguage\":\"ro-RO\",\"@id\":\"https:\\\/\\\/www.huberslandhendl.at\\\/ro\\\/#\\\/schema\\\/logo\\\/image\\\/\",\"url\":\"https:\\\/\\\/www.huberslandhendl.at\\\/wp-content\\\/uploads\\\/2023\\\/01\\\/logo-hubers-r.png\",\"contentUrl\":\"https:\\\/\\\/www.huberslandhendl.at\\\/wp-content\\\/uploads\\\/2023\\\/01\\\/logo-hubers-r.png\",\"width\":793,\"height\":339,\"caption\":\"Hubers Landhendl\"},\"image\":{\"@id\":\"https:\\\/\\\/www.huberslandhendl.at\\\/ro\\\/#\\\/schema\\\/logo\\\/image\\\/\"},\"sameAs\":[\"https:\\\/\\\/www.facebook.com\\\/huberslandhendl\"]}]}<\/script>\n<!-- \/ Yoast SEO plugin. -->","yoast_head_json":{"title":"P\u0103s\u0103ri hr\u0103nite Bio - Hubers Landhendl","robots":{"index":"index","follow":"follow","max-snippet":"max-snippet:-1","max-image-preview":"max-image-preview:large","max-video-preview":"max-video-preview:-1"},"canonical":"https:\/\/www.huberslandhendl.at\/ro\/gama-de-produse\/landhendl\/pasari-hranite-bio\/","og_locale":"ro_RO","og_type":"article","og_title":"P\u0103s\u0103ri hr\u0103nite Bio - Hubers Landhendl","og_url":"https:\/\/www.huberslandhendl.at\/ro\/gama-de-produse\/landhendl\/pasari-hranite-bio\/","og_site_name":"Hubers Landhendl","article_publisher":"https:\/\/www.facebook.com\/huberslandhendl","article_modified_time":"2026-03-10T12:52:49+00:00","twitter_card":"summary_large_image","schema":{"@context":"https:\/\/schema.org","@graph":[{"@type":"WebPage","@id":"https:\/\/www.huberslandhendl.at\/ro\/gama-de-produse\/landhendl\/pasari-hranite-bio\/","url":"https:\/\/www.huberslandhendl.at\/ro\/gama-de-produse\/landhendl\/pasari-hranite-bio\/","name":"P\u0103s\u0103ri hr\u0103nite Bio - Hubers Landhendl","isPartOf":{"@id":"https:\/\/www.huberslandhendl.at\/ro\/#website"},"datePublished":"2023-01-09T11:20:06+00:00","dateModified":"2026-03-10T12:52:49+00:00","breadcrumb":{"@id":"https:\/\/www.huberslandhendl.at\/ro\/gama-de-produse\/landhendl\/pasari-hranite-bio\/#breadcrumb"},"inLanguage":"ro-RO","potentialAction":[{"@type":"ReadAction","target":["https:\/\/www.huberslandhendl.at\/ro\/gama-de-produse\/landhendl\/pasari-hranite-bio\/"]}]},{"@type":"BreadcrumbList","@id":"https:\/\/www.huberslandhendl.at\/ro\/gama-de-produse\/landhendl\/pasari-hranite-bio\/#breadcrumb","itemListElement":[{"@type":"ListItem","position":1,"name":"Startseite","item":"https:\/\/www.huberslandhendl.at\/ro\/"},{"@type":"ListItem","position":2,"name":"Gama de produse","item":"https:\/\/www.huberslandhendl.at\/ro\/sortiment\/"},{"@type":"ListItem","position":3,"name":"Landhendl","item":"https:\/\/www.huberslandhendl.at\/ro\/sortiment\/landhendl\/"},{"@type":"ListItem","position":4,"name":"P\u0103s\u0103ri hr\u0103nite Bio"}]},{"@type":"WebSite","@id":"https:\/\/www.huberslandhendl.at\/ro\/#website","url":"https:\/\/www.huberslandhendl.at\/ro\/","name":"Hubers Landhendl","description":"","publisher":{"@id":"https:\/\/www.huberslandhendl.at\/ro\/#organization"},"potentialAction":[{"@type":"SearchAction","target":{"@type":"EntryPoint","urlTemplate":"https:\/\/www.huberslandhendl.at\/ro\/?s={search_term_string}"},"query-input":{"@type":"PropertyValueSpecification","valueRequired":true,"valueName":"search_term_string"}}],"inLanguage":"ro-RO"},{"@type":"Organization","@id":"https:\/\/www.huberslandhendl.at\/ro\/#organization","name":"Hubers Landhendl","url":"https:\/\/www.huberslandhendl.at\/ro\/","logo":{"@type":"ImageObject","inLanguage":"ro-RO","@id":"https:\/\/www.huberslandhendl.at\/ro\/#\/schema\/logo\/image\/","url":"https:\/\/www.huberslandhendl.at\/wp-content\/uploads\/2023\/01\/logo-hubers-r.png","contentUrl":"https:\/\/www.huberslandhendl.at\/wp-content\/uploads\/2023\/01\/logo-hubers-r.png","width":793,"height":339,"caption":"Hubers Landhendl"},"image":{"@id":"https:\/\/www.huberslandhendl.at\/ro\/#\/schema\/logo\/image\/"},"sameAs":["https:\/\/www.facebook.com\/huberslandhendl"]}]}},"post_mailing_queue_ids":[],"_links":{"self":[{"href":"https:\/\/www.huberslandhendl.at\/ro\/wp-json\/wp\/v2\/pages\/22992423","targetHints":{"allow":["GET"]}}],"collection":[{"href":"https:\/\/www.huberslandhendl.at\/ro\/wp-json\/wp\/v2\/pages"}],"about":[{"href":"https:\/\/www.huberslandhendl.at\/ro\/wp-json\/wp\/v2\/types\/page"}],"author":[{"embeddable":true,"href":"https:\/\/www.huberslandhendl.at\/ro\/wp-json\/wp\/v2\/users\/1"}],"replies":[{"embeddable":true,"href":"https:\/\/www.huberslandhendl.at\/ro\/wp-json\/wp\/v2\/comments?post=22992423"}],"version-history":[{"count":10,"href":"https:\/\/www.huberslandhendl.at\/ro\/wp-json\/wp\/v2\/pages\/22992423\/revisions"}],"predecessor-version":[{"id":22996572,"href":"https:\/\/www.huberslandhendl.at\/ro\/wp-json\/wp\/v2\/pages\/22992423\/revisions\/22996572"}],"up":[{"embeddable":true,"href":"https:\/\/www.huberslandhendl.at\/ro\/wp-json\/wp\/v2\/pages\/22992409"}],"wp:attachment":[{"href":"https:\/\/www.huberslandhendl.at\/ro\/wp-json\/wp\/v2\/media?parent=22992423"}],"wp:term":[{"taxonomy":"dipi_cpt_category","embeddable":true,"href":"https:\/\/www.huberslandhendl.at\/ro\/wp-json\/wp\/v2\/dipi_cpt_category?post=22992423"},{"taxonomy":"difl_page_category","embeddable":true,"href":"https:\/\/www.huberslandhendl.at\/ro\/wp-json\/wp\/v2\/difl_page_category?post=22992423"}],"curies":[{"name":"wp","href":"https:\/\/api.w.org\/{rel}","templated":true}]}}