{"id":22992438,"date":"2023-01-09T12:20:43","date_gmt":"2023-01-09T11:20:43","guid":{"rendered":"http:\/\/hubers-translation.aufwind.co.at\/gama-de-produse\/curcan-de-tara\/curcan-bio\/"},"modified":"2026-03-10T13:53:05","modified_gmt":"2026-03-10T12:53:05","slug":"curcan-bio","status":"publish","type":"page","link":"https:\/\/www.huberslandhendl.at\/ro\/gama-de-produse\/curcan-de-tara\/curcan-bio\/","title":{"rendered":"Curcan Bio"},"content":{"rendered":"\n<div class=\"et_pb_section_0 et_pb_section et_section_regular et_block_section\"><div class=\"et_pb_row_0 et_pb_row et-vb-row--no-module et_block_row\"><div class=\"et_pb_column_0 et_pb_column et_pb_column_4_4 et-last-child et_block_column et_pb_column_empty et_pb_css_mix_blend_mode_passthrough\"><\/div><\/div><div class=\"et_pb_row_1 et_pb_row et_pb_row_3-4_1-4 et_block_row et_block_row_3-4_1-4\"><div class=\"et_pb_column_1 et_pb_column et_pb_column_3_4 et_block_column et_pb_css_mix_blend_mode_passthrough\"><div class=\"dipi_dual_heading_0 dipi_dual_heading et_pb_bg_layout_light et_pb_module\"><div class=\"dipi-dual-heading \">\n                <h1 class=\"dipi-dh-main\">\n                    <span class=\"dipi-dh-first-heading\">\n                        <span class=\"dipi-dh-animation-container\">\n                            <span class=\"dipi-dh-bg-container\">\n                                <div>Curcan Bio<\/div>\n                            <\/span>\n                        <\/span>\n                    <\/span>\n                    <span class=\"dipi-dh-second-heading\">\n                        <span class=\"dipi-dh-animation-container\">\n                            <span class=\"dipi-dh-bg-container\">\n                                <div>Second<\/div>\n                            <\/span>\n                        <\/span>\n                    <\/span>\n                <\/h1>\n            <\/div><\/div><\/div><div class=\"et_pb_column_2 et_pb_column et_pb_column_1_4 et-last-child et_block_column et_pb_column_empty et_pb_css_mix_blend_mode_passthrough\"><\/div><\/div><div class=\"et_pb_row_2 et_pb_row et_block_row\"><div class=\"et_pb_column_3 et_pb_column et_pb_column_2_5 et_block_column et_pb_css_mix_blend_mode_passthrough\"><div class=\"et_pb_text_0 et_pb_text et_pb_bg_layout_light et_pb_module et_block_module\"><div class=\"et_pb_text_inner\"><p>De asemenea, compania \u00ee\u0219i folose\u0219te experien\u021ba divers\u0103 \u00een produc\u021bia de pui Bio pentru cre\u0219terea curcanilor Bio crescu\u021bi \u00een aer liber.<\/p>\n<p>Hubers Landhendl \u00ee\u0219i extinde astfel experien\u021ba \u00een produc\u021bia de p\u0103s\u0103ri de curte Bio \u0219i ofer\u0103 o gam\u0103 complet\u0103 de produse alimentare sustenabile \u0219i echitabile.<\/p>\n<\/div><\/div><\/div><div class=\"et_pb_column_4 et_pb_column et_pb_column_3_5 et-last-child et_block_column et_pb_css_mix_blend_mode_passthrough\"><div class=\"dipi_image_mask_0 dipi_image_mask et_animated et_pb_bg_layout_light et_pb_module\"><div class=\"dipi-image-mask--mask\">\n                <svg width=\"100%\" height=\"100%\"  style=\"overflow:visible\" xmlns=\"http:\/\/www.w3.org\/2000\/svg\" xmlns:xlink=\"http:\/\/www.w3.org\/1999\/xlink\" viewBox=\"0 0 1000 1000\" aria-labelledby=\"alt-text-69e78789bbecb\" role=\"img\">\n                    <title id=\"alt-text-69e78789bbecb\">Hubers Landhendl<\/title>\n                    \n                    <style><\/style>\n                    \n                    \n                <g>\n                    \n                    <g>\n                        <defs>\n                            <mask id=\"SHAPE_1-69e78789bbebc\" fill=\"#fff\">\n                                <g style=\"transform-origin: center; transform: rotate(0deg) scale(1 , 1)\"> \n                                    <path d=\"M53.5 46.1h441.2v441.2H53.5zm458.7 458.7h441.2V946H512.2zm0-380.3h362.7v362.7H512.2zM131.3 505.4H494v362.7H131.3z\"\/>\n                                <\/g>\n                            <\/mask>\n                        <\/defs>\n                        \n        <g style=\"mask:url(#SHAPE_1-69e78789bbebc)\">\n            <image \n                style=\"overflow:visible\" \n                width=150%  \n                href=https:\/\/www.huberslandhendl.at\/wp-content\/uploads\/2023\/04\/Truthahn_Bio_Wallner_016_web2.jpg\n                transform=\"matrix(1 0 0 1 -300 77)\"\n                preserveAspectRatio=\"none\"> \n            <\/image>\n        <\/g>\n                    <\/g>\n                <\/g>\n                    \n                <\/svg>\n            <\/div><\/div><\/div><\/div><\/div><div class=\"et_pb_section_1 et_pb_section et_section_regular et_block_section section_has_divider et_pb_top_divider\"><div class=\"et_pb_top_inside_divider et-no-transition\"><\/div><span class=\"et_pb_background_pattern\"><\/span><span class=\"et_pb_background_mask\"><\/span><div class=\"et_pb_row_3 et_pb_row et_block_row\"><div class=\"et_pb_column_5 et_pb_column et_pb_column_2_5 et_block_column et_pb_css_mix_blend_mode_passthrough\"><div class=\"et_pb_image_0 et_pb_image et_animated et_pb_module et_block_module\"><span class=\"et_pb_image_wrap\"><img loading=\"lazy\" decoding=\"async\" src=\"https:\/\/www.huberslandhendl.at\/wp-content\/uploads\/2023\/04\/Truthahn_Bio_Wallner_008.png\" width=\"420\" height=\"695\" srcset=\"https:\/\/www.huberslandhendl.at\/wp-content\/uploads\/2023\/04\/Truthahn_Bio_Wallner_008.png 420w, https:\/\/www.huberslandhendl.at\/wp-content\/uploads\/2023\/04\/Truthahn_Bio_Wallner_008-181x300.png 181w\" sizes=\"(max-width: 420px) 100vw, 420px\" class=\"wp-image-22989103\" title=\"Truthahn_Bio_Wallner_008\" \/><\/span><\/div><\/div><div class=\"et_pb_column_6 et_pb_column et_pb_column_3_5 et-last-child et_block_column et_pb_css_mix_blend_mode_passthrough\"><div class=\"et_pb_text_1 et_pb_text et_pb_bg_layout_light et_pb_module et_block_module\"><div class=\"et_pb_text_inner\"><h2>Multe motive serioase pentru curcanii hr\u0103ni\u021bi Bio<\/h2>\n<\/div><\/div><div class=\"et_pb_blurb_0 et_pb_blurb et_pb_bg_layout_light et_pb_blurb_position_left et_animated et_pb_module et_block_module\"><div class=\"et_pb_blurb_content\"><div class=\"et_pb_main_blurb_image\"><span class=\"et_pb_image_wrap\"><span class=\"et-pb-icon et-waypoint et_pb_animation_top et_pb_animation_top_tablet et_pb_animation_top_phone\">\uf3a1<\/span><\/span><\/div><div class=\"et_pb_blurb_container\"><div class=\"et_pb_blurb_description\"><p>10 m<sup>2<\/sup> de spa\u021biu verde structurat, pentru fiecare animal<\/p>\n<\/div><\/div><\/div><\/div><div class=\"et_pb_blurb_1 et_pb_blurb et_pb_bg_layout_light et_pb_blurb_position_left et_animated et_pb_module et_block_module\"><div class=\"et_pb_blurb_content\"><div class=\"et_pb_main_blurb_image\"><span class=\"et_pb_image_wrap\"><span class=\"et-pb-icon et-waypoint et_pb_animation_top et_pb_animation_top_tablet et_pb_animation_top_phone\">\uf3a1<\/span><\/span><\/div><div class=\"et_pb_blurb_container\"><div class=\"et_pb_blurb_description\"><p>Spa\u021biu \u00een hambar cu aprox. 60% mai mult, \u00een compara\u021bie cu spa\u021biile europene<\/p>\n<\/div><\/div><\/div><\/div><div class=\"et_pb_blurb_2 et_pb_blurb et_pb_bg_layout_light et_pb_blurb_position_left et_animated et_pb_module et_block_module\"><div class=\"et_pb_blurb_content\"><div class=\"et_pb_main_blurb_image\"><span class=\"et_pb_image_wrap\"><span class=\"et-pb-icon et-waypoint et_pb_animation_top et_pb_animation_top_tablet et_pb_animation_top_phone\">\uf3a1<\/span><\/span><\/div><div class=\"et_pb_blurb_container\"><div class=\"et_pb_blurb_description\"><p>Furaje nemodificate genetic<\/p>\n<\/div><\/div><\/div><\/div><div class=\"et_pb_blurb_3 et_pb_blurb et_pb_bg_layout_light et_pb_blurb_position_left et_animated et_pb_module et_block_module\"><div class=\"et_pb_blurb_content\"><div class=\"et_pb_main_blurb_image\"><span class=\"et_pb_image_wrap\"><span class=\"et-pb-icon et-waypoint et_pb_animation_top et_pb_animation_top_tablet et_pb_animation_top_phone\">\uf3a1<\/span><\/span><\/div><div class=\"et_pb_blurb_container\"><div class=\"et_pb_blurb_description\"><p>Inspec\u021bii anuale independente<\/p>\n<\/div><\/div><\/div><\/div><div class=\"et_pb_blurb_4 et_pb_blurb et_pb_bg_layout_light et_pb_blurb_position_left et_animated et_pb_module et_block_module\"><div class=\"et_pb_blurb_content\"><div class=\"et_pb_main_blurb_image\"><span class=\"et_pb_image_wrap\"><span class=\"et-pb-icon et-waypoint et_pb_animation_top et_pb_animation_top_tablet et_pb_animation_top_phone\">\uf3a1<\/span><\/span><\/div><div class=\"et_pb_blurb_container\"><div class=\"et_pb_blurb_description\"><p>Timpi mai scur\u021bi de transport al animalelor<\/p>\n<\/div><\/div><\/div><\/div><\/div><\/div><\/div><div class=\"et_pb_section_2 et_pb_section et_pb_fullwidth_section et_section_regular et_block_section et_pb_section_parallax section_has_divider et_pb_top_divider et_pb_bottom_divider\"><div class=\"et_pb_top_inside_divider et-no-transition\"><\/div><span class=\"et-pb-parallax-wrapper\"><span class=\"et-pb-parallax-background et-pb-parallax-background--css et-pb-parallax-background-module--divi-section-2\" style=\"background-image:url(https:\/\/www.huberslandhendl.at\/wp-content\/uploads\/2023\/02\/paralax-hubers-landhendl-pute-3.jpg)\"><\/span><\/span><div class=\"et_pb_bottom_inside_divider et-no-transition\"><\/div><\/div>\n","protected":false},"excerpt":{"rendered":"","protected":false},"author":1,"featured_media":0,"parent":22992430,"menu_order":0,"comment_status":"closed","ping_status":"closed","template":"","meta":{"_acf_changed":false,"wprm-recipe-roundup-name":"","wprm-recipe-roundup-description":"","footnotes":""},"dipi_cpt_category":[],"difl_page_category":[],"class_list":["post-22992438","page","type-page","status-publish","hentry"],"acf":[],"yoast_head":"<!-- This site is optimized with the Yoast SEO plugin v27.4 - https:\/\/yoast.com\/product\/yoast-seo-wordpress\/ -->\n<title>Curcan Bio - Hubers Landhendl<\/title>\n<meta name=\"robots\" content=\"index, follow, max-snippet:-1, max-image-preview:large, max-video-preview:-1\" \/>\n<link rel=\"canonical\" href=\"https:\/\/www.huberslandhendl.at\/ro\/gama-de-produse\/curcan-de-tara\/curcan-bio\/\" \/>\n<meta property=\"og:locale\" content=\"ro_RO\" \/>\n<meta property=\"og:type\" content=\"article\" \/>\n<meta property=\"og:title\" content=\"Curcan Bio - Hubers Landhendl\" \/>\n<meta property=\"og:url\" content=\"https:\/\/www.huberslandhendl.at\/ro\/gama-de-produse\/curcan-de-tara\/curcan-bio\/\" \/>\n<meta property=\"og:site_name\" content=\"Hubers Landhendl\" \/>\n<meta property=\"article:publisher\" content=\"https:\/\/www.facebook.com\/huberslandhendl\" \/>\n<meta property=\"article:modified_time\" content=\"2026-03-10T12:53:05+00:00\" \/>\n<meta name=\"twitter:card\" content=\"summary_large_image\" \/>\n<script type=\"application\/ld+json\" class=\"yoast-schema-graph\">{\"@context\":\"https:\\\/\\\/schema.org\",\"@graph\":[{\"@type\":\"WebPage\",\"@id\":\"https:\\\/\\\/www.huberslandhendl.at\\\/ro\\\/gama-de-produse\\\/curcan-de-tara\\\/curcan-bio\\\/\",\"url\":\"https:\\\/\\\/www.huberslandhendl.at\\\/ro\\\/gama-de-produse\\\/curcan-de-tara\\\/curcan-bio\\\/\",\"name\":\"Curcan Bio - Hubers Landhendl\",\"isPartOf\":{\"@id\":\"https:\\\/\\\/www.huberslandhendl.at\\\/ro\\\/#website\"},\"datePublished\":\"2023-01-09T11:20:43+00:00\",\"dateModified\":\"2026-03-10T12:53:05+00:00\",\"breadcrumb\":{\"@id\":\"https:\\\/\\\/www.huberslandhendl.at\\\/ro\\\/gama-de-produse\\\/curcan-de-tara\\\/curcan-bio\\\/#breadcrumb\"},\"inLanguage\":\"ro-RO\",\"potentialAction\":[{\"@type\":\"ReadAction\",\"target\":[\"https:\\\/\\\/www.huberslandhendl.at\\\/ro\\\/gama-de-produse\\\/curcan-de-tara\\\/curcan-bio\\\/\"]}]},{\"@type\":\"BreadcrumbList\",\"@id\":\"https:\\\/\\\/www.huberslandhendl.at\\\/ro\\\/gama-de-produse\\\/curcan-de-tara\\\/curcan-bio\\\/#breadcrumb\",\"itemListElement\":[{\"@type\":\"ListItem\",\"position\":1,\"name\":\"Startseite\",\"item\":\"https:\\\/\\\/www.huberslandhendl.at\\\/ro\\\/\"},{\"@type\":\"ListItem\",\"position\":2,\"name\":\"Gama de produse\",\"item\":\"https:\\\/\\\/www.huberslandhendl.at\\\/ro\\\/sortiment\\\/\"},{\"@type\":\"ListItem\",\"position\":3,\"name\":\"Curcan de \u021bar\u0103\",\"item\":\"https:\\\/\\\/www.huberslandhendl.at\\\/ro\\\/sortiment\\\/landpute\\\/\"},{\"@type\":\"ListItem\",\"position\":4,\"name\":\"Curcan Bio\"}]},{\"@type\":\"WebSite\",\"@id\":\"https:\\\/\\\/www.huberslandhendl.at\\\/ro\\\/#website\",\"url\":\"https:\\\/\\\/www.huberslandhendl.at\\\/ro\\\/\",\"name\":\"Hubers Landhendl\",\"description\":\"\",\"publisher\":{\"@id\":\"https:\\\/\\\/www.huberslandhendl.at\\\/ro\\\/#organization\"},\"potentialAction\":[{\"@type\":\"SearchAction\",\"target\":{\"@type\":\"EntryPoint\",\"urlTemplate\":\"https:\\\/\\\/www.huberslandhendl.at\\\/ro\\\/?s={search_term_string}\"},\"query-input\":{\"@type\":\"PropertyValueSpecification\",\"valueRequired\":true,\"valueName\":\"search_term_string\"}}],\"inLanguage\":\"ro-RO\"},{\"@type\":\"Organization\",\"@id\":\"https:\\\/\\\/www.huberslandhendl.at\\\/ro\\\/#organization\",\"name\":\"Hubers Landhendl\",\"url\":\"https:\\\/\\\/www.huberslandhendl.at\\\/ro\\\/\",\"logo\":{\"@type\":\"ImageObject\",\"inLanguage\":\"ro-RO\",\"@id\":\"https:\\\/\\\/www.huberslandhendl.at\\\/ro\\\/#\\\/schema\\\/logo\\\/image\\\/\",\"url\":\"https:\\\/\\\/www.huberslandhendl.at\\\/wp-content\\\/uploads\\\/2023\\\/01\\\/logo-hubers-r.png\",\"contentUrl\":\"https:\\\/\\\/www.huberslandhendl.at\\\/wp-content\\\/uploads\\\/2023\\\/01\\\/logo-hubers-r.png\",\"width\":793,\"height\":339,\"caption\":\"Hubers Landhendl\"},\"image\":{\"@id\":\"https:\\\/\\\/www.huberslandhendl.at\\\/ro\\\/#\\\/schema\\\/logo\\\/image\\\/\"},\"sameAs\":[\"https:\\\/\\\/www.facebook.com\\\/huberslandhendl\"]}]}<\/script>\n<!-- \/ Yoast SEO plugin. -->","yoast_head_json":{"title":"Curcan Bio - Hubers Landhendl","robots":{"index":"index","follow":"follow","max-snippet":"max-snippet:-1","max-image-preview":"max-image-preview:large","max-video-preview":"max-video-preview:-1"},"canonical":"https:\/\/www.huberslandhendl.at\/ro\/gama-de-produse\/curcan-de-tara\/curcan-bio\/","og_locale":"ro_RO","og_type":"article","og_title":"Curcan Bio - Hubers Landhendl","og_url":"https:\/\/www.huberslandhendl.at\/ro\/gama-de-produse\/curcan-de-tara\/curcan-bio\/","og_site_name":"Hubers Landhendl","article_publisher":"https:\/\/www.facebook.com\/huberslandhendl","article_modified_time":"2026-03-10T12:53:05+00:00","twitter_card":"summary_large_image","schema":{"@context":"https:\/\/schema.org","@graph":[{"@type":"WebPage","@id":"https:\/\/www.huberslandhendl.at\/ro\/gama-de-produse\/curcan-de-tara\/curcan-bio\/","url":"https:\/\/www.huberslandhendl.at\/ro\/gama-de-produse\/curcan-de-tara\/curcan-bio\/","name":"Curcan Bio - Hubers Landhendl","isPartOf":{"@id":"https:\/\/www.huberslandhendl.at\/ro\/#website"},"datePublished":"2023-01-09T11:20:43+00:00","dateModified":"2026-03-10T12:53:05+00:00","breadcrumb":{"@id":"https:\/\/www.huberslandhendl.at\/ro\/gama-de-produse\/curcan-de-tara\/curcan-bio\/#breadcrumb"},"inLanguage":"ro-RO","potentialAction":[{"@type":"ReadAction","target":["https:\/\/www.huberslandhendl.at\/ro\/gama-de-produse\/curcan-de-tara\/curcan-bio\/"]}]},{"@type":"BreadcrumbList","@id":"https:\/\/www.huberslandhendl.at\/ro\/gama-de-produse\/curcan-de-tara\/curcan-bio\/#breadcrumb","itemListElement":[{"@type":"ListItem","position":1,"name":"Startseite","item":"https:\/\/www.huberslandhendl.at\/ro\/"},{"@type":"ListItem","position":2,"name":"Gama de produse","item":"https:\/\/www.huberslandhendl.at\/ro\/sortiment\/"},{"@type":"ListItem","position":3,"name":"Curcan de \u021bar\u0103","item":"https:\/\/www.huberslandhendl.at\/ro\/sortiment\/landpute\/"},{"@type":"ListItem","position":4,"name":"Curcan Bio"}]},{"@type":"WebSite","@id":"https:\/\/www.huberslandhendl.at\/ro\/#website","url":"https:\/\/www.huberslandhendl.at\/ro\/","name":"Hubers Landhendl","description":"","publisher":{"@id":"https:\/\/www.huberslandhendl.at\/ro\/#organization"},"potentialAction":[{"@type":"SearchAction","target":{"@type":"EntryPoint","urlTemplate":"https:\/\/www.huberslandhendl.at\/ro\/?s={search_term_string}"},"query-input":{"@type":"PropertyValueSpecification","valueRequired":true,"valueName":"search_term_string"}}],"inLanguage":"ro-RO"},{"@type":"Organization","@id":"https:\/\/www.huberslandhendl.at\/ro\/#organization","name":"Hubers Landhendl","url":"https:\/\/www.huberslandhendl.at\/ro\/","logo":{"@type":"ImageObject","inLanguage":"ro-RO","@id":"https:\/\/www.huberslandhendl.at\/ro\/#\/schema\/logo\/image\/","url":"https:\/\/www.huberslandhendl.at\/wp-content\/uploads\/2023\/01\/logo-hubers-r.png","contentUrl":"https:\/\/www.huberslandhendl.at\/wp-content\/uploads\/2023\/01\/logo-hubers-r.png","width":793,"height":339,"caption":"Hubers Landhendl"},"image":{"@id":"https:\/\/www.huberslandhendl.at\/ro\/#\/schema\/logo\/image\/"},"sameAs":["https:\/\/www.facebook.com\/huberslandhendl"]}]}},"post_mailing_queue_ids":[],"_links":{"self":[{"href":"https:\/\/www.huberslandhendl.at\/ro\/wp-json\/wp\/v2\/pages\/22992438","targetHints":{"allow":["GET"]}}],"collection":[{"href":"https:\/\/www.huberslandhendl.at\/ro\/wp-json\/wp\/v2\/pages"}],"about":[{"href":"https:\/\/www.huberslandhendl.at\/ro\/wp-json\/wp\/v2\/types\/page"}],"author":[{"embeddable":true,"href":"https:\/\/www.huberslandhendl.at\/ro\/wp-json\/wp\/v2\/users\/1"}],"replies":[{"embeddable":true,"href":"https:\/\/www.huberslandhendl.at\/ro\/wp-json\/wp\/v2\/comments?post=22992438"}],"version-history":[{"count":10,"href":"https:\/\/www.huberslandhendl.at\/ro\/wp-json\/wp\/v2\/pages\/22992438\/revisions"}],"predecessor-version":[{"id":22996584,"href":"https:\/\/www.huberslandhendl.at\/ro\/wp-json\/wp\/v2\/pages\/22992438\/revisions\/22996584"}],"up":[{"embeddable":true,"href":"https:\/\/www.huberslandhendl.at\/ro\/wp-json\/wp\/v2\/pages\/22992430"}],"wp:attachment":[{"href":"https:\/\/www.huberslandhendl.at\/ro\/wp-json\/wp\/v2\/media?parent=22992438"}],"wp:term":[{"taxonomy":"dipi_cpt_category","embeddable":true,"href":"https:\/\/www.huberslandhendl.at\/ro\/wp-json\/wp\/v2\/dipi_cpt_category?post=22992438"},{"taxonomy":"difl_page_category","embeddable":true,"href":"https:\/\/www.huberslandhendl.at\/ro\/wp-json\/wp\/v2\/difl_page_category?post=22992438"}],"curies":[{"name":"wp","href":"https:\/\/api.w.org\/{rel}","templated":true}]}}