{"id":22992445,"date":"2023-01-09T12:18:10","date_gmt":"2023-01-09T11:18:10","guid":{"rendered":"http:\/\/hubers-translation.aufwind.co.at\/despre-noi\/"},"modified":"2026-03-10T13:51:59","modified_gmt":"2026-03-10T12:51:59","slug":"despre-noi","status":"publish","type":"page","link":"https:\/\/www.huberslandhendl.at\/ro\/despre-noi\/","title":{"rendered":"Despre noi"},"content":{"rendered":"\n<div class=\"et_pb_section_0 et_pb_section et_section_regular et_block_section\"><div class=\"et_pb_row_0 et_pb_row et-vb-row--no-module et_block_row\"><div class=\"et_pb_column_0 et_pb_column et_pb_column_4_4 et-last-child et_block_column et_pb_column_empty et_pb_css_mix_blend_mode_passthrough\"><\/div><\/div><div class=\"et_pb_row_1 et_pb_row et_block_row\"><div class=\"et_pb_column_1 et_pb_column et_pb_column_3_5 et_block_column et_pb_css_mix_blend_mode_passthrough\"><div class=\"et_pb_blurb_0 et_pb_blurb et_pb_bg_layout_light et_pb_blurb_position_top et_pb_module et_block_module\"><div class=\"et_pb_blurb_content\"><div class=\"et_pb_main_blurb_image\"><span class=\"et_pb_image_wrap et_pb_only_image_mode_wrap\"><img loading=\"lazy\" decoding=\"async\" src=\"https:\/\/www.huberslandhendl.at\/wp-content\/uploads\/2023\/01\/BellFoodGroup_Logo_RGB.png\" width=\"1000\" height=\"372\" srcset=\"https:\/\/www.huberslandhendl.at\/wp-content\/uploads\/2023\/01\/BellFoodGroup_Logo_RGB.png 1000w, https:\/\/www.huberslandhendl.at\/wp-content\/uploads\/2023\/01\/BellFoodGroup_Logo_RGB-980x365.png 980w, https:\/\/www.huberslandhendl.at\/wp-content\/uploads\/2023\/01\/BellFoodGroup_Logo_RGB-480x179.png 480w\" sizes=\"(min-width: 0px) and (max-width: 480px) 480px, (min-width: 481px) and (max-width: 980px) 980px, (min-width: 981px) 1000px, 100vw\" class=\"et-waypoint et_pb_animation_top et_pb_animation_top_tablet et_pb_animation_top_phone wp-image-16246793\" alt=\"BellFoodGroup\" \/><\/span><\/div><div class=\"et_pb_blurb_container\"><h4 class=\"et_pb_module_header\">Hubers Landhendl - membr\u0103 a grupului Bell Food Group<\/h4><\/div><\/div><\/div><\/div><div class=\"et_pb_column_2 et_pb_column et_pb_column_2_5 et-last-child et_block_column et_pb_column_empty et_pb_css_mix_blend_mode_passthrough\"><\/div><\/div><div class=\"et_pb_row_2 et_pb_row et_pb_row_3-4_1-4 et_block_row et_block_row_3-4_1-4\"><div class=\"et_pb_column_3 et_pb_column et_pb_column_3_4 et_block_column et_pb_css_mix_blend_mode_passthrough\"><div class=\"dipi_dual_heading_0 dipi_dual_heading et_pb_bg_layout_light et_pb_module\"><div class=\"dipi-dual-heading \">\n                <h1 class=\"dipi-dh-main\">\n                    <span class=\"dipi-dh-first-heading\">\n                        <span class=\"dipi-dh-animation-container\">\n                            <span class=\"dipi-dh-bg-container\">\n                                <div>Despre noi<\/div>\n                            <\/span>\n                        <\/span>\n                    <\/span>\n                    <span class=\"dipi-dh-second-heading\">\n                        <span class=\"dipi-dh-animation-container\">\n                            <span class=\"dipi-dh-bg-container\">\n                                <div>Second<\/div>\n                            <\/span>\n                        <\/span>\n                    <\/span>\n                <\/h1>\n            <\/div><\/div><\/div><div class=\"et_pb_column_4 et_pb_column et_pb_column_1_4 et-last-child et_block_column et_pb_column_empty et_pb_css_mix_blend_mode_passthrough\"><\/div><\/div><div class=\"et_pb_row_3 et_pb_row et_block_row\"><div class=\"et_pb_column_5 et_pb_column et_pb_column_2_5 et_block_column et_pb_css_mix_blend_mode_passthrough\"><div class=\"et_pb_text_0 et_pb_text et_pb_bg_layout_light et_pb_module et_block_module\"><div class=\"et_pb_text_inner\"><p>De la \u00eenfiin\u021barea companiei, aceasta a urm\u0103rit \u00een mod constant calea calit\u0103\u021bii. Hubers Landhendl se concentreaz\u0103 din ce \u00een ce mai mult pe <strong>p\u0103s\u0103ri de curte, de o calitate din ce \u00een ce mai bun\u0103 \u0219i strict controlat\u0103<\/strong>. Compania \u0219i-a asumat provocarea de a \u00eendeplini cerin\u021bele Directivelor Europene privind cre\u0219terea animalelor \u0219i etichetarea produselor alimentare \u0219i \u0219i-a stabilit obiectivul de a-\u0219i \u00eembun\u0103t\u0103\u021bi \u0219i mai mult standardele de calitate deja ridicate.<\/p>\n<p>\u00cen ciuda structurii sale extinse, Hubers Landhendl a r\u0103mas o afacere cu picioarele pe p\u0103m\u00e2nt, cu r\u0103d\u0103cini puternice \u00een regiune. <strong>Administratorul Dr. Hannes Huber<\/strong> \u00eempreun\u0103 cu sora sa, <strong>Jur. Sylvia Huber-Werth<\/strong> se dedic\u0103 \u00een mod clar \u0219i con\u0219tient regiunii, locuitorilor \u0219i fermelor din jurul ora\u0219ului Pfaffst\u00e4tt \u0219i din sudul Bavariei. \u00cen calitate de companie regional\u0103 de top, responsabilitatea pentru locurile de munc\u0103 este luat\u0103 foarte \u00een serios, la fel ca \u0219i dezvoltarea viitoare a \u00eentregii regiuni.<\/p>\n<\/div><\/div><\/div><div class=\"et_pb_column_6 et_pb_column et_pb_column_3_5 et-last-child et_block_column et_pb_css_mix_blend_mode_passthrough\"><div class=\"dipi_image_mask_0 dipi_image_mask et_animated et_pb_bg_layout_light et_pb_module\"><div class=\"dipi-image-mask--mask\">\n                <svg width=\"100%\" height=\"100%\"  style=\"overflow:visible\" xmlns=\"http:\/\/www.w3.org\/2000\/svg\" xmlns:xlink=\"http:\/\/www.w3.org\/1999\/xlink\" viewBox=\"0 0 1000 1000\" aria-labelledby=\"alt-text-69f42b139a521\" role=\"img\">\n                    <title id=\"alt-text-69f42b139a521\">Hubers Landhendl<\/title>\n                    \n                    <style><\/style>\n                    \n                    \n                <g>\n                    \n                    <g>\n                        <defs>\n                            <mask id=\"SHAPE_1-69f42b139a512\" fill=\"#fff\">\n                                <g style=\"transform-origin: center; transform: rotate(0deg) scale(1 , 1)\"> \n                                    <path d=\"M53.5 46.1h441.2v441.2H53.5zm458.7 458.7h441.2V946H512.2zm0-380.3h362.7v362.7H512.2zM131.3 505.4H494v362.7H131.3z\"\/>\n                                <\/g>\n                            <\/mask>\n                        <\/defs>\n                        \n        <g style=\"mask:url(#SHAPE_1-69f42b139a512)\">\n            <image \n                style=\"overflow:visible\" \n                width=100%  \n                href=https:\/\/www.huberslandhendl.at\/wp-content\/uploads\/2023\/02\/intro-hubers-landhendl-uber-uns-n.jpg\n                transform=\"matrix(1 0 0 1 0 0)\"\n                preserveAspectRatio=\"none\"> \n            <\/image>\n        <\/g>\n                    <\/g>\n                <\/g>\n                    \n                <\/svg>\n            <\/div><\/div><\/div><\/div><\/div><div class=\"et_pb_section_1 et_pb_section et_pb_fullwidth_section et_section_regular et_block_section et_pb_section_parallax section_has_divider et_pb_top_divider et_pb_bottom_divider\"><div class=\"et_pb_top_inside_divider et-no-transition\"><\/div><span class=\"et-pb-parallax-wrapper\"><span class=\"et-pb-parallax-background et-pb-parallax-background--css et-pb-parallax-background-module--divi-section-1\" style=\"background-image:url(https:\/\/www.huberslandhendl.at\/wp-content\/uploads\/2023\/01\/paralax-hubers-uber-uns.jpg)\"><\/span><\/span><div class=\"et_pb_bottom_inside_divider et-no-transition\"><\/div><\/div>\n","protected":false},"excerpt":{"rendered":"","protected":false},"author":1,"featured_media":0,"parent":0,"menu_order":0,"comment_status":"closed","ping_status":"closed","template":"","meta":{"_acf_changed":false,"wprm-recipe-roundup-name":"","wprm-recipe-roundup-description":"","footnotes":""},"dipi_cpt_category":[],"difl_page_category":[],"class_list":["post-22992445","page","type-page","status-publish","hentry"],"acf":[],"yoast_head":"<!-- This site is optimized with the Yoast SEO plugin v27.5 - https:\/\/yoast.com\/product\/yoast-seo-wordpress\/ -->\n<title>Despre noi - Hubers Landhendl<\/title>\n<meta name=\"robots\" content=\"index, follow, max-snippet:-1, max-image-preview:large, max-video-preview:-1\" \/>\n<link rel=\"canonical\" href=\"https:\/\/www.huberslandhendl.at\/ro\/despre-noi\/\" \/>\n<meta property=\"og:locale\" content=\"ro_RO\" \/>\n<meta property=\"og:type\" content=\"article\" \/>\n<meta property=\"og:title\" content=\"Despre noi - Hubers Landhendl\" \/>\n<meta property=\"og:url\" content=\"https:\/\/www.huberslandhendl.at\/ro\/despre-noi\/\" \/>\n<meta property=\"og:site_name\" content=\"Hubers Landhendl\" \/>\n<meta property=\"article:publisher\" content=\"https:\/\/www.facebook.com\/huberslandhendl\" \/>\n<meta property=\"article:modified_time\" content=\"2026-03-10T12:51:59+00:00\" \/>\n<meta name=\"twitter:card\" content=\"summary_large_image\" \/>\n<script type=\"application\/ld+json\" class=\"yoast-schema-graph\">{\"@context\":\"https:\\\/\\\/schema.org\",\"@graph\":[{\"@type\":\"WebPage\",\"@id\":\"https:\\\/\\\/www.huberslandhendl.at\\\/ro\\\/despre-noi\\\/\",\"url\":\"https:\\\/\\\/www.huberslandhendl.at\\\/ro\\\/despre-noi\\\/\",\"name\":\"Despre noi - Hubers Landhendl\",\"isPartOf\":{\"@id\":\"https:\\\/\\\/www.huberslandhendl.at\\\/ro\\\/#website\"},\"datePublished\":\"2023-01-09T11:18:10+00:00\",\"dateModified\":\"2026-03-10T12:51:59+00:00\",\"breadcrumb\":{\"@id\":\"https:\\\/\\\/www.huberslandhendl.at\\\/ro\\\/despre-noi\\\/#breadcrumb\"},\"inLanguage\":\"ro-RO\",\"potentialAction\":[{\"@type\":\"ReadAction\",\"target\":[\"https:\\\/\\\/www.huberslandhendl.at\\\/ro\\\/despre-noi\\\/\"]}]},{\"@type\":\"BreadcrumbList\",\"@id\":\"https:\\\/\\\/www.huberslandhendl.at\\\/ro\\\/despre-noi\\\/#breadcrumb\",\"itemListElement\":[{\"@type\":\"ListItem\",\"position\":1,\"name\":\"Startseite\",\"item\":\"https:\\\/\\\/www.huberslandhendl.at\\\/ro\\\/\"},{\"@type\":\"ListItem\",\"position\":2,\"name\":\"Despre noi\"}]},{\"@type\":\"WebSite\",\"@id\":\"https:\\\/\\\/www.huberslandhendl.at\\\/ro\\\/#website\",\"url\":\"https:\\\/\\\/www.huberslandhendl.at\\\/ro\\\/\",\"name\":\"Hubers Landhendl\",\"description\":\"\",\"publisher\":{\"@id\":\"https:\\\/\\\/www.huberslandhendl.at\\\/ro\\\/#organization\"},\"potentialAction\":[{\"@type\":\"SearchAction\",\"target\":{\"@type\":\"EntryPoint\",\"urlTemplate\":\"https:\\\/\\\/www.huberslandhendl.at\\\/ro\\\/?s={search_term_string}\"},\"query-input\":{\"@type\":\"PropertyValueSpecification\",\"valueRequired\":true,\"valueName\":\"search_term_string\"}}],\"inLanguage\":\"ro-RO\"},{\"@type\":\"Organization\",\"@id\":\"https:\\\/\\\/www.huberslandhendl.at\\\/ro\\\/#organization\",\"name\":\"Hubers Landhendl\",\"url\":\"https:\\\/\\\/www.huberslandhendl.at\\\/ro\\\/\",\"logo\":{\"@type\":\"ImageObject\",\"inLanguage\":\"ro-RO\",\"@id\":\"https:\\\/\\\/www.huberslandhendl.at\\\/ro\\\/#\\\/schema\\\/logo\\\/image\\\/\",\"url\":\"https:\\\/\\\/www.huberslandhendl.at\\\/wp-content\\\/uploads\\\/2023\\\/01\\\/logo-hubers-r.png\",\"contentUrl\":\"https:\\\/\\\/www.huberslandhendl.at\\\/wp-content\\\/uploads\\\/2023\\\/01\\\/logo-hubers-r.png\",\"width\":793,\"height\":339,\"caption\":\"Hubers Landhendl\"},\"image\":{\"@id\":\"https:\\\/\\\/www.huberslandhendl.at\\\/ro\\\/#\\\/schema\\\/logo\\\/image\\\/\"},\"sameAs\":[\"https:\\\/\\\/www.facebook.com\\\/huberslandhendl\"]}]}<\/script>\n<!-- \/ Yoast SEO plugin. -->","yoast_head_json":{"title":"Despre noi - Hubers Landhendl","robots":{"index":"index","follow":"follow","max-snippet":"max-snippet:-1","max-image-preview":"max-image-preview:large","max-video-preview":"max-video-preview:-1"},"canonical":"https:\/\/www.huberslandhendl.at\/ro\/despre-noi\/","og_locale":"ro_RO","og_type":"article","og_title":"Despre noi - Hubers Landhendl","og_url":"https:\/\/www.huberslandhendl.at\/ro\/despre-noi\/","og_site_name":"Hubers Landhendl","article_publisher":"https:\/\/www.facebook.com\/huberslandhendl","article_modified_time":"2026-03-10T12:51:59+00:00","twitter_card":"summary_large_image","schema":{"@context":"https:\/\/schema.org","@graph":[{"@type":"WebPage","@id":"https:\/\/www.huberslandhendl.at\/ro\/despre-noi\/","url":"https:\/\/www.huberslandhendl.at\/ro\/despre-noi\/","name":"Despre noi - Hubers Landhendl","isPartOf":{"@id":"https:\/\/www.huberslandhendl.at\/ro\/#website"},"datePublished":"2023-01-09T11:18:10+00:00","dateModified":"2026-03-10T12:51:59+00:00","breadcrumb":{"@id":"https:\/\/www.huberslandhendl.at\/ro\/despre-noi\/#breadcrumb"},"inLanguage":"ro-RO","potentialAction":[{"@type":"ReadAction","target":["https:\/\/www.huberslandhendl.at\/ro\/despre-noi\/"]}]},{"@type":"BreadcrumbList","@id":"https:\/\/www.huberslandhendl.at\/ro\/despre-noi\/#breadcrumb","itemListElement":[{"@type":"ListItem","position":1,"name":"Startseite","item":"https:\/\/www.huberslandhendl.at\/ro\/"},{"@type":"ListItem","position":2,"name":"Despre noi"}]},{"@type":"WebSite","@id":"https:\/\/www.huberslandhendl.at\/ro\/#website","url":"https:\/\/www.huberslandhendl.at\/ro\/","name":"Hubers Landhendl","description":"","publisher":{"@id":"https:\/\/www.huberslandhendl.at\/ro\/#organization"},"potentialAction":[{"@type":"SearchAction","target":{"@type":"EntryPoint","urlTemplate":"https:\/\/www.huberslandhendl.at\/ro\/?s={search_term_string}"},"query-input":{"@type":"PropertyValueSpecification","valueRequired":true,"valueName":"search_term_string"}}],"inLanguage":"ro-RO"},{"@type":"Organization","@id":"https:\/\/www.huberslandhendl.at\/ro\/#organization","name":"Hubers Landhendl","url":"https:\/\/www.huberslandhendl.at\/ro\/","logo":{"@type":"ImageObject","inLanguage":"ro-RO","@id":"https:\/\/www.huberslandhendl.at\/ro\/#\/schema\/logo\/image\/","url":"https:\/\/www.huberslandhendl.at\/wp-content\/uploads\/2023\/01\/logo-hubers-r.png","contentUrl":"https:\/\/www.huberslandhendl.at\/wp-content\/uploads\/2023\/01\/logo-hubers-r.png","width":793,"height":339,"caption":"Hubers Landhendl"},"image":{"@id":"https:\/\/www.huberslandhendl.at\/ro\/#\/schema\/logo\/image\/"},"sameAs":["https:\/\/www.facebook.com\/huberslandhendl"]}]}},"post_mailing_queue_ids":[],"_links":{"self":[{"href":"https:\/\/www.huberslandhendl.at\/ro\/wp-json\/wp\/v2\/pages\/22992445","targetHints":{"allow":["GET"]}}],"collection":[{"href":"https:\/\/www.huberslandhendl.at\/ro\/wp-json\/wp\/v2\/pages"}],"about":[{"href":"https:\/\/www.huberslandhendl.at\/ro\/wp-json\/wp\/v2\/types\/page"}],"author":[{"embeddable":true,"href":"https:\/\/www.huberslandhendl.at\/ro\/wp-json\/wp\/v2\/users\/1"}],"replies":[{"embeddable":true,"href":"https:\/\/www.huberslandhendl.at\/ro\/wp-json\/wp\/v2\/comments?post=22992445"}],"version-history":[{"count":6,"href":"https:\/\/www.huberslandhendl.at\/ro\/wp-json\/wp\/v2\/pages\/22992445\/revisions"}],"predecessor-version":[{"id":22996532,"href":"https:\/\/www.huberslandhendl.at\/ro\/wp-json\/wp\/v2\/pages\/22992445\/revisions\/22996532"}],"wp:attachment":[{"href":"https:\/\/www.huberslandhendl.at\/ro\/wp-json\/wp\/v2\/media?parent=22992445"}],"wp:term":[{"taxonomy":"dipi_cpt_category","embeddable":true,"href":"https:\/\/www.huberslandhendl.at\/ro\/wp-json\/wp\/v2\/dipi_cpt_category?post=22992445"},{"taxonomy":"difl_page_category","embeddable":true,"href":"https:\/\/www.huberslandhendl.at\/ro\/wp-json\/wp\/v2\/difl_page_category?post=22992445"}],"curies":[{"name":"wp","href":"https:\/\/api.w.org\/{rel}","templated":true}]}}