{"id":22992501,"date":"2023-01-16T15:36:34","date_gmt":"2023-01-16T14:36:34","guid":{"rendered":"http:\/\/hubers-translation.aufwind.co.at\/cariere\/cerere-nesolicitata\/"},"modified":"2026-03-10T13:53:26","modified_gmt":"2026-03-10T12:53:26","slug":"cerere-nesolicitata","status":"publish","type":"page","link":"https:\/\/www.huberslandhendl.at\/ro\/cariere\/cerere-nesolicitata\/","title":{"rendered":"Cerere nesolicitat\u0103"},"content":{"rendered":"\n<div class=\"et_pb_section_0 et_pb_section et_section_regular et_block_section\"><div class=\"et_pb_row_0 et_pb_row et_pb_row_3-4_1-4 et_block_row et_block_row_3-4_1-4\"><div class=\"et_pb_column_0 et_pb_column et_pb_column_3_4 et_block_column et_pb_css_mix_blend_mode_passthrough\"><div class=\"dipi_dual_heading_0 dipi_dual_heading et_pb_bg_layout_light et_pb_module\"><div class=\"dipi-dual-heading \">\n                <h1 class=\"dipi-dh-main\">\n                    <span class=\"dipi-dh-first-heading\">\n                        <span class=\"dipi-dh-animation-container\">\n                            <span class=\"dipi-dh-bg-container\">\n                                <div>Aplicare spontan\u0103<\/div>\n                            <\/span>\n                        <\/span>\n                    <\/span>\n                    <span class=\"dipi-dh-second-heading\">\n                        <span class=\"dipi-dh-animation-container\">\n                            <span class=\"dipi-dh-bg-container\">\n                                <div>Second<\/div>\n                            <\/span>\n                        <\/span>\n                    <\/span>\n                <\/h1>\n            <\/div><\/div><div class=\"et_pb_text_0 et_pb_text et_pb_bg_layout_light et_pb_module et_block_module\"><div class=\"et_pb_text_inner\"><h3>Nu g\u0103si\u021bi un post potrivit printre cele vacante?<\/h3>\n<p>\u00cen cazul \u00een care niciunul dintre posturile oferite nu vi se potrive\u0219te, sunte\u021bi binevenit(\u0103), bine\u00een\u021beles, s\u0103 v\u0103 adresa\u021bi nou\u0103 din proprie ini\u021biativ\u0103. Suntem mereu \u00een c\u0103utare de persoane motivate \u0219i pline de angajament, care doresc s\u0103 se al\u0103ture echipei noastre. Pute\u021bi afla mai multe despre fiecare domeniu \u00een parte mai jos.<\/p>\n<p>Hubers Landhendl este o companie din cadrul grupului Bell Food Group. Pute\u021bi s\u0103 v\u0103 exprima\u021bi cu u\u0219urin\u021b\u0103 disponibilitatea de angajare prin intermediul portalului de cariere Bell Food Group.<\/p>\n<p>Aici ave\u021bi linkul c\u0103tre o <a title=\"Aplicare spontan\u0103 portalului de cariere Bell Food Group\" href=\"https:\/\/career.bellfoodgroup.com\/en\/unsolicited-application\" target=\"_blank\" rel=\"noopener\">cerere nesolicitat\u0103<\/a> prin intermediul portalului de carier\u0103 Bell Food Group.<\/p>\n<\/div><\/div><\/div><div class=\"et_pb_column_1 et_pb_column et_pb_column_1_4 et-last-child et_block_column et_pb_column_empty et_pb_css_mix_blend_mode_passthrough\"><\/div><\/div><\/div>\n","protected":false},"excerpt":{"rendered":"","protected":false},"author":1,"featured_media":0,"parent":22992475,"menu_order":0,"comment_status":"closed","ping_status":"closed","template":"","meta":{"_acf_changed":false,"wprm-recipe-roundup-name":"","wprm-recipe-roundup-description":"","footnotes":""},"dipi_cpt_category":[],"difl_page_category":[],"class_list":["post-22992501","page","type-page","status-publish","hentry"],"acf":[],"yoast_head":"<!-- This site is optimized with the Yoast SEO plugin v27.4 - https:\/\/yoast.com\/product\/yoast-seo-wordpress\/ -->\n<title>Cerere nesolicitat\u0103 - Hubers Landhendl<\/title>\n<meta name=\"robots\" content=\"index, follow, max-snippet:-1, max-image-preview:large, max-video-preview:-1\" \/>\n<link rel=\"canonical\" href=\"https:\/\/www.huberslandhendl.at\/ro\/cariere\/cerere-nesolicitata\/\" \/>\n<meta property=\"og:locale\" content=\"ro_RO\" \/>\n<meta property=\"og:type\" content=\"article\" \/>\n<meta property=\"og:title\" content=\"Cerere nesolicitat\u0103 - Hubers Landhendl\" \/>\n<meta property=\"og:url\" content=\"https:\/\/www.huberslandhendl.at\/ro\/cariere\/cerere-nesolicitata\/\" \/>\n<meta property=\"og:site_name\" content=\"Hubers Landhendl\" \/>\n<meta property=\"article:publisher\" content=\"https:\/\/www.facebook.com\/huberslandhendl\" \/>\n<meta property=\"article:modified_time\" content=\"2026-03-10T12:53:26+00:00\" \/>\n<meta name=\"twitter:card\" content=\"summary_large_image\" \/>\n<meta name=\"twitter:label1\" content=\"Timp estimat pentru citire\" \/>\n\t<meta name=\"twitter:data1\" content=\"3 minute\" \/>\n<script type=\"application\/ld+json\" class=\"yoast-schema-graph\">{\"@context\":\"https:\\\/\\\/schema.org\",\"@graph\":[{\"@type\":\"WebPage\",\"@id\":\"https:\\\/\\\/www.huberslandhendl.at\\\/ro\\\/cariere\\\/cerere-nesolicitata\\\/\",\"url\":\"https:\\\/\\\/www.huberslandhendl.at\\\/ro\\\/cariere\\\/cerere-nesolicitata\\\/\",\"name\":\"Cerere nesolicitat\u0103 - Hubers Landhendl\",\"isPartOf\":{\"@id\":\"https:\\\/\\\/www.huberslandhendl.at\\\/ro\\\/#website\"},\"datePublished\":\"2023-01-16T14:36:34+00:00\",\"dateModified\":\"2026-03-10T12:53:26+00:00\",\"breadcrumb\":{\"@id\":\"https:\\\/\\\/www.huberslandhendl.at\\\/ro\\\/cariere\\\/cerere-nesolicitata\\\/#breadcrumb\"},\"inLanguage\":\"ro-RO\",\"potentialAction\":[{\"@type\":\"ReadAction\",\"target\":[\"https:\\\/\\\/www.huberslandhendl.at\\\/ro\\\/cariere\\\/cerere-nesolicitata\\\/\"]}]},{\"@type\":\"BreadcrumbList\",\"@id\":\"https:\\\/\\\/www.huberslandhendl.at\\\/ro\\\/cariere\\\/cerere-nesolicitata\\\/#breadcrumb\",\"itemListElement\":[{\"@type\":\"ListItem\",\"position\":1,\"name\":\"Startseite\",\"item\":\"https:\\\/\\\/www.huberslandhendl.at\\\/ro\\\/\"},{\"@type\":\"ListItem\",\"position\":2,\"name\":\"Cariere\",\"item\":\"https:\\\/\\\/www.huberslandhendl.at\\\/ro\\\/karriere\\\/\"},{\"@type\":\"ListItem\",\"position\":3,\"name\":\"Cerere nesolicitat\u0103\"}]},{\"@type\":\"WebSite\",\"@id\":\"https:\\\/\\\/www.huberslandhendl.at\\\/ro\\\/#website\",\"url\":\"https:\\\/\\\/www.huberslandhendl.at\\\/ro\\\/\",\"name\":\"Hubers Landhendl\",\"description\":\"\",\"publisher\":{\"@id\":\"https:\\\/\\\/www.huberslandhendl.at\\\/ro\\\/#organization\"},\"potentialAction\":[{\"@type\":\"SearchAction\",\"target\":{\"@type\":\"EntryPoint\",\"urlTemplate\":\"https:\\\/\\\/www.huberslandhendl.at\\\/ro\\\/?s={search_term_string}\"},\"query-input\":{\"@type\":\"PropertyValueSpecification\",\"valueRequired\":true,\"valueName\":\"search_term_string\"}}],\"inLanguage\":\"ro-RO\"},{\"@type\":\"Organization\",\"@id\":\"https:\\\/\\\/www.huberslandhendl.at\\\/ro\\\/#organization\",\"name\":\"Hubers Landhendl\",\"url\":\"https:\\\/\\\/www.huberslandhendl.at\\\/ro\\\/\",\"logo\":{\"@type\":\"ImageObject\",\"inLanguage\":\"ro-RO\",\"@id\":\"https:\\\/\\\/www.huberslandhendl.at\\\/ro\\\/#\\\/schema\\\/logo\\\/image\\\/\",\"url\":\"https:\\\/\\\/www.huberslandhendl.at\\\/wp-content\\\/uploads\\\/2023\\\/01\\\/logo-hubers-r.png\",\"contentUrl\":\"https:\\\/\\\/www.huberslandhendl.at\\\/wp-content\\\/uploads\\\/2023\\\/01\\\/logo-hubers-r.png\",\"width\":793,\"height\":339,\"caption\":\"Hubers Landhendl\"},\"image\":{\"@id\":\"https:\\\/\\\/www.huberslandhendl.at\\\/ro\\\/#\\\/schema\\\/logo\\\/image\\\/\"},\"sameAs\":[\"https:\\\/\\\/www.facebook.com\\\/huberslandhendl\"]}]}<\/script>\n<!-- \/ Yoast SEO plugin. -->","yoast_head_json":{"title":"Cerere nesolicitat\u0103 - Hubers Landhendl","robots":{"index":"index","follow":"follow","max-snippet":"max-snippet:-1","max-image-preview":"max-image-preview:large","max-video-preview":"max-video-preview:-1"},"canonical":"https:\/\/www.huberslandhendl.at\/ro\/cariere\/cerere-nesolicitata\/","og_locale":"ro_RO","og_type":"article","og_title":"Cerere nesolicitat\u0103 - Hubers Landhendl","og_url":"https:\/\/www.huberslandhendl.at\/ro\/cariere\/cerere-nesolicitata\/","og_site_name":"Hubers Landhendl","article_publisher":"https:\/\/www.facebook.com\/huberslandhendl","article_modified_time":"2026-03-10T12:53:26+00:00","twitter_card":"summary_large_image","twitter_misc":{"Timp estimat pentru citire":"3 minute"},"schema":{"@context":"https:\/\/schema.org","@graph":[{"@type":"WebPage","@id":"https:\/\/www.huberslandhendl.at\/ro\/cariere\/cerere-nesolicitata\/","url":"https:\/\/www.huberslandhendl.at\/ro\/cariere\/cerere-nesolicitata\/","name":"Cerere nesolicitat\u0103 - Hubers Landhendl","isPartOf":{"@id":"https:\/\/www.huberslandhendl.at\/ro\/#website"},"datePublished":"2023-01-16T14:36:34+00:00","dateModified":"2026-03-10T12:53:26+00:00","breadcrumb":{"@id":"https:\/\/www.huberslandhendl.at\/ro\/cariere\/cerere-nesolicitata\/#breadcrumb"},"inLanguage":"ro-RO","potentialAction":[{"@type":"ReadAction","target":["https:\/\/www.huberslandhendl.at\/ro\/cariere\/cerere-nesolicitata\/"]}]},{"@type":"BreadcrumbList","@id":"https:\/\/www.huberslandhendl.at\/ro\/cariere\/cerere-nesolicitata\/#breadcrumb","itemListElement":[{"@type":"ListItem","position":1,"name":"Startseite","item":"https:\/\/www.huberslandhendl.at\/ro\/"},{"@type":"ListItem","position":2,"name":"Cariere","item":"https:\/\/www.huberslandhendl.at\/ro\/karriere\/"},{"@type":"ListItem","position":3,"name":"Cerere nesolicitat\u0103"}]},{"@type":"WebSite","@id":"https:\/\/www.huberslandhendl.at\/ro\/#website","url":"https:\/\/www.huberslandhendl.at\/ro\/","name":"Hubers Landhendl","description":"","publisher":{"@id":"https:\/\/www.huberslandhendl.at\/ro\/#organization"},"potentialAction":[{"@type":"SearchAction","target":{"@type":"EntryPoint","urlTemplate":"https:\/\/www.huberslandhendl.at\/ro\/?s={search_term_string}"},"query-input":{"@type":"PropertyValueSpecification","valueRequired":true,"valueName":"search_term_string"}}],"inLanguage":"ro-RO"},{"@type":"Organization","@id":"https:\/\/www.huberslandhendl.at\/ro\/#organization","name":"Hubers Landhendl","url":"https:\/\/www.huberslandhendl.at\/ro\/","logo":{"@type":"ImageObject","inLanguage":"ro-RO","@id":"https:\/\/www.huberslandhendl.at\/ro\/#\/schema\/logo\/image\/","url":"https:\/\/www.huberslandhendl.at\/wp-content\/uploads\/2023\/01\/logo-hubers-r.png","contentUrl":"https:\/\/www.huberslandhendl.at\/wp-content\/uploads\/2023\/01\/logo-hubers-r.png","width":793,"height":339,"caption":"Hubers Landhendl"},"image":{"@id":"https:\/\/www.huberslandhendl.at\/ro\/#\/schema\/logo\/image\/"},"sameAs":["https:\/\/www.facebook.com\/huberslandhendl"]}]}},"post_mailing_queue_ids":[],"_links":{"self":[{"href":"https:\/\/www.huberslandhendl.at\/ro\/wp-json\/wp\/v2\/pages\/22992501","targetHints":{"allow":["GET"]}}],"collection":[{"href":"https:\/\/www.huberslandhendl.at\/ro\/wp-json\/wp\/v2\/pages"}],"about":[{"href":"https:\/\/www.huberslandhendl.at\/ro\/wp-json\/wp\/v2\/types\/page"}],"author":[{"embeddable":true,"href":"https:\/\/www.huberslandhendl.at\/ro\/wp-json\/wp\/v2\/users\/1"}],"replies":[{"embeddable":true,"href":"https:\/\/www.huberslandhendl.at\/ro\/wp-json\/wp\/v2\/comments?post=22992501"}],"version-history":[{"count":10,"href":"https:\/\/www.huberslandhendl.at\/ro\/wp-json\/wp\/v2\/pages\/22992501\/revisions"}],"predecessor-version":[{"id":22996601,"href":"https:\/\/www.huberslandhendl.at\/ro\/wp-json\/wp\/v2\/pages\/22992501\/revisions\/22996601"}],"up":[{"embeddable":true,"href":"https:\/\/www.huberslandhendl.at\/ro\/wp-json\/wp\/v2\/pages\/22992475"}],"wp:attachment":[{"href":"https:\/\/www.huberslandhendl.at\/ro\/wp-json\/wp\/v2\/media?parent=22992501"}],"wp:term":[{"taxonomy":"dipi_cpt_category","embeddable":true,"href":"https:\/\/www.huberslandhendl.at\/ro\/wp-json\/wp\/v2\/dipi_cpt_category?post=22992501"},{"taxonomy":"difl_page_category","embeddable":true,"href":"https:\/\/www.huberslandhendl.at\/ro\/wp-json\/wp\/v2\/difl_page_category?post=22992501"}],"curies":[{"name":"wp","href":"https:\/\/api.w.org\/{rel}","templated":true}]}}