{"id":22992507,"date":"2023-01-09T12:19:56","date_gmt":"2023-01-09T11:19:56","guid":{"rendered":"http:\/\/hubers-translation.aufwind.co.at\/gama-de-produse\/landhendl\/sera\/"},"modified":"2026-03-10T13:52:44","modified_gmt":"2026-03-10T12:52:44","slug":"sera","status":"publish","type":"page","link":"https:\/\/www.huberslandhendl.at\/ro\/gama-de-produse\/landhendl\/sera\/","title":{"rendered":"Ser\u0103"},"content":{"rendered":"\n<div class=\"et_pb_section_0 et_pb_section et_section_regular et_block_section\"><div class=\"et_pb_row_0 et_pb_row et-vb-row--no-module et_block_row et-pb-has-background-video et_pb_preload\"><span class=\"et-pb-background-video\"><video autoplay loop playsinline muted><source type=\"video\/mp4\" src=\"https:\/\/www.huberslandhendl.at\/wp-content\/uploads\/2024\/11\/Hubers_Wolfnhof_Wintergartenhendl.mp4\" \/><\/video><\/span><div class=\"et_pb_column_0 et_pb_column et_pb_column_4_4 et-last-child et_block_column et_pb_column_empty et_pb_css_mix_blend_mode_passthrough\"><\/div><\/div><div class=\"et_pb_row_1 et_pb_row et_pb_row_3-4_1-4 et_block_row et_block_row_3-4_1-4\"><div class=\"et_pb_column_1 et_pb_column et_pb_column_3_4 et_block_column et_pb_css_mix_blend_mode_passthrough\"><div class=\"dipi_dual_heading_0 dipi_dual_heading et_pb_bg_layout_light et_pb_module\"><div class=\"dipi-dual-heading \">\n                <h1 class=\"dipi-dh-main\">\n                    <span class=\"dipi-dh-first-heading\">\n                        <span class=\"dipi-dh-animation-container\">\n                            <span class=\"dipi-dh-bg-container\">\n                                <div>Libertate de mi\u0219care \u00een sera de pui<\/div>\n                            <\/span>\n                        <\/span>\n                    <\/span>\n                    <span class=\"dipi-dh-second-heading\">\n                        <span class=\"dipi-dh-animation-container\">\n                            <span class=\"dipi-dh-bg-container\">\n                                <div>Second<\/div>\n                            <\/span>\n                        <\/span>\n                    <\/span>\n                <\/h1>\n            <\/div><\/div><\/div><div class=\"et_pb_column_2 et_pb_column et_pb_column_1_4 et-last-child et_block_column et_pb_column_empty et_pb_css_mix_blend_mode_passthrough\"><\/div><\/div><div class=\"et_pb_row_2 et_pb_row et_block_row\"><div class=\"et_pb_column_3 et_pb_column et_pb_column_2_5 et_block_column et_pb_css_mix_blend_mode_passthrough\"><div class=\"et_pb_text_0 et_pb_text et_pb_bg_layout_light et_pb_module et_block_module\"><div class=\"et_pb_text_inner\"><p>Modalitatea deosebit de sustenabil\u0103 de cre\u0219tere a p\u0103s\u0103rilor \u00een sere este sprijinit\u0103 \u0219i promovat\u0103 cu generozitate de Hubers Landhendl. Gama de produse se g\u0103se\u0219te deja pe rafturile cu alimente proaspete din Austria \u0219i din Germania, sub m\u0103rci comerciale bine cunoscute.<\/p>\n<p><strong>Fiecare animal are dreptul de a cre\u0219te s\u0103n\u0103tos \u0219i fericit.<\/strong> \u00cen viitor, ne vom consolida \u0219i mai mult <strong>angajamentul fa\u021b\u0103 de rasele de pui cu cre\u0219tere lent\u0103<\/strong>.<\/p>\n<p>Odat\u0103 cu utilizarea unei sere, g\u0103inile se pot bucura de mai mult spa\u021biu, de lumina natural\u0103 a soarelui \u0219i de un aport mai consistent de aer proasp\u0103t. \u00cen plus fa\u021b\u0103 de aceste sisteme de ad\u0103postire prietenoase cu animalele, ace\u0219ti pui crescu\u021bi \u00een sere sunt hr\u0103ni\u021bi exclusiv cu furaje nemodificate genetic. <strong>Pentru o echitate crescut\u0103 fa\u021b\u0103 de animalele noastre.<\/strong><\/p>\n<\/div><\/div><div class=\"et_pb_module et_pb_button_module_wrapper et_pb_button_0_wrapper\"><a class=\"et_pb_button_0 et_pb_button et_pb_bg_layout_light et_animated et_pb_module et_block_module\" href=\"https:\/\/hubers-tierwohl.at\" target=\"_blank\" data-icon=\"5\">Bun\u0103starea animalelor de la Huber<\/a><\/div><\/div><div class=\"et_pb_column_4 et_pb_column et_pb_column_3_5 et-last-child et_block_column et_pb_css_mix_blend_mode_passthrough\"><div class=\"dipi_image_mask_0 dipi_image_mask et_animated et_pb_bg_layout_light et_pb_module\"><div class=\"dipi-image-mask--mask\">\n                <svg width=\"100%\" height=\"100%\"  style=\"overflow:visible\" xmlns=\"http:\/\/www.w3.org\/2000\/svg\" xmlns:xlink=\"http:\/\/www.w3.org\/1999\/xlink\" viewBox=\"0 0 1000 1000\" aria-labelledby=\"alt-text-69f42cb9cbc83\" role=\"img\">\n                    <title id=\"alt-text-69f42cb9cbc83\">Ser\u0103<\/title>\n                    \n                    <style><\/style>\n                    \n                    \n                <g>\n                    \n                    <g>\n                        <defs>\n                            <mask id=\"SHAPE_1-69f42cb9cbc74\" fill=\"#fff\">\n                                <g style=\"transform-origin: center; transform: rotate(0deg) scale(1 , 1)\"> \n                                    <path d=\"M53.5 46.1h441.2v441.2H53.5zm458.7 458.7h441.2V946H512.2zm0-380.3h362.7v362.7H512.2zM131.3 505.4H494v362.7H131.3z\"\/>\n                                <\/g>\n                            <\/mask>\n                        <\/defs>\n                        \n        <g style=\"mask:url(#SHAPE_1-69f42cb9cbc74)\">\n            <image \n                style=\"overflow:visible\" \n                width=100%  \n                href=https:\/\/www.huberslandhendl.at\/wp-content\/uploads\/2023\/02\/intro-hubers-landhendl-wintergarten.jpg\n                transform=\"matrix(1 0 0 1 0 0)\"\n                preserveAspectRatio=\"none\"> \n            <\/image>\n        <\/g>\n                    <\/g>\n                <\/g>\n                    \n                <\/svg>\n            <\/div><\/div><\/div><\/div><div class=\"et_pb_row_3 et_pb_row et_block_row\"><div class=\"et_pb_column_5 et_pb_column et_pb_column_1_3 et_block_column et_pb_css_mix_blend_mode_passthrough\"><div class=\"et_pb_image_0 et_pb_image et_animated et_pb_module et_block_module\"><span class=\"et_pb_image_wrap\"><img loading=\"lazy\" decoding=\"async\" src=\"https:\/\/www.huberslandhendl.at\/wp-content\/uploads\/2023\/03\/logo-hubers-ohne-gen-technik.jpg\" width=\"300\" height=\"300\" srcset=\"https:\/\/www.huberslandhendl.at\/wp-content\/uploads\/2023\/03\/logo-hubers-ohne-gen-technik.jpg 300w, https:\/\/www.huberslandhendl.at\/wp-content\/uploads\/2023\/03\/logo-hubers-ohne-gen-technik-150x150.jpg 150w\" sizes=\"(max-width: 300px) 100vw, 300px\" class=\"wp-image-22988996\" title=\"nemodificate genetic\" \/><\/span><\/div><\/div><div class=\"et_pb_column_6 et_pb_column et_pb_column_1_3 et_block_column et_pb_css_mix_blend_mode_passthrough\"><div class=\"et_pb_image_1 et_pb_image et_animated et_pb_module et_block_module\"><span class=\"et_pb_image_wrap\"><img loading=\"lazy\" decoding=\"async\" src=\"https:\/\/www.huberslandhendl.at\/wp-content\/uploads\/2023\/01\/logo-hubers-ama-gutesiegel.jpg\" width=\"300\" height=\"300\" srcset=\"https:\/\/www.huberslandhendl.at\/wp-content\/uploads\/2023\/01\/logo-hubers-ama-gutesiegel.jpg 300w, https:\/\/www.huberslandhendl.at\/wp-content\/uploads\/2023\/01\/logo-hubers-ama-gutesiegel-150x150.jpg 150w\" sizes=\"(max-width: 300px) 100vw, 300px\" class=\"wp-image-16246842\" title=\"AMA\" \/><\/span><\/div><\/div><div class=\"et_pb_column_7 et_pb_column et_pb_column_1_3 et-last-child et_block_column et_pb_css_mix_blend_mode_passthrough\"><div class=\"et_pb_image_2 et_pb_image et_animated et_pb_module et_block_module\"><span class=\"et_pb_image_wrap\"><img loading=\"lazy\" decoding=\"async\" src=\"https:\/\/www.huberslandhendl.at\/wp-content\/uploads\/2023\/03\/logo-hubers-qs.jpg\" width=\"300\" height=\"300\" srcset=\"https:\/\/www.huberslandhendl.at\/wp-content\/uploads\/2023\/03\/logo-hubers-qs.jpg 300w, https:\/\/www.huberslandhendl.at\/wp-content\/uploads\/2023\/03\/logo-hubers-qs-150x150.jpg 150w\" sizes=\"(max-width: 300px) 100vw, 300px\" class=\"wp-image-22988997\" title=\"QS\" \/><\/span><\/div><\/div><\/div><\/div><div class=\"et_pb_section_1 et_pb_section et_pb_fullwidth_section et_section_regular et_block_section et_pb_section_parallax section_has_divider et_pb_top_divider et_pb_bottom_divider\"><div class=\"et_pb_top_inside_divider et-no-transition\"><\/div><span class=\"et-pb-parallax-wrapper\"><span class=\"et-pb-parallax-background et-pb-parallax-background--css et-pb-parallax-background-module--divi-section-1\" style=\"background-image:url(https:\/\/www.huberslandhendl.at\/wp-content\/uploads\/2023\/02\/paralax-hubers-landhendl-1.jpg)\"><\/span><\/span><div class=\"et_pb_bottom_inside_divider et-no-transition\"><\/div><\/div>\n","protected":false},"excerpt":{"rendered":"","protected":false},"author":1,"featured_media":0,"parent":22992409,"menu_order":0,"comment_status":"closed","ping_status":"closed","template":"","meta":{"_acf_changed":false,"wprm-recipe-roundup-name":"","wprm-recipe-roundup-description":"","footnotes":""},"dipi_cpt_category":[],"difl_page_category":[],"class_list":["post-22992507","page","type-page","status-publish","hentry"],"acf":[],"yoast_head":"<!-- This site is optimized with the Yoast SEO plugin v27.5 - https:\/\/yoast.com\/product\/yoast-seo-wordpress\/ -->\n<title>Ser\u0103 - Hubers Landhendl<\/title>\n<meta name=\"robots\" content=\"index, follow, max-snippet:-1, max-image-preview:large, max-video-preview:-1\" \/>\n<link rel=\"canonical\" href=\"https:\/\/www.huberslandhendl.at\/ro\/gama-de-produse\/landhendl\/sera\/\" \/>\n<meta property=\"og:locale\" content=\"ro_RO\" \/>\n<meta property=\"og:type\" content=\"article\" \/>\n<meta property=\"og:title\" content=\"Ser\u0103 - Hubers Landhendl\" \/>\n<meta property=\"og:url\" content=\"https:\/\/www.huberslandhendl.at\/ro\/gama-de-produse\/landhendl\/sera\/\" \/>\n<meta property=\"og:site_name\" content=\"Hubers Landhendl\" \/>\n<meta property=\"article:publisher\" content=\"https:\/\/www.facebook.com\/huberslandhendl\" \/>\n<meta property=\"article:modified_time\" content=\"2026-03-10T12:52:44+00:00\" \/>\n<meta name=\"twitter:card\" content=\"summary_large_image\" \/>\n<script type=\"application\/ld+json\" class=\"yoast-schema-graph\">{\"@context\":\"https:\\\/\\\/schema.org\",\"@graph\":[{\"@type\":\"WebPage\",\"@id\":\"https:\\\/\\\/www.huberslandhendl.at\\\/ro\\\/gama-de-produse\\\/landhendl\\\/sera\\\/\",\"url\":\"https:\\\/\\\/www.huberslandhendl.at\\\/ro\\\/gama-de-produse\\\/landhendl\\\/sera\\\/\",\"name\":\"Ser\u0103 - Hubers Landhendl\",\"isPartOf\":{\"@id\":\"https:\\\/\\\/www.huberslandhendl.at\\\/ro\\\/#website\"},\"datePublished\":\"2023-01-09T11:19:56+00:00\",\"dateModified\":\"2026-03-10T12:52:44+00:00\",\"breadcrumb\":{\"@id\":\"https:\\\/\\\/www.huberslandhendl.at\\\/ro\\\/gama-de-produse\\\/landhendl\\\/sera\\\/#breadcrumb\"},\"inLanguage\":\"ro-RO\",\"potentialAction\":[{\"@type\":\"ReadAction\",\"target\":[\"https:\\\/\\\/www.huberslandhendl.at\\\/ro\\\/gama-de-produse\\\/landhendl\\\/sera\\\/\"]}]},{\"@type\":\"BreadcrumbList\",\"@id\":\"https:\\\/\\\/www.huberslandhendl.at\\\/ro\\\/gama-de-produse\\\/landhendl\\\/sera\\\/#breadcrumb\",\"itemListElement\":[{\"@type\":\"ListItem\",\"position\":1,\"name\":\"Startseite\",\"item\":\"https:\\\/\\\/www.huberslandhendl.at\\\/ro\\\/\"},{\"@type\":\"ListItem\",\"position\":2,\"name\":\"Gama de produse\",\"item\":\"https:\\\/\\\/www.huberslandhendl.at\\\/ro\\\/sortiment\\\/\"},{\"@type\":\"ListItem\",\"position\":3,\"name\":\"Landhendl\",\"item\":\"https:\\\/\\\/www.huberslandhendl.at\\\/ro\\\/sortiment\\\/landhendl\\\/\"},{\"@type\":\"ListItem\",\"position\":4,\"name\":\"Ser\u0103\"}]},{\"@type\":\"WebSite\",\"@id\":\"https:\\\/\\\/www.huberslandhendl.at\\\/ro\\\/#website\",\"url\":\"https:\\\/\\\/www.huberslandhendl.at\\\/ro\\\/\",\"name\":\"Hubers Landhendl\",\"description\":\"\",\"publisher\":{\"@id\":\"https:\\\/\\\/www.huberslandhendl.at\\\/ro\\\/#organization\"},\"potentialAction\":[{\"@type\":\"SearchAction\",\"target\":{\"@type\":\"EntryPoint\",\"urlTemplate\":\"https:\\\/\\\/www.huberslandhendl.at\\\/ro\\\/?s={search_term_string}\"},\"query-input\":{\"@type\":\"PropertyValueSpecification\",\"valueRequired\":true,\"valueName\":\"search_term_string\"}}],\"inLanguage\":\"ro-RO\"},{\"@type\":\"Organization\",\"@id\":\"https:\\\/\\\/www.huberslandhendl.at\\\/ro\\\/#organization\",\"name\":\"Hubers Landhendl\",\"url\":\"https:\\\/\\\/www.huberslandhendl.at\\\/ro\\\/\",\"logo\":{\"@type\":\"ImageObject\",\"inLanguage\":\"ro-RO\",\"@id\":\"https:\\\/\\\/www.huberslandhendl.at\\\/ro\\\/#\\\/schema\\\/logo\\\/image\\\/\",\"url\":\"https:\\\/\\\/www.huberslandhendl.at\\\/wp-content\\\/uploads\\\/2023\\\/01\\\/logo-hubers-r.png\",\"contentUrl\":\"https:\\\/\\\/www.huberslandhendl.at\\\/wp-content\\\/uploads\\\/2023\\\/01\\\/logo-hubers-r.png\",\"width\":793,\"height\":339,\"caption\":\"Hubers Landhendl\"},\"image\":{\"@id\":\"https:\\\/\\\/www.huberslandhendl.at\\\/ro\\\/#\\\/schema\\\/logo\\\/image\\\/\"},\"sameAs\":[\"https:\\\/\\\/www.facebook.com\\\/huberslandhendl\"]}]}<\/script>\n<!-- \/ Yoast SEO plugin. -->","yoast_head_json":{"title":"Ser\u0103 - Hubers Landhendl","robots":{"index":"index","follow":"follow","max-snippet":"max-snippet:-1","max-image-preview":"max-image-preview:large","max-video-preview":"max-video-preview:-1"},"canonical":"https:\/\/www.huberslandhendl.at\/ro\/gama-de-produse\/landhendl\/sera\/","og_locale":"ro_RO","og_type":"article","og_title":"Ser\u0103 - Hubers Landhendl","og_url":"https:\/\/www.huberslandhendl.at\/ro\/gama-de-produse\/landhendl\/sera\/","og_site_name":"Hubers Landhendl","article_publisher":"https:\/\/www.facebook.com\/huberslandhendl","article_modified_time":"2026-03-10T12:52:44+00:00","twitter_card":"summary_large_image","schema":{"@context":"https:\/\/schema.org","@graph":[{"@type":"WebPage","@id":"https:\/\/www.huberslandhendl.at\/ro\/gama-de-produse\/landhendl\/sera\/","url":"https:\/\/www.huberslandhendl.at\/ro\/gama-de-produse\/landhendl\/sera\/","name":"Ser\u0103 - Hubers Landhendl","isPartOf":{"@id":"https:\/\/www.huberslandhendl.at\/ro\/#website"},"datePublished":"2023-01-09T11:19:56+00:00","dateModified":"2026-03-10T12:52:44+00:00","breadcrumb":{"@id":"https:\/\/www.huberslandhendl.at\/ro\/gama-de-produse\/landhendl\/sera\/#breadcrumb"},"inLanguage":"ro-RO","potentialAction":[{"@type":"ReadAction","target":["https:\/\/www.huberslandhendl.at\/ro\/gama-de-produse\/landhendl\/sera\/"]}]},{"@type":"BreadcrumbList","@id":"https:\/\/www.huberslandhendl.at\/ro\/gama-de-produse\/landhendl\/sera\/#breadcrumb","itemListElement":[{"@type":"ListItem","position":1,"name":"Startseite","item":"https:\/\/www.huberslandhendl.at\/ro\/"},{"@type":"ListItem","position":2,"name":"Gama de produse","item":"https:\/\/www.huberslandhendl.at\/ro\/sortiment\/"},{"@type":"ListItem","position":3,"name":"Landhendl","item":"https:\/\/www.huberslandhendl.at\/ro\/sortiment\/landhendl\/"},{"@type":"ListItem","position":4,"name":"Ser\u0103"}]},{"@type":"WebSite","@id":"https:\/\/www.huberslandhendl.at\/ro\/#website","url":"https:\/\/www.huberslandhendl.at\/ro\/","name":"Hubers Landhendl","description":"","publisher":{"@id":"https:\/\/www.huberslandhendl.at\/ro\/#organization"},"potentialAction":[{"@type":"SearchAction","target":{"@type":"EntryPoint","urlTemplate":"https:\/\/www.huberslandhendl.at\/ro\/?s={search_term_string}"},"query-input":{"@type":"PropertyValueSpecification","valueRequired":true,"valueName":"search_term_string"}}],"inLanguage":"ro-RO"},{"@type":"Organization","@id":"https:\/\/www.huberslandhendl.at\/ro\/#organization","name":"Hubers Landhendl","url":"https:\/\/www.huberslandhendl.at\/ro\/","logo":{"@type":"ImageObject","inLanguage":"ro-RO","@id":"https:\/\/www.huberslandhendl.at\/ro\/#\/schema\/logo\/image\/","url":"https:\/\/www.huberslandhendl.at\/wp-content\/uploads\/2023\/01\/logo-hubers-r.png","contentUrl":"https:\/\/www.huberslandhendl.at\/wp-content\/uploads\/2023\/01\/logo-hubers-r.png","width":793,"height":339,"caption":"Hubers Landhendl"},"image":{"@id":"https:\/\/www.huberslandhendl.at\/ro\/#\/schema\/logo\/image\/"},"sameAs":["https:\/\/www.facebook.com\/huberslandhendl"]}]}},"post_mailing_queue_ids":[],"_links":{"self":[{"href":"https:\/\/www.huberslandhendl.at\/ro\/wp-json\/wp\/v2\/pages\/22992507","targetHints":{"allow":["GET"]}}],"collection":[{"href":"https:\/\/www.huberslandhendl.at\/ro\/wp-json\/wp\/v2\/pages"}],"about":[{"href":"https:\/\/www.huberslandhendl.at\/ro\/wp-json\/wp\/v2\/types\/page"}],"author":[{"embeddable":true,"href":"https:\/\/www.huberslandhendl.at\/ro\/wp-json\/wp\/v2\/users\/1"}],"replies":[{"embeddable":true,"href":"https:\/\/www.huberslandhendl.at\/ro\/wp-json\/wp\/v2\/comments?post=22992507"}],"version-history":[{"count":10,"href":"https:\/\/www.huberslandhendl.at\/ro\/wp-json\/wp\/v2\/pages\/22992507\/revisions"}],"predecessor-version":[{"id":22996568,"href":"https:\/\/www.huberslandhendl.at\/ro\/wp-json\/wp\/v2\/pages\/22992507\/revisions\/22996568"}],"up":[{"embeddable":true,"href":"https:\/\/www.huberslandhendl.at\/ro\/wp-json\/wp\/v2\/pages\/22992409"}],"wp:attachment":[{"href":"https:\/\/www.huberslandhendl.at\/ro\/wp-json\/wp\/v2\/media?parent=22992507"}],"wp:term":[{"taxonomy":"dipi_cpt_category","embeddable":true,"href":"https:\/\/www.huberslandhendl.at\/ro\/wp-json\/wp\/v2\/dipi_cpt_category?post=22992507"},{"taxonomy":"difl_page_category","embeddable":true,"href":"https:\/\/www.huberslandhendl.at\/ro\/wp-json\/wp\/v2\/difl_page_category?post=22992507"}],"curies":[{"name":"wp","href":"https:\/\/api.w.org\/{rel}","templated":true}]}}